{"id":3199,"date":"2020-07-08T15:27:19","date_gmt":"2020-07-08T13:27:19","guid":{"rendered":"http:\/\/www.horse-dental-equipment.com\/produit\/mte-kit-minimal-invasive-transbuccal-extraction-kit\/"},"modified":"2026-04-01T16:14:13","modified_gmt":"2026-04-01T14:14:13","slug":"kit-mte-extraccion-mini-invasiva-transbucal","status":"publish","type":"product","link":"https:\/\/www.horse-dental-equipment.com\/es\/producto\/kit-mte-extraccion-mini-invasiva-transbucal\/","title":{"rendered":"Kit MTE (Extracci\u00f3n Mini-Invasiva Transbucal)"},"content":{"rendered":"<p>La t\u00e9cnica MTE est\u00e1 indicada en los siguientes casos:<\/p>\n<ul>\n<li>Se aplica una fuerza insuficiente a la corona<\/li>\n<li>Malformaci\u00f3n de la corona<\/li>\n<li>Eliminaci\u00f3n de fragmentos de ra\u00edces<\/li>\n<\/ul>\n<p>La tela situada en la caja sirve de filtro y proporciona un cierre higi\u00e9nico de la caja.<br \/>\nDebe controlarse regularmente que no est\u00e9 sucia y cambiarse a m\u00e1s tardar despu\u00e9s de 1000 procesos de esterilizaci\u00f3n.<\/p>\n<p>Componentes del Kit MTE:<\/p>\n<ol>\n<li>Trocar largo afilado<\/li>\n<li>Trocar largo romo<\/li>\n<li>Funda de trocar larga<\/li>\n<li>Trocar corto afilado<\/li>\n<li>Trocar corto romo<\/li>\n<li>Funda de trocar corta<\/li>\n<li>Chisel dentario - offset<\/li>\n<li>Dental chisel - simple<\/li>\n<li>Mango corto<\/li>\n<li>Luxador<\/li>\n<li>Lazo<\/li>\n<li>Cureta afilada<\/li>\n<li>Mango de perforaci\u00f3n<\/li>\n<li>Perforadora<\/li>\n<li>Toque roscado<\/li>\n<li>Tornillo de extracci\u00f3n<\/li>\n<li>Martillo<\/li>\n<li>F\u00f3rceps para Fragmentos de ra\u00edces<\/li>\n<li>Caja autoclavable<\/li>\n<\/ol>","protected":false},"excerpt":{"rendered":"<p>The MTE-technique is indicated in following cases: Force applicable to the crown is insufficient Malformation of the crown Removal of roots fragments The canvas situated in the box serves as a filter and does provide hygienic closure of the box. It should be regularly controlled that it is not dirty and changed latest after 1000 [&hellip;]<\/p>\n","protected":false},"featured_media":10940,"comment_status":"closed","ping_status":"closed","template":"","meta":{"_acf_changed":false},"product_brand":[],"product_cat":[15,121,122],"product_tag":[],"class_list":{"0":"post-3199","1":"product","2":"type-product","3":"status-publish","4":"has-post-thumbnail","6":"product_cat-pegasos","7":"product_cat-pegasos-extraction-kit","8":"product_cat-mte-kit","10":"first","11":"instock","12":"purchasable","13":"product-type-simple"},"acf":[],"yoast_head":"<!-- This site is optimized with the Yoast SEO plugin v27.3 - https:\/\/yoast.com\/product\/yoast-seo-wordpress\/ -->\n<title>MTE KIT (Minimal invasive Transbuccal Extraction Kit) - Horse Dental Equipment<\/title>\n<meta name=\"description\" content=\"The MTE-technique is indicated in following cases: Force applicable to the crown is insufficient \/ Malformation of the crown \/ Removal of roots fragments\" \/>\n<meta name=\"robots\" content=\"index, follow, max-snippet:-1, max-image-preview:large, max-video-preview:-1\" \/>\n<link rel=\"canonical\" href=\"https:\/\/www.horse-dental-equipment.com\/es\/producto\/kit-mte-extraccion-mini-invasiva-transbucal\/\" \/>\n<meta property=\"og:locale\" content=\"es_ES\" \/>\n<meta property=\"og:type\" content=\"article\" \/>\n<meta property=\"og:title\" content=\"MTE KIT (Minimal invasive Transbuccal Extraction Kit) - Horse Dental Equipment\" \/>\n<meta property=\"og:description\" content=\"The MTE-technique is indicated in following cases: Force applicable to the crown is insufficient \/ Malformation of the crown \/ Removal of roots fragments\" \/>\n<meta property=\"og:url\" content=\"https:\/\/www.horse-dental-equipment.com\/es\/producto\/kit-mte-extraccion-mini-invasiva-transbucal\/\" \/>\n<meta property=\"og:site_name\" content=\"Horse Dental Equipment\" \/>\n<meta property=\"article:modified_time\" content=\"2026-04-01T14:14:13+00:00\" \/>\n<meta property=\"og:image\" content=\"https:\/\/www.horse-dental-equipment.com\/wp-content\/uploads\/2020\/07\/PEGA_322000-3.jpg\" \/>\n\t<meta property=\"og:image:width\" content=\"800\" \/>\n\t<meta property=\"og:image:height\" content=\"619\" \/>\n\t<meta property=\"og:image:type\" content=\"image\/jpeg\" \/>\n<meta name=\"twitter:card\" content=\"summary_large_image\" \/>\n<meta name=\"twitter:label1\" content=\"Tiempo de lectura\" \/>\n\t<meta name=\"twitter:data1\" content=\"1 minuto\" \/>\n<script type=\"application\/ld+json\" class=\"yoast-schema-graph\">{\"@context\":\"https:\\\/\\\/schema.org\",\"@graph\":[{\"@type\":\"WebPage\",\"@id\":\"https:\\\/\\\/www.horse-dental-equipment.com\\\/product\\\/mte-kit-minimal-invasive-transbuccal-extraction-kit\\\/\",\"url\":\"https:\\\/\\\/www.horse-dental-equipment.com\\\/product\\\/mte-kit-minimal-invasive-transbuccal-extraction-kit\\\/\",\"name\":\"MTE KIT (Minimal invasive Transbuccal Extraction Kit) - Horse Dental Equipment\",\"isPartOf\":{\"@id\":\"https:\\\/\\\/www.horse-dental-equipment.com\\\/#website\"},\"primaryImageOfPage\":{\"@id\":\"https:\\\/\\\/www.horse-dental-equipment.com\\\/product\\\/mte-kit-minimal-invasive-transbuccal-extraction-kit\\\/#primaryimage\"},\"image\":{\"@id\":\"https:\\\/\\\/www.horse-dental-equipment.com\\\/product\\\/mte-kit-minimal-invasive-transbuccal-extraction-kit\\\/#primaryimage\"},\"thumbnailUrl\":\"https:\\\/\\\/www.horse-dental-equipment.com\\\/wp-content\\\/uploads\\\/2020\\\/07\\\/PEGA_322000-3.jpg\",\"datePublished\":\"2020-07-08T13:27:19+00:00\",\"dateModified\":\"2026-04-01T14:14:13+00:00\",\"description\":\"The MTE-technique is indicated in following cases: Force applicable to the crown is insufficient \\\/ Malformation of the crown \\\/ Removal of roots fragments\",\"breadcrumb\":{\"@id\":\"https:\\\/\\\/www.horse-dental-equipment.com\\\/product\\\/mte-kit-minimal-invasive-transbuccal-extraction-kit\\\/#breadcrumb\"},\"inLanguage\":\"es\",\"potentialAction\":[{\"@type\":\"ReadAction\",\"target\":[\"https:\\\/\\\/www.horse-dental-equipment.com\\\/product\\\/mte-kit-minimal-invasive-transbuccal-extraction-kit\\\/\"]}]},{\"@type\":\"ImageObject\",\"inLanguage\":\"es\",\"@id\":\"https:\\\/\\\/www.horse-dental-equipment.com\\\/product\\\/mte-kit-minimal-invasive-transbuccal-extraction-kit\\\/#primaryimage\",\"url\":\"https:\\\/\\\/www.horse-dental-equipment.com\\\/wp-content\\\/uploads\\\/2020\\\/07\\\/PEGA_322000-3.jpg\",\"contentUrl\":\"https:\\\/\\\/www.horse-dental-equipment.com\\\/wp-content\\\/uploads\\\/2020\\\/07\\\/PEGA_322000-3.jpg\",\"width\":800,\"height\":619,\"caption\":\"MTE Kit (Minimal Invasive Transbuccal Extraction Kit)\"},{\"@type\":\"BreadcrumbList\",\"@id\":\"https:\\\/\\\/www.horse-dental-equipment.com\\\/product\\\/mte-kit-minimal-invasive-transbuccal-extraction-kit\\\/#breadcrumb\",\"itemListElement\":[{\"@type\":\"ListItem\",\"position\":1,\"name\":\"Home\",\"item\":\"https:\\\/\\\/www.horse-dental-equipment.com\\\/\"},{\"@type\":\"ListItem\",\"position\":2,\"name\":\"Products\",\"item\":\"https:\\\/\\\/www.horse-dental-equipment.com\\\/fr\\\/produits\\\/\"},{\"@type\":\"ListItem\",\"position\":3,\"name\":\"MTE KIT (Minimal invasive Transbuccal Extraction Kit)\"}]},{\"@type\":\"WebSite\",\"@id\":\"https:\\\/\\\/www.horse-dental-equipment.com\\\/#website\",\"url\":\"https:\\\/\\\/www.horse-dental-equipment.com\\\/\",\"name\":\"Horse Dental Equipment\",\"description\":\"Your partner to develop your equine dentistry business\",\"potentialAction\":[{\"@type\":\"SearchAction\",\"target\":{\"@type\":\"EntryPoint\",\"urlTemplate\":\"https:\\\/\\\/www.horse-dental-equipment.com\\\/?s={search_term_string}\"},\"query-input\":{\"@type\":\"PropertyValueSpecification\",\"valueRequired\":true,\"valueName\":\"search_term_string\"}}],\"inLanguage\":\"es\"}]}<\/script>\n<!-- \/ Yoast SEO plugin. -->","yoast_head_json":{"title":"Kit MTE (Extracci\u00f3n Mini-Invasiva Transbucal) - Horse Dental Equipment","description":"La t\u00e9cnica esta indicada en los siguientes casos:\n - Se aplica una fuerza insuficiente a la corona\n - Malformacion de la corona\n - Eliminacion de fragmentos de raices","robots":{"index":"index","follow":"follow","max-snippet":"max-snippet:-1","max-image-preview":"max-image-preview:large","max-video-preview":"max-video-preview:-1"},"canonical":"https:\/\/www.horse-dental-equipment.com\/es\/producto\/kit-mte-extraccion-mini-invasiva-transbucal\/","og_locale":"es_ES","og_type":"article","og_title":"MTE KIT (Minimal invasive Transbuccal Extraction Kit) - Horse Dental Equipment","og_description":"The MTE-technique is indicated in following cases: Force applicable to the crown is insufficient \/ Malformation of the crown \/ Removal of roots fragments","og_url":"https:\/\/www.horse-dental-equipment.com\/es\/producto\/kit-mte-extraccion-mini-invasiva-transbucal\/","og_site_name":"Horse Dental Equipment","article_modified_time":"2026-04-01T14:14:13+00:00","og_image":[{"width":800,"height":619,"url":"https:\/\/www.horse-dental-equipment.com\/wp-content\/uploads\/2020\/07\/PEGA_322000-3.jpg","type":"image\/jpeg"}],"twitter_card":"summary_large_image","twitter_misc":{"Tiempo de lectura":"1 minuto"},"schema":{"@context":"https:\/\/schema.org","@graph":[{"@type":"WebPage","@id":"https:\/\/www.horse-dental-equipment.com\/product\/mte-kit-minimal-invasive-transbuccal-extraction-kit\/","url":"https:\/\/www.horse-dental-equipment.com\/product\/mte-kit-minimal-invasive-transbuccal-extraction-kit\/","name":"Kit MTE (Extracci\u00f3n Mini-Invasiva Transbucal) - Horse Dental Equipment","isPartOf":{"@id":"https:\/\/www.horse-dental-equipment.com\/#website"},"primaryImageOfPage":{"@id":"https:\/\/www.horse-dental-equipment.com\/product\/mte-kit-minimal-invasive-transbuccal-extraction-kit\/#primaryimage"},"image":{"@id":"https:\/\/www.horse-dental-equipment.com\/product\/mte-kit-minimal-invasive-transbuccal-extraction-kit\/#primaryimage"},"thumbnailUrl":"https:\/\/www.horse-dental-equipment.com\/wp-content\/uploads\/2020\/07\/PEGA_322000-3.jpg","datePublished":"2020-07-08T13:27:19+00:00","dateModified":"2026-04-01T14:14:13+00:00","description":"La t\u00e9cnica esta indicada en los siguientes casos:\n - Se aplica una fuerza insuficiente a la corona\n - Malformacion de la corona\n - Eliminacion de fragmentos de raices","breadcrumb":{"@id":"https:\/\/www.horse-dental-equipment.com\/product\/mte-kit-minimal-invasive-transbuccal-extraction-kit\/#breadcrumb"},"inLanguage":"es","potentialAction":[{"@type":"ReadAction","target":["https:\/\/www.horse-dental-equipment.com\/product\/mte-kit-minimal-invasive-transbuccal-extraction-kit\/"]}]},{"@type":"ImageObject","inLanguage":"es","@id":"https:\/\/www.horse-dental-equipment.com\/product\/mte-kit-minimal-invasive-transbuccal-extraction-kit\/#primaryimage","url":"https:\/\/www.horse-dental-equipment.com\/wp-content\/uploads\/2020\/07\/PEGA_322000-3.jpg","contentUrl":"https:\/\/www.horse-dental-equipment.com\/wp-content\/uploads\/2020\/07\/PEGA_322000-3.jpg","width":800,"height":619,"caption":"MTE Kit (Minimal Invasive Transbuccal Extraction Kit)"},{"@type":"BreadcrumbList","@id":"https:\/\/www.horse-dental-equipment.com\/product\/mte-kit-minimal-invasive-transbuccal-extraction-kit\/#breadcrumb","itemListElement":[{"@type":"ListItem","position":1,"name":"Home","item":"https:\/\/www.horse-dental-equipment.com\/"},{"@type":"ListItem","position":2,"name":"Products","item":"https:\/\/www.horse-dental-equipment.com\/fr\/produits\/"},{"@type":"ListItem","position":3,"name":"MTE KIT (Minimal invasive Transbuccal Extraction Kit)"}]},{"@type":"WebSite","@id":"https:\/\/www.horse-dental-equipment.com\/#website","url":"https:\/\/www.horse-dental-equipment.com\/","name":"Horse Dental Equipment","description":"Your partner to develop your equine dentistry business","potentialAction":[{"@type":"SearchAction","target":{"@type":"EntryPoint","urlTemplate":"https:\/\/www.horse-dental-equipment.com\/?s={search_term_string}"},"query-input":{"@type":"PropertyValueSpecification","valueRequired":true,"valueName":"search_term_string"}}],"inLanguage":"es"}]}},"_links":{"self":[{"href":"https:\/\/www.horse-dental-equipment.com\/es\/wp-json\/wp\/v2\/product\/3199","targetHints":{"allow":["GET"]}}],"collection":[{"href":"https:\/\/www.horse-dental-equipment.com\/es\/wp-json\/wp\/v2\/product"}],"about":[{"href":"https:\/\/www.horse-dental-equipment.com\/es\/wp-json\/wp\/v2\/types\/product"}],"replies":[{"embeddable":true,"href":"https:\/\/www.horse-dental-equipment.com\/es\/wp-json\/wp\/v2\/comments?post=3199"}],"wp:featuredmedia":[{"embeddable":true,"href":"https:\/\/www.horse-dental-equipment.com\/es\/wp-json\/wp\/v2\/media\/10940"}],"wp:attachment":[{"href":"https:\/\/www.horse-dental-equipment.com\/es\/wp-json\/wp\/v2\/media?parent=3199"}],"wp:term":[{"taxonomy":"product_brand","embeddable":true,"href":"https:\/\/www.horse-dental-equipment.com\/es\/wp-json\/wp\/v2\/product_brand?post=3199"},{"taxonomy":"product_cat","embeddable":true,"href":"https:\/\/www.horse-dental-equipment.com\/es\/wp-json\/wp\/v2\/product_cat?post=3199"},{"taxonomy":"product_tag","embeddable":true,"href":"https:\/\/www.horse-dental-equipment.com\/es\/wp-json\/wp\/v2\/product_tag?post=3199"}],"curies":[{"name":"wp","href":"https:\/\/api.w.org\/{rel}","templated":true}]}}