{"id":3196,"date":"2020-07-08T15:27:19","date_gmt":"2020-07-08T13:27:19","guid":{"rendered":"http:\/\/www.horse-dental-equipment.com\/produit\/equodent-angled-handpiece-model-michael-nowak-with-watercooling\/"},"modified":"2025-06-30T10:41:15","modified_gmt":"2025-06-30T08:41:15","slug":"modelo-equodent-michael-nowak-cabezal-90-watercooling-2","status":"publish","type":"product","link":"https:\/\/www.horse-dental-equipment.com\/es\/producto\/modelo-equodent-michael-nowak-cabezal-90-watercooling-2\/","title":{"rendered":"Modelo Equodent Michael Nowak cabezal de 90\u00b0 - Watercooling"},"content":{"rendered":"<p>El Equodent \"Michael Nowak\" con cabezal IC 300 (90\u00b0, 3,175) fue desarrollada para las siguientes aplicaciones:<\/p>\n<ul>\n<li>Trabajo diastema<\/li>\n<li>Segmentaci\u00f3n de los dientes de las mejillas<\/li>\n<li>Remodelaci\u00f3n de la corona dentaria para mejorar el agarre de las pinzas de extracci\u00f3n<\/li>\n<li>Perforaci\u00f3n previa durante la extracci\u00f3n transbucal m\u00ednimamente invasiva<\/li>\n<\/ul>\n<p>El cojinete del eje est\u00e1 engrasado, lo que lo hace \u201cimpermeable\u201d y funciona silenciosamente, sin vibraciones.<\/p>\n<p>Tiene un suministro de agua externo que permite la refrigeraci\u00f3n por agua durante la perforaci\u00f3n. Esto es necesario porque las temperaturas de las rebabas (de diamante o de tungsteno) pueden elevarse y da\u00f1ar el diente.<\/p>\n<p>La fresa es disponible para HDE y Key Drive Shaft.<\/p>\n<p>El Equodent \"Michael Nowak\" con cabezal IC 300 (90\u00b0, 3,175) se entrega con 2 fresas de diamante, un tubo de grasa y herramientas de desmontaje (soporte de husillo multifuncional con llave especial). Viene con el clip de agua de 10 mm para la fresa de diastema y la fresa de carburo m\u00e1s corta (las dos de 38 mm).<\/p>\n<p>Adem\u00e1s, hay 2 clips de agua disponibles que se pueden pedir por separado:<\/p>\n<ul>\n<li>El clip de agua de 20 mm est\u00e1 desarrollado para la fresa de carburo de 51 mm<\/li>\n<li>El clip de agua de 35 mm est\u00e1 desarrollado para las fresas de carburo de 64 mm y 77 mm<\/li>\n<\/ul>\n<p>Como extensi\u00f3n proponemos el cabezal KC 300 (50\u00b0, 3,175) con 2 clips de agua correspondientes - 15 mm y 35 mm. Es \u00fatil para el trabajo en los \u00faltimos 2 molares.<\/p>\n<p><iframe title=\"vimeo-player\" src=\"https:\/\/player.vimeo.com\/video\/970711944?h=05bb979e95\" width=\"640\" height=\"360\" frameborder=\"0\" allowfullscreen=\"allowfullscreen\"><\/iframe><\/p>\n<p>Equodent Angled Handpiece Model Michael Nowak &#8211; Dr Frank Schellenberger<\/p>","protected":false},"excerpt":{"rendered":"<p>The Equodent Angled Handpiece &#8220;Michael Nowak&#8221; with IC 300 (90\u00b0, 3.175 collett) was developed for the following applications: Diastema work Cheek tooth segmentation Tooth crown remodeling to improve the grip of the extraction forceps Pre-drilling during Minimally Invasive Transbuccal Extraction The shaft bearing is greased which makes it &#8220;waterproof&#8221; and running quiet, without vibrations. It [&hellip;]<\/p>\n","protected":false},"featured_media":4342,"comment_status":"closed","ping_status":"closed","template":"","meta":{"_acf_changed":false},"product_brand":[],"product_cat":[114,15,113],"product_tag":[],"class_list":{"0":"post-3196","1":"product","2":"type-product","3":"status-publish","4":"has-post-thumbnail","6":"product_cat-equodent-angled-handpiece","7":"product_cat-pegasos","8":"product_cat-pegasos-power-equipment","10":"first","11":"instock","12":"purchasable","13":"product-type-simple"},"acf":[],"yoast_head":"<!-- This site is optimized with the Yoast SEO plugin v27.4 - https:\/\/yoast.com\/product\/yoast-seo-wordpress\/ -->\n<title>Equodent model Michael Nowak 90\u00b0 head - Watercooling - Horse Dental Equipment<\/title>\n<meta name=\"description\" content=\"The Equodent Angled Handpiece &quot;Michael Nowak&quot; with IC 300 (90\u00b0, 3.175 collett) was developed for the following applications: Diastema work...\" \/>\n<meta name=\"robots\" content=\"index, follow, max-snippet:-1, max-image-preview:large, max-video-preview:-1\" \/>\n<link rel=\"canonical\" href=\"https:\/\/www.horse-dental-equipment.com\/es\/producto\/modelo-equodent-michael-nowak-cabezal-90-watercooling-2\/\" \/>\n<meta property=\"og:locale\" content=\"es_ES\" \/>\n<meta property=\"og:type\" content=\"article\" \/>\n<meta property=\"og:title\" content=\"Equodent model Michael Nowak 90\u00b0 head - Watercooling - Horse Dental Equipment\" \/>\n<meta property=\"og:description\" content=\"The Equodent Angled Handpiece &quot;Michael Nowak&quot; with IC 300 (90\u00b0, 3.175 collett) was developed for the following applications: Diastema work...\" \/>\n<meta property=\"og:url\" content=\"https:\/\/www.horse-dental-equipment.com\/es\/producto\/modelo-equodent-michael-nowak-cabezal-90-watercooling-2\/\" \/>\n<meta property=\"og:site_name\" content=\"Horse Dental Equipment\" \/>\n<meta property=\"article:modified_time\" content=\"2025-06-30T08:41:15+00:00\" \/>\n<meta property=\"og:image\" content=\"https:\/\/www.horse-dental-equipment.com\/wp-content\/uploads\/2020\/07\/PEGA_221001.jpg\" \/>\n\t<meta property=\"og:image:width\" content=\"800\" \/>\n\t<meta property=\"og:image:height\" content=\"619\" \/>\n\t<meta property=\"og:image:type\" content=\"image\/jpeg\" \/>\n<meta name=\"twitter:card\" content=\"summary_large_image\" \/>\n<meta name=\"twitter:label1\" content=\"Tiempo de lectura\" \/>\n\t<meta name=\"twitter:data1\" content=\"2 minutos\" \/>\n<script type=\"application\/ld+json\" class=\"yoast-schema-graph\">{\"@context\":\"https:\\\/\\\/schema.org\",\"@graph\":[{\"@type\":\"WebPage\",\"@id\":\"https:\\\/\\\/www.horse-dental-equipment.com\\\/es\\\/producto\\\/modelo-equodent-michael-nowak-cabezal-90-watercooling-2\\\/\",\"url\":\"https:\\\/\\\/www.horse-dental-equipment.com\\\/es\\\/producto\\\/modelo-equodent-michael-nowak-cabezal-90-watercooling-2\\\/\",\"name\":\"Equodent model Michael Nowak 90\u00b0 head - Watercooling - Horse Dental Equipment\",\"isPartOf\":{\"@id\":\"https:\\\/\\\/www.horse-dental-equipment.com\\\/#website\"},\"primaryImageOfPage\":{\"@id\":\"https:\\\/\\\/www.horse-dental-equipment.com\\\/es\\\/producto\\\/modelo-equodent-michael-nowak-cabezal-90-watercooling-2\\\/#primaryimage\"},\"image\":{\"@id\":\"https:\\\/\\\/www.horse-dental-equipment.com\\\/es\\\/producto\\\/modelo-equodent-michael-nowak-cabezal-90-watercooling-2\\\/#primaryimage\"},\"thumbnailUrl\":\"https:\\\/\\\/www.horse-dental-equipment.com\\\/wp-content\\\/uploads\\\/2020\\\/07\\\/PEGA_221001.jpg\",\"datePublished\":\"2020-07-08T13:27:19+00:00\",\"dateModified\":\"2025-06-30T08:41:15+00:00\",\"description\":\"The Equodent Angled Handpiece \\\"Michael Nowak\\\" with IC 300 (90\u00b0, 3.175 collett) was developed for the following applications: Diastema work...\",\"breadcrumb\":{\"@id\":\"https:\\\/\\\/www.horse-dental-equipment.com\\\/es\\\/producto\\\/modelo-equodent-michael-nowak-cabezal-90-watercooling-2\\\/#breadcrumb\"},\"inLanguage\":\"es\",\"potentialAction\":[{\"@type\":\"ReadAction\",\"target\":[\"https:\\\/\\\/www.horse-dental-equipment.com\\\/es\\\/producto\\\/modelo-equodent-michael-nowak-cabezal-90-watercooling-2\\\/\"]}]},{\"@type\":\"ImageObject\",\"inLanguage\":\"es\",\"@id\":\"https:\\\/\\\/www.horse-dental-equipment.com\\\/es\\\/producto\\\/modelo-equodent-michael-nowak-cabezal-90-watercooling-2\\\/#primaryimage\",\"url\":\"https:\\\/\\\/www.horse-dental-equipment.com\\\/wp-content\\\/uploads\\\/2020\\\/07\\\/PEGA_221001.jpg\",\"contentUrl\":\"https:\\\/\\\/www.horse-dental-equipment.com\\\/wp-content\\\/uploads\\\/2020\\\/07\\\/PEGA_221001.jpg\",\"width\":800,\"height\":619,\"caption\":\"Equodent Model Michael Nowak 90\u00b0 Head - Watercooling\"},{\"@type\":\"BreadcrumbList\",\"@id\":\"https:\\\/\\\/www.horse-dental-equipment.com\\\/es\\\/producto\\\/modelo-equodent-michael-nowak-cabezal-90-watercooling-2\\\/#breadcrumb\",\"itemListElement\":[{\"@type\":\"ListItem\",\"position\":1,\"name\":\"Home\",\"item\":\"https:\\\/\\\/www.horse-dental-equipment.com\\\/\"},{\"@type\":\"ListItem\",\"position\":2,\"name\":\"Products\",\"item\":\"https:\\\/\\\/www.horse-dental-equipment.com\\\/fr\\\/produits\\\/\"},{\"@type\":\"ListItem\",\"position\":3,\"name\":\"Equodent model Michael Nowak 90\u00b0 head &#8211; Watercooling\"}]},{\"@type\":\"WebSite\",\"@id\":\"https:\\\/\\\/www.horse-dental-equipment.com\\\/#website\",\"url\":\"https:\\\/\\\/www.horse-dental-equipment.com\\\/\",\"name\":\"Horse Dental Equipment\",\"description\":\"Your partner to develop your equine dentistry business\",\"potentialAction\":[{\"@type\":\"SearchAction\",\"target\":{\"@type\":\"EntryPoint\",\"urlTemplate\":\"https:\\\/\\\/www.horse-dental-equipment.com\\\/?s={search_term_string}\"},\"query-input\":{\"@type\":\"PropertyValueSpecification\",\"valueRequired\":true,\"valueName\":\"search_term_string\"}}],\"inLanguage\":\"es\"}]}<\/script>\n<!-- \/ Yoast SEO plugin. -->","yoast_head_json":{"title":"Modelo Equodent Michael Nowak Cabezal de 90\u00b0 - Watercooling - Horse Dental Equipment","description":"El Equodent \"Michael Nowak\" con cabezal IC 300 (90\u00b0, 3,175) fue desarrollada para las siguientes aplicaciones:\n - Trabajo diastema\n - Segmentacion de los dientes de las mejillas\n - Remodelacion de la corona dentaria para mejorar el agarre de las pinzas de extraccion\n - Perforacion previa durante la extraccion transbucal minimamente invasiva","robots":{"index":"index","follow":"follow","max-snippet":"max-snippet:-1","max-image-preview":"max-image-preview:large","max-video-preview":"max-video-preview:-1"},"canonical":"https:\/\/www.horse-dental-equipment.com\/es\/producto\/modelo-equodent-michael-nowak-cabezal-90-watercooling-2\/","og_locale":"es_ES","og_type":"article","og_title":"Equodent model Michael Nowak 90\u00b0 head - Watercooling - Horse Dental Equipment","og_description":"The Equodent Angled Handpiece \"Michael Nowak\" with IC 300 (90\u00b0, 3.175 collett) was developed for the following applications: Diastema work...","og_url":"https:\/\/www.horse-dental-equipment.com\/es\/producto\/modelo-equodent-michael-nowak-cabezal-90-watercooling-2\/","og_site_name":"Horse Dental Equipment","article_modified_time":"2025-06-30T08:41:15+00:00","og_image":[{"width":800,"height":619,"url":"https:\/\/www.horse-dental-equipment.com\/wp-content\/uploads\/2020\/07\/PEGA_221001.jpg","type":"image\/jpeg"}],"twitter_card":"summary_large_image","twitter_misc":{"Tiempo de lectura":"2 minutos"},"schema":{"@context":"https:\/\/schema.org","@graph":[{"@type":"WebPage","@id":"https:\/\/www.horse-dental-equipment.com\/es\/producto\/modelo-equodent-michael-nowak-cabezal-90-watercooling-2\/","url":"https:\/\/www.horse-dental-equipment.com\/es\/producto\/modelo-equodent-michael-nowak-cabezal-90-watercooling-2\/","name":"Modelo Equodent Michael Nowak Cabezal de 90\u00b0 - Watercooling - Horse Dental Equipment","isPartOf":{"@id":"https:\/\/www.horse-dental-equipment.com\/#website"},"primaryImageOfPage":{"@id":"https:\/\/www.horse-dental-equipment.com\/es\/producto\/modelo-equodent-michael-nowak-cabezal-90-watercooling-2\/#primaryimage"},"image":{"@id":"https:\/\/www.horse-dental-equipment.com\/es\/producto\/modelo-equodent-michael-nowak-cabezal-90-watercooling-2\/#primaryimage"},"thumbnailUrl":"https:\/\/www.horse-dental-equipment.com\/wp-content\/uploads\/2020\/07\/PEGA_221001.jpg","datePublished":"2020-07-08T13:27:19+00:00","dateModified":"2025-06-30T08:41:15+00:00","description":"El Equodent \"Michael Nowak\" con cabezal IC 300 (90\u00b0, 3,175) fue desarrollada para las siguientes aplicaciones:\n - Trabajo diastema\n - Segmentacion de los dientes de las mejillas\n - Remodelacion de la corona dentaria para mejorar el agarre de las pinzas de extraccion\n - Perforacion previa durante la extraccion transbucal minimamente invasiva","breadcrumb":{"@id":"https:\/\/www.horse-dental-equipment.com\/es\/producto\/modelo-equodent-michael-nowak-cabezal-90-watercooling-2\/#breadcrumb"},"inLanguage":"es","potentialAction":[{"@type":"ReadAction","target":["https:\/\/www.horse-dental-equipment.com\/es\/producto\/modelo-equodent-michael-nowak-cabezal-90-watercooling-2\/"]}]},{"@type":"ImageObject","inLanguage":"es","@id":"https:\/\/www.horse-dental-equipment.com\/es\/producto\/modelo-equodent-michael-nowak-cabezal-90-watercooling-2\/#primaryimage","url":"https:\/\/www.horse-dental-equipment.com\/wp-content\/uploads\/2020\/07\/PEGA_221001.jpg","contentUrl":"https:\/\/www.horse-dental-equipment.com\/wp-content\/uploads\/2020\/07\/PEGA_221001.jpg","width":800,"height":619,"caption":"Equodent Model Michael Nowak 90\u00b0 Head - Watercooling"},{"@type":"BreadcrumbList","@id":"https:\/\/www.horse-dental-equipment.com\/es\/producto\/modelo-equodent-michael-nowak-cabezal-90-watercooling-2\/#breadcrumb","itemListElement":[{"@type":"ListItem","position":1,"name":"Home","item":"https:\/\/www.horse-dental-equipment.com\/"},{"@type":"ListItem","position":2,"name":"Products","item":"https:\/\/www.horse-dental-equipment.com\/fr\/produits\/"},{"@type":"ListItem","position":3,"name":"Equodent model Michael Nowak 90\u00b0 head &#8211; Watercooling"}]},{"@type":"WebSite","@id":"https:\/\/www.horse-dental-equipment.com\/#website","url":"https:\/\/www.horse-dental-equipment.com\/","name":"Horse Dental Equipment","description":"Your partner to develop your equine dentistry business","potentialAction":[{"@type":"SearchAction","target":{"@type":"EntryPoint","urlTemplate":"https:\/\/www.horse-dental-equipment.com\/?s={search_term_string}"},"query-input":{"@type":"PropertyValueSpecification","valueRequired":true,"valueName":"search_term_string"}}],"inLanguage":"es"}]}},"_links":{"self":[{"href":"https:\/\/www.horse-dental-equipment.com\/es\/wp-json\/wp\/v2\/product\/3196","targetHints":{"allow":["GET"]}}],"collection":[{"href":"https:\/\/www.horse-dental-equipment.com\/es\/wp-json\/wp\/v2\/product"}],"about":[{"href":"https:\/\/www.horse-dental-equipment.com\/es\/wp-json\/wp\/v2\/types\/product"}],"replies":[{"embeddable":true,"href":"https:\/\/www.horse-dental-equipment.com\/es\/wp-json\/wp\/v2\/comments?post=3196"}],"wp:featuredmedia":[{"embeddable":true,"href":"https:\/\/www.horse-dental-equipment.com\/es\/wp-json\/wp\/v2\/media\/4342"}],"wp:attachment":[{"href":"https:\/\/www.horse-dental-equipment.com\/es\/wp-json\/wp\/v2\/media?parent=3196"}],"wp:term":[{"taxonomy":"product_brand","embeddable":true,"href":"https:\/\/www.horse-dental-equipment.com\/es\/wp-json\/wp\/v2\/product_brand?post=3196"},{"taxonomy":"product_cat","embeddable":true,"href":"https:\/\/www.horse-dental-equipment.com\/es\/wp-json\/wp\/v2\/product_cat?post=3196"},{"taxonomy":"product_tag","embeddable":true,"href":"https:\/\/www.horse-dental-equipment.com\/es\/wp-json\/wp\/v2\/product_tag?post=3196"}],"curies":[{"name":"wp","href":"https:\/\/api.w.org\/{rel}","templated":true}]}}