{"id":3129,"date":"2020-07-08T15:27:07","date_gmt":"2020-07-08T13:27:07","guid":{"rendered":"http:\/\/www.horse-dental-equipment.com\/produit\/1-60m-quickflex-drive-shaft-watercooling\/"},"modified":"2025-09-30T10:38:01","modified_gmt":"2025-09-30T08:38:01","slug":"flexible-quickflex-watercooling-1-60-m","status":"publish","type":"product","link":"https:\/\/www.horse-dental-equipment.com\/es\/producto\/flexible-quickflex-watercooling-1-60-m\/","title":{"rendered":"Flexible Quickflex Watercooling - 1,60 m"},"content":{"rendered":"<p>La opci\u00f3n Watercooling est\u00e1 concebida para reducir el calentamiento cuando se trabaja en crecimientos excesivos, as\u00ed como para minimizar el polvo de dentina.<br \/>\nElija entre 1 m, 1,20 m, 1,60 m.<\/p>","protected":false},"excerpt":{"rendered":"<p>La opci\u00e1n Watercooling esta concebida para reducir el calentamiento cuando se trabaja en crecimientos excesivos, asi como para minimizar el polvo de dentina.\nElija entre 1 m, 1,20 m, 1,60 m.<\/p>","protected":false},"featured_media":4599,"comment_status":"closed","ping_status":"closed","template":"","meta":{"_acf_changed":false},"product_brand":[],"product_cat":[81,86],"product_tag":[],"class_list":{"0":"post-3129","1":"product","2":"type-product","3":"status-publish","4":"has-post-thumbnail","6":"product_cat-individual-motorized-instruments","7":"product_cat-watercooling","9":"first","10":"instock","11":"purchasable","12":"product-type-simple"},"acf":[],"yoast_head":"<!-- This site is optimized with the Yoast SEO plugin v27.4 - https:\/\/yoast.com\/product\/yoast-seo-wordpress\/ -->\n<title>1.60 m - Quickflex Drive Shaft Watercooling - Horse Dental Equipment<\/title>\n<meta name=\"description\" content=\"Watercooling option is conceived to reduce heating when working on overgrowths as well as minimizing dentine dust. Choose either from 1 m, 1.20 m or 1.60 m.\" \/>\n<meta name=\"robots\" content=\"index, follow, max-snippet:-1, max-image-preview:large, max-video-preview:-1\" \/>\n<link rel=\"canonical\" href=\"https:\/\/www.horse-dental-equipment.com\/es\/producto\/flexible-quickflex-watercooling-1-60-m\/\" \/>\n<meta property=\"og:locale\" content=\"es_ES\" \/>\n<meta property=\"og:type\" content=\"article\" \/>\n<meta property=\"og:title\" content=\"1.60 m - Quickflex Drive Shaft Watercooling - Horse Dental Equipment\" \/>\n<meta property=\"og:description\" content=\"Watercooling option is conceived to reduce heating when working on overgrowths as well as minimizing dentine dust. Choose either from 1 m, 1.20 m or 1.60 m.\" \/>\n<meta property=\"og:url\" content=\"https:\/\/www.horse-dental-equipment.com\/es\/producto\/flexible-quickflex-watercooling-1-60-m\/\" \/>\n<meta property=\"og:site_name\" content=\"Horse Dental Equipment\" \/>\n<meta property=\"article:modified_time\" content=\"2025-09-30T08:38:01+00:00\" \/>\n<meta property=\"og:image\" content=\"https:\/\/www.horse-dental-equipment.com\/wp-content\/uploads\/2020\/07\/FLEX_R160SQEIR.png\" \/>\n\t<meta property=\"og:image:width\" content=\"800\" \/>\n\t<meta property=\"og:image:height\" content=\"619\" \/>\n\t<meta property=\"og:image:type\" content=\"image\/png\" \/>\n<meta name=\"twitter:card\" content=\"summary_large_image\" \/>\n<meta name=\"twitter:label1\" content=\"Tiempo de lectura\" \/>\n\t<meta name=\"twitter:data1\" content=\"1 minuto\" \/>\n<script type=\"application\/ld+json\" class=\"yoast-schema-graph\">{\"@context\":\"https:\\\/\\\/schema.org\",\"@graph\":[{\"@type\":\"WebPage\",\"@id\":\"https:\\\/\\\/www.horse-dental-equipment.com\\\/product\\\/1-60-m-quickflex-drive-shaft-watercooling\\\/\",\"url\":\"https:\\\/\\\/www.horse-dental-equipment.com\\\/product\\\/1-60-m-quickflex-drive-shaft-watercooling\\\/\",\"name\":\"1.60 m - Quickflex Drive Shaft Watercooling - Horse Dental Equipment\",\"isPartOf\":{\"@id\":\"https:\\\/\\\/www.horse-dental-equipment.com\\\/#website\"},\"primaryImageOfPage\":{\"@id\":\"https:\\\/\\\/www.horse-dental-equipment.com\\\/product\\\/1-60-m-quickflex-drive-shaft-watercooling\\\/#primaryimage\"},\"image\":{\"@id\":\"https:\\\/\\\/www.horse-dental-equipment.com\\\/product\\\/1-60-m-quickflex-drive-shaft-watercooling\\\/#primaryimage\"},\"thumbnailUrl\":\"https:\\\/\\\/www.horse-dental-equipment.com\\\/wp-content\\\/uploads\\\/2020\\\/07\\\/FLEX_R160SQEIR.png\",\"datePublished\":\"2020-07-08T13:27:07+00:00\",\"dateModified\":\"2025-09-30T08:38:01+00:00\",\"description\":\"Watercooling option is conceived to reduce heating when working on overgrowths as well as minimizing dentine dust. Choose either from 1 m, 1.20 m or 1.60 m.\",\"breadcrumb\":{\"@id\":\"https:\\\/\\\/www.horse-dental-equipment.com\\\/product\\\/1-60-m-quickflex-drive-shaft-watercooling\\\/#breadcrumb\"},\"inLanguage\":\"es\",\"potentialAction\":[{\"@type\":\"ReadAction\",\"target\":[\"https:\\\/\\\/www.horse-dental-equipment.com\\\/product\\\/1-60-m-quickflex-drive-shaft-watercooling\\\/\"]}]},{\"@type\":\"ImageObject\",\"inLanguage\":\"es\",\"@id\":\"https:\\\/\\\/www.horse-dental-equipment.com\\\/product\\\/1-60-m-quickflex-drive-shaft-watercooling\\\/#primaryimage\",\"url\":\"https:\\\/\\\/www.horse-dental-equipment.com\\\/wp-content\\\/uploads\\\/2020\\\/07\\\/FLEX_R160SQEIR.png\",\"contentUrl\":\"https:\\\/\\\/www.horse-dental-equipment.com\\\/wp-content\\\/uploads\\\/2020\\\/07\\\/FLEX_R160SQEIR.png\",\"width\":800,\"height\":619,\"caption\":\"Quickflex Drive Shaft Watercooling\"},{\"@type\":\"BreadcrumbList\",\"@id\":\"https:\\\/\\\/www.horse-dental-equipment.com\\\/product\\\/1-60-m-quickflex-drive-shaft-watercooling\\\/#breadcrumb\",\"itemListElement\":[{\"@type\":\"ListItem\",\"position\":1,\"name\":\"Home\",\"item\":\"https:\\\/\\\/www.horse-dental-equipment.com\\\/\"},{\"@type\":\"ListItem\",\"position\":2,\"name\":\"Products\",\"item\":\"https:\\\/\\\/www.horse-dental-equipment.com\\\/fr\\\/produits\\\/\"},{\"@type\":\"ListItem\",\"position\":3,\"name\":\"1.60 m &#8211; Quickflex Drive Shaft Watercooling\"}]},{\"@type\":\"WebSite\",\"@id\":\"https:\\\/\\\/www.horse-dental-equipment.com\\\/#website\",\"url\":\"https:\\\/\\\/www.horse-dental-equipment.com\\\/\",\"name\":\"Horse Dental Equipment\",\"description\":\"Your partner to develop your equine dentistry business\",\"potentialAction\":[{\"@type\":\"SearchAction\",\"target\":{\"@type\":\"EntryPoint\",\"urlTemplate\":\"https:\\\/\\\/www.horse-dental-equipment.com\\\/?s={search_term_string}\"},\"query-input\":{\"@type\":\"PropertyValueSpecification\",\"valueRequired\":true,\"valueName\":\"search_term_string\"}}],\"inLanguage\":\"es\"}]}<\/script>\n<!-- \/ Yoast SEO plugin. -->","yoast_head_json":{"title":"Flexible Quickflex Watercooling - 1,60 m - Horse Dental Equipment","description":"La opci\u00e1n Watercooling esta concebida para reducir el calentamiento cuando se trabaja en crecimientos excesivos, asi como para minimizar el polvo de dentina.\nElija entre 1 m, 1,20 m, 1,60 m.","robots":{"index":"index","follow":"follow","max-snippet":"max-snippet:-1","max-image-preview":"max-image-preview:large","max-video-preview":"max-video-preview:-1"},"canonical":"https:\/\/www.horse-dental-equipment.com\/es\/producto\/flexible-quickflex-watercooling-1-60-m\/","og_locale":"es_ES","og_type":"article","og_title":"1.60 m - Quickflex Drive Shaft Watercooling - Horse Dental Equipment","og_description":"Watercooling option is conceived to reduce heating when working on overgrowths as well as minimizing dentine dust. Choose either from 1 m, 1.20 m or 1.60 m.","og_url":"https:\/\/www.horse-dental-equipment.com\/es\/producto\/flexible-quickflex-watercooling-1-60-m\/","og_site_name":"Horse Dental Equipment","article_modified_time":"2025-09-30T08:38:01+00:00","og_image":[{"width":800,"height":619,"url":"https:\/\/www.horse-dental-equipment.com\/wp-content\/uploads\/2020\/07\/FLEX_R160SQEIR.png","type":"image\/png"}],"twitter_card":"summary_large_image","twitter_misc":{"Tiempo de lectura":"1 minuto"},"schema":{"@context":"https:\/\/schema.org","@graph":[{"@type":"WebPage","@id":"https:\/\/www.horse-dental-equipment.com\/product\/1-60-m-quickflex-drive-shaft-watercooling\/","url":"https:\/\/www.horse-dental-equipment.com\/product\/1-60-m-quickflex-drive-shaft-watercooling\/","name":"Flexible Quickflex Watercooling - 1,60 m - Horse Dental Equipment","isPartOf":{"@id":"https:\/\/www.horse-dental-equipment.com\/#website"},"primaryImageOfPage":{"@id":"https:\/\/www.horse-dental-equipment.com\/product\/1-60-m-quickflex-drive-shaft-watercooling\/#primaryimage"},"image":{"@id":"https:\/\/www.horse-dental-equipment.com\/product\/1-60-m-quickflex-drive-shaft-watercooling\/#primaryimage"},"thumbnailUrl":"https:\/\/www.horse-dental-equipment.com\/wp-content\/uploads\/2020\/07\/FLEX_R160SQEIR.png","datePublished":"2020-07-08T13:27:07+00:00","dateModified":"2025-09-30T08:38:01+00:00","description":"La opci\u00e1n Watercooling esta concebida para reducir el calentamiento cuando se trabaja en crecimientos excesivos, asi como para minimizar el polvo de dentina.\nElija entre 1 m, 1,20 m, 1,60 m.","breadcrumb":{"@id":"https:\/\/www.horse-dental-equipment.com\/product\/1-60-m-quickflex-drive-shaft-watercooling\/#breadcrumb"},"inLanguage":"es","potentialAction":[{"@type":"ReadAction","target":["https:\/\/www.horse-dental-equipment.com\/product\/1-60-m-quickflex-drive-shaft-watercooling\/"]}]},{"@type":"ImageObject","inLanguage":"es","@id":"https:\/\/www.horse-dental-equipment.com\/product\/1-60-m-quickflex-drive-shaft-watercooling\/#primaryimage","url":"https:\/\/www.horse-dental-equipment.com\/wp-content\/uploads\/2020\/07\/FLEX_R160SQEIR.png","contentUrl":"https:\/\/www.horse-dental-equipment.com\/wp-content\/uploads\/2020\/07\/FLEX_R160SQEIR.png","width":800,"height":619,"caption":"Quickflex Drive Shaft Watercooling"},{"@type":"BreadcrumbList","@id":"https:\/\/www.horse-dental-equipment.com\/product\/1-60-m-quickflex-drive-shaft-watercooling\/#breadcrumb","itemListElement":[{"@type":"ListItem","position":1,"name":"Home","item":"https:\/\/www.horse-dental-equipment.com\/"},{"@type":"ListItem","position":2,"name":"Products","item":"https:\/\/www.horse-dental-equipment.com\/fr\/produits\/"},{"@type":"ListItem","position":3,"name":"1.60 m &#8211; Quickflex Drive Shaft Watercooling"}]},{"@type":"WebSite","@id":"https:\/\/www.horse-dental-equipment.com\/#website","url":"https:\/\/www.horse-dental-equipment.com\/","name":"Horse Dental Equipment","description":"Your partner to develop your equine dentistry business","potentialAction":[{"@type":"SearchAction","target":{"@type":"EntryPoint","urlTemplate":"https:\/\/www.horse-dental-equipment.com\/?s={search_term_string}"},"query-input":{"@type":"PropertyValueSpecification","valueRequired":true,"valueName":"search_term_string"}}],"inLanguage":"es"}]}},"_links":{"self":[{"href":"https:\/\/www.horse-dental-equipment.com\/es\/wp-json\/wp\/v2\/product\/3129","targetHints":{"allow":["GET"]}}],"collection":[{"href":"https:\/\/www.horse-dental-equipment.com\/es\/wp-json\/wp\/v2\/product"}],"about":[{"href":"https:\/\/www.horse-dental-equipment.com\/es\/wp-json\/wp\/v2\/types\/product"}],"replies":[{"embeddable":true,"href":"https:\/\/www.horse-dental-equipment.com\/es\/wp-json\/wp\/v2\/comments?post=3129"}],"wp:featuredmedia":[{"embeddable":true,"href":"https:\/\/www.horse-dental-equipment.com\/es\/wp-json\/wp\/v2\/media\/4599"}],"wp:attachment":[{"href":"https:\/\/www.horse-dental-equipment.com\/es\/wp-json\/wp\/v2\/media?parent=3129"}],"wp:term":[{"taxonomy":"product_brand","embeddable":true,"href":"https:\/\/www.horse-dental-equipment.com\/es\/wp-json\/wp\/v2\/product_brand?post=3129"},{"taxonomy":"product_cat","embeddable":true,"href":"https:\/\/www.horse-dental-equipment.com\/es\/wp-json\/wp\/v2\/product_cat?post=3129"},{"taxonomy":"product_tag","embeddable":true,"href":"https:\/\/www.horse-dental-equipment.com\/es\/wp-json\/wp\/v2\/product_tag?post=3129"}],"curies":[{"name":"wp","href":"https:\/\/api.w.org\/{rel}","templated":true}]}}