{"id":3105,"date":"2020-07-08T15:27:04","date_gmt":"2020-07-08T13:27:04","guid":{"rendered":"http:\/\/www.horse-dental-equipment.com\/produit\/trolley-instrument-case\/"},"modified":"2025-07-08T10:06:22","modified_gmt":"2025-07-08T08:06:22","slug":"maletin-trolley","status":"publish","type":"product","link":"https:\/\/www.horse-dental-equipment.com\/es\/producto\/maletin-trolley\/","title":{"rendered":"Malet\u00edn Trolley"},"content":{"rendered":"<p>El malet\u00edn Trolley ofrece un espacio espec\u00edfico dedicado para cada pieza del equipo.<br \/>\nAlta resistencia a los impactos, aprobado para los viajes en avi\u00f3n.<br \/>\n\u2022 Dimensiones interiores: L 52,1 x A 28,7 x A 19,1 cm<br \/>\n\u2022 Dimensiones exteriores: L 55,9 x A 35,6 x A 22,9 cm<br \/>\n\u2022 Placa de base para fresas disponible en opci\u00f3n<\/p>","protected":false},"excerpt":{"rendered":"<p>The Trolley instrument case offers specific space dedicated for each piece of equipment. High shock resistance, approved for airline travel. \u2022 Inner dimensions: L 52.1 x W 28.7 x H 19.1 cm \u2022 Outer dimensions: L 55.9 x W 35.6 x H 22.9 cm \u2022 Base plate for handpieces available as an option<\/p>","protected":false},"featured_media":4544,"comment_status":"closed","ping_status":"closed","template":"","meta":{"_acf_changed":false},"product_brand":[],"product_cat":[81,103],"product_tag":[],"class_list":{"0":"post-3105","1":"product","2":"type-product","3":"status-publish","4":"has-post-thumbnail","6":"product_cat-individual-motorized-instruments","7":"product_cat-storage","9":"first","10":"instock","11":"purchasable","12":"product-type-simple"},"acf":[],"yoast_head":"<!-- This site is optimized with the Yoast SEO plugin v27.4 - https:\/\/yoast.com\/product\/yoast-seo-wordpress\/ -->\n<title>Trolley Instrument Case - Horse Dental Equipment<\/title>\n<meta name=\"description\" content=\"The Trolley instrument case offers specific space dedicated for each piece of equipment. High shock resistance, approved for airline travel.\" \/>\n<meta name=\"robots\" content=\"index, follow, max-snippet:-1, max-image-preview:large, max-video-preview:-1\" \/>\n<link rel=\"canonical\" href=\"https:\/\/www.horse-dental-equipment.com\/es\/producto\/maletin-trolley\/\" \/>\n<meta property=\"og:locale\" content=\"es_ES\" \/>\n<meta property=\"og:type\" content=\"article\" \/>\n<meta property=\"og:title\" content=\"Trolley Instrument Case - Horse Dental Equipment\" \/>\n<meta property=\"og:description\" content=\"The Trolley instrument case offers specific space dedicated for each piece of equipment. High shock resistance, approved for airline travel.\" \/>\n<meta property=\"og:url\" content=\"https:\/\/www.horse-dental-equipment.com\/es\/producto\/maletin-trolley\/\" \/>\n<meta property=\"og:site_name\" content=\"Horse Dental Equipment\" \/>\n<meta property=\"article:modified_time\" content=\"2025-07-08T08:06:22+00:00\" \/>\n<meta property=\"og:image\" content=\"https:\/\/www.horse-dental-equipment.com\/wp-content\/uploads\/2020\/07\/RAN_MT.png\" \/>\n\t<meta property=\"og:image:width\" content=\"800\" \/>\n\t<meta property=\"og:image:height\" content=\"619\" \/>\n\t<meta property=\"og:image:type\" content=\"image\/png\" \/>\n<meta name=\"twitter:card\" content=\"summary_large_image\" \/>\n<meta name=\"twitter:label1\" content=\"Tiempo de lectura\" \/>\n\t<meta name=\"twitter:data1\" content=\"1 minuto\" \/>\n<script type=\"application\/ld+json\" class=\"yoast-schema-graph\">{\"@context\":\"https:\\\/\\\/schema.org\",\"@graph\":[{\"@type\":\"WebPage\",\"@id\":\"https:\\\/\\\/www.horse-dental-equipment.com\\\/product\\\/trolley-instrument-case\\\/\",\"url\":\"https:\\\/\\\/www.horse-dental-equipment.com\\\/product\\\/trolley-instrument-case\\\/\",\"name\":\"Trolley Instrument Case - Horse Dental Equipment\",\"isPartOf\":{\"@id\":\"https:\\\/\\\/www.horse-dental-equipment.com\\\/#website\"},\"primaryImageOfPage\":{\"@id\":\"https:\\\/\\\/www.horse-dental-equipment.com\\\/product\\\/trolley-instrument-case\\\/#primaryimage\"},\"image\":{\"@id\":\"https:\\\/\\\/www.horse-dental-equipment.com\\\/product\\\/trolley-instrument-case\\\/#primaryimage\"},\"thumbnailUrl\":\"https:\\\/\\\/www.horse-dental-equipment.com\\\/wp-content\\\/uploads\\\/2020\\\/07\\\/RAN_MT.png\",\"datePublished\":\"2020-07-08T13:27:04+00:00\",\"dateModified\":\"2025-07-08T08:06:22+00:00\",\"description\":\"The Trolley instrument case offers specific space dedicated for each piece of equipment. High shock resistance, approved for airline travel.\",\"breadcrumb\":{\"@id\":\"https:\\\/\\\/www.horse-dental-equipment.com\\\/product\\\/trolley-instrument-case\\\/#breadcrumb\"},\"inLanguage\":\"es\",\"potentialAction\":[{\"@type\":\"ReadAction\",\"target\":[\"https:\\\/\\\/www.horse-dental-equipment.com\\\/product\\\/trolley-instrument-case\\\/\"]}]},{\"@type\":\"ImageObject\",\"inLanguage\":\"es\",\"@id\":\"https:\\\/\\\/www.horse-dental-equipment.com\\\/product\\\/trolley-instrument-case\\\/#primaryimage\",\"url\":\"https:\\\/\\\/www.horse-dental-equipment.com\\\/wp-content\\\/uploads\\\/2020\\\/07\\\/RAN_MT.png\",\"contentUrl\":\"https:\\\/\\\/www.horse-dental-equipment.com\\\/wp-content\\\/uploads\\\/2020\\\/07\\\/RAN_MT.png\",\"width\":800,\"height\":619,\"caption\":\"Trolley Instrument Case\"},{\"@type\":\"BreadcrumbList\",\"@id\":\"https:\\\/\\\/www.horse-dental-equipment.com\\\/product\\\/trolley-instrument-case\\\/#breadcrumb\",\"itemListElement\":[{\"@type\":\"ListItem\",\"position\":1,\"name\":\"Home\",\"item\":\"https:\\\/\\\/www.horse-dental-equipment.com\\\/\"},{\"@type\":\"ListItem\",\"position\":2,\"name\":\"Products\",\"item\":\"https:\\\/\\\/www.horse-dental-equipment.com\\\/fr\\\/produits\\\/\"},{\"@type\":\"ListItem\",\"position\":3,\"name\":\"Trolley Instrument Case\"}]},{\"@type\":\"WebSite\",\"@id\":\"https:\\\/\\\/www.horse-dental-equipment.com\\\/#website\",\"url\":\"https:\\\/\\\/www.horse-dental-equipment.com\\\/\",\"name\":\"Horse Dental Equipment\",\"description\":\"Your partner to develop your equine dentistry business\",\"potentialAction\":[{\"@type\":\"SearchAction\",\"target\":{\"@type\":\"EntryPoint\",\"urlTemplate\":\"https:\\\/\\\/www.horse-dental-equipment.com\\\/?s={search_term_string}\"},\"query-input\":{\"@type\":\"PropertyValueSpecification\",\"valueRequired\":true,\"valueName\":\"search_term_string\"}}],\"inLanguage\":\"es\"}]}<\/script>\n<!-- \/ Yoast SEO plugin. -->","yoast_head_json":{"title":"Malet\u00edn Trolley - Horse Dental Equipment","description":"El maletin Trolley ofrece un espacio dedicado para cada pieza del equipo.\nAlta resistencia a los impactos, aprobado para los viajes en avion.\n - Dimensiones interiores: L 52,1 x A 28,7 x A 19,1 cm\n - Dimensiones exteriores: L 55,9 x A 35,6 x A 22,9 cm\n - Placa de base para fresas disponible en opcion","robots":{"index":"index","follow":"follow","max-snippet":"max-snippet:-1","max-image-preview":"max-image-preview:large","max-video-preview":"max-video-preview:-1"},"canonical":"https:\/\/www.horse-dental-equipment.com\/es\/producto\/maletin-trolley\/","og_locale":"es_ES","og_type":"article","og_title":"Trolley Instrument Case - Horse Dental Equipment","og_description":"The Trolley instrument case offers specific space dedicated for each piece of equipment. High shock resistance, approved for airline travel.","og_url":"https:\/\/www.horse-dental-equipment.com\/es\/producto\/maletin-trolley\/","og_site_name":"Horse Dental Equipment","article_modified_time":"2025-07-08T08:06:22+00:00","og_image":[{"width":800,"height":619,"url":"https:\/\/www.horse-dental-equipment.com\/wp-content\/uploads\/2020\/07\/RAN_MT.png","type":"image\/png"}],"twitter_card":"summary_large_image","twitter_misc":{"Tiempo de lectura":"1 minuto"},"schema":{"@context":"https:\/\/schema.org","@graph":[{"@type":"WebPage","@id":"https:\/\/www.horse-dental-equipment.com\/product\/trolley-instrument-case\/","url":"https:\/\/www.horse-dental-equipment.com\/product\/trolley-instrument-case\/","name":"Malet\u00edn Trolley - Horse Dental Equipment","isPartOf":{"@id":"https:\/\/www.horse-dental-equipment.com\/#website"},"primaryImageOfPage":{"@id":"https:\/\/www.horse-dental-equipment.com\/product\/trolley-instrument-case\/#primaryimage"},"image":{"@id":"https:\/\/www.horse-dental-equipment.com\/product\/trolley-instrument-case\/#primaryimage"},"thumbnailUrl":"https:\/\/www.horse-dental-equipment.com\/wp-content\/uploads\/2020\/07\/RAN_MT.png","datePublished":"2020-07-08T13:27:04+00:00","dateModified":"2025-07-08T08:06:22+00:00","description":"El maletin Trolley ofrece un espacio dedicado para cada pieza del equipo.\nAlta resistencia a los impactos, aprobado para los viajes en avion.\n - Dimensiones interiores: L 52,1 x A 28,7 x A 19,1 cm\n - Dimensiones exteriores: L 55,9 x A 35,6 x A 22,9 cm\n - Placa de base para fresas disponible en opcion","breadcrumb":{"@id":"https:\/\/www.horse-dental-equipment.com\/product\/trolley-instrument-case\/#breadcrumb"},"inLanguage":"es","potentialAction":[{"@type":"ReadAction","target":["https:\/\/www.horse-dental-equipment.com\/product\/trolley-instrument-case\/"]}]},{"@type":"ImageObject","inLanguage":"es","@id":"https:\/\/www.horse-dental-equipment.com\/product\/trolley-instrument-case\/#primaryimage","url":"https:\/\/www.horse-dental-equipment.com\/wp-content\/uploads\/2020\/07\/RAN_MT.png","contentUrl":"https:\/\/www.horse-dental-equipment.com\/wp-content\/uploads\/2020\/07\/RAN_MT.png","width":800,"height":619,"caption":"Trolley Instrument Case"},{"@type":"BreadcrumbList","@id":"https:\/\/www.horse-dental-equipment.com\/product\/trolley-instrument-case\/#breadcrumb","itemListElement":[{"@type":"ListItem","position":1,"name":"Home","item":"https:\/\/www.horse-dental-equipment.com\/"},{"@type":"ListItem","position":2,"name":"Products","item":"https:\/\/www.horse-dental-equipment.com\/fr\/produits\/"},{"@type":"ListItem","position":3,"name":"Trolley Instrument Case"}]},{"@type":"WebSite","@id":"https:\/\/www.horse-dental-equipment.com\/#website","url":"https:\/\/www.horse-dental-equipment.com\/","name":"Horse Dental Equipment","description":"Your partner to develop your equine dentistry business","potentialAction":[{"@type":"SearchAction","target":{"@type":"EntryPoint","urlTemplate":"https:\/\/www.horse-dental-equipment.com\/?s={search_term_string}"},"query-input":{"@type":"PropertyValueSpecification","valueRequired":true,"valueName":"search_term_string"}}],"inLanguage":"es"}]}},"_links":{"self":[{"href":"https:\/\/www.horse-dental-equipment.com\/es\/wp-json\/wp\/v2\/product\/3105","targetHints":{"allow":["GET"]}}],"collection":[{"href":"https:\/\/www.horse-dental-equipment.com\/es\/wp-json\/wp\/v2\/product"}],"about":[{"href":"https:\/\/www.horse-dental-equipment.com\/es\/wp-json\/wp\/v2\/types\/product"}],"replies":[{"embeddable":true,"href":"https:\/\/www.horse-dental-equipment.com\/es\/wp-json\/wp\/v2\/comments?post=3105"}],"wp:featuredmedia":[{"embeddable":true,"href":"https:\/\/www.horse-dental-equipment.com\/es\/wp-json\/wp\/v2\/media\/4544"}],"wp:attachment":[{"href":"https:\/\/www.horse-dental-equipment.com\/es\/wp-json\/wp\/v2\/media?parent=3105"}],"wp:term":[{"taxonomy":"product_brand","embeddable":true,"href":"https:\/\/www.horse-dental-equipment.com\/es\/wp-json\/wp\/v2\/product_brand?post=3105"},{"taxonomy":"product_cat","embeddable":true,"href":"https:\/\/www.horse-dental-equipment.com\/es\/wp-json\/wp\/v2\/product_cat?post=3105"},{"taxonomy":"product_tag","embeddable":true,"href":"https:\/\/www.horse-dental-equipment.com\/es\/wp-json\/wp\/v2\/product_tag?post=3105"}],"curies":[{"name":"wp","href":"https:\/\/api.w.org\/{rel}","templated":true}]}}