{"id":3055,"date":"2020-07-08T15:26:58","date_gmt":"2020-07-08T13:26:58","guid":{"rendered":"http:\/\/www.horse-dental-equipment.com\/produit\/t-handle-rostral-caudal-dental-pick\/"},"modified":"2025-06-30T10:14:55","modified_gmt":"2025-06-30T08:14:55","slug":"pico-dentario-t-con-mango-inoxidable","status":"publish","type":"product","link":"https:\/\/www.horse-dental-equipment.com\/es\/producto\/pico-dentario-t-con-mango-inoxidable\/","title":{"rendered":"Pico Dentario T con Mango Inoxidable"},"content":{"rendered":"<p>Permite un mejor agarre y m\u00e1s fuerza para girarlo.<br \/>\nLa empu\u00f1adura sirve como una marca visual y t\u00e1ctil que le indicar\u00e1 la posici\u00f3n exacta del pico dentro de la boca del caballo.<br \/>\nDesinfecci\u00f3n f\u00e1cil.<br \/>\nCalidad inox, muy resistente.<\/p>\n<p>\u2022 Longitud del pico: 46,5 cm<br \/>\u2022 Altura del pico: 4 cm<br \/>\u2022 Anchura de la empu\u00f1adura: 8 cm<br \/>\nModelo T: STO_PICTPI<br \/>\nModelo L: STO_PICLPI<\/p>","protected":false},"excerpt":{"rendered":"<p>Better handling, more strength to use and turn this dental pick. Useful for preparing a molar extraction by removing the gum around the tooth. Easy to disinfect. Made from stainless steel quality, very resistant. Choose either from: \u2022 Dental pick rostral &amp; caudal: STO_PICTPI \u2022 Dental pick vestibular &amp; lingual: STO_PICLPI<\/p>","protected":false},"featured_media":4667,"comment_status":"closed","ping_status":"closed","template":"","meta":{"_acf_changed":false},"product_brand":[],"product_cat":[100,79],"product_tag":[],"class_list":{"0":"post-3055","1":"product","2":"type-product","3":"status-publish","4":"has-post-thumbnail","6":"product_cat-molars-extraction","7":"product_cat-stomatology","9":"first","10":"instock","11":"purchasable","12":"product-type-simple"},"acf":[],"yoast_head":"<!-- This site is optimized with the Yoast SEO plugin v27.4 - https:\/\/yoast.com\/product\/yoast-seo-wordpress\/ -->\n<title>T-Handle Rostral &amp; Caudal Dental Pick - Horse Dental Equipment<\/title>\n<meta name=\"description\" content=\"Better handling, more strength to use and turn this dental pick. Useful for preparing a molar extraction by removing the gum around the tooth.\" \/>\n<meta name=\"robots\" content=\"index, follow, max-snippet:-1, max-image-preview:large, max-video-preview:-1\" \/>\n<link rel=\"canonical\" href=\"https:\/\/www.horse-dental-equipment.com\/es\/producto\/pico-dentario-t-con-mango-inoxidable\/\" \/>\n<meta property=\"og:locale\" content=\"es_ES\" \/>\n<meta property=\"og:type\" content=\"article\" \/>\n<meta property=\"og:title\" content=\"T-Handle Rostral &amp; Caudal Dental Pick - Horse Dental Equipment\" \/>\n<meta property=\"og:description\" content=\"Better handling, more strength to use and turn this dental pick. Useful for preparing a molar extraction by removing the gum around the tooth.\" \/>\n<meta property=\"og:url\" content=\"https:\/\/www.horse-dental-equipment.com\/es\/producto\/pico-dentario-t-con-mango-inoxidable\/\" \/>\n<meta property=\"og:site_name\" content=\"Horse Dental Equipment\" \/>\n<meta property=\"article:modified_time\" content=\"2025-06-30T08:14:55+00:00\" \/>\n<meta property=\"og:image\" content=\"https:\/\/www.horse-dental-equipment.com\/wp-content\/uploads\/2020\/07\/STO_PICTPI.png\" \/>\n\t<meta property=\"og:image:width\" content=\"800\" \/>\n\t<meta property=\"og:image:height\" content=\"619\" \/>\n\t<meta property=\"og:image:type\" content=\"image\/png\" \/>\n<meta name=\"twitter:card\" content=\"summary_large_image\" \/>\n<meta name=\"twitter:label1\" content=\"Tiempo de lectura\" \/>\n\t<meta name=\"twitter:data1\" content=\"1 minuto\" \/>\n<script type=\"application\/ld+json\" class=\"yoast-schema-graph\">{\"@context\":\"https:\\\/\\\/schema.org\",\"@graph\":[{\"@type\":\"WebPage\",\"@id\":\"https:\\\/\\\/www.horse-dental-equipment.com\\\/es\\\/producto\\\/pico-dentario-t-con-mango-inoxidable\\\/\",\"url\":\"https:\\\/\\\/www.horse-dental-equipment.com\\\/es\\\/producto\\\/pico-dentario-t-con-mango-inoxidable\\\/\",\"name\":\"T-Handle Rostral & Caudal Dental Pick - Horse Dental Equipment\",\"isPartOf\":{\"@id\":\"https:\\\/\\\/www.horse-dental-equipment.com\\\/#website\"},\"primaryImageOfPage\":{\"@id\":\"https:\\\/\\\/www.horse-dental-equipment.com\\\/es\\\/producto\\\/pico-dentario-t-con-mango-inoxidable\\\/#primaryimage\"},\"image\":{\"@id\":\"https:\\\/\\\/www.horse-dental-equipment.com\\\/es\\\/producto\\\/pico-dentario-t-con-mango-inoxidable\\\/#primaryimage\"},\"thumbnailUrl\":\"https:\\\/\\\/www.horse-dental-equipment.com\\\/wp-content\\\/uploads\\\/2020\\\/07\\\/STO_PICTPI.png\",\"datePublished\":\"2020-07-08T13:26:58+00:00\",\"dateModified\":\"2025-06-30T08:14:55+00:00\",\"description\":\"Better handling, more strength to use and turn this dental pick. Useful for preparing a molar extraction by removing the gum around the tooth.\",\"breadcrumb\":{\"@id\":\"https:\\\/\\\/www.horse-dental-equipment.com\\\/es\\\/producto\\\/pico-dentario-t-con-mango-inoxidable\\\/#breadcrumb\"},\"inLanguage\":\"es\",\"potentialAction\":[{\"@type\":\"ReadAction\",\"target\":[\"https:\\\/\\\/www.horse-dental-equipment.com\\\/es\\\/producto\\\/pico-dentario-t-con-mango-inoxidable\\\/\"]}]},{\"@type\":\"ImageObject\",\"inLanguage\":\"es\",\"@id\":\"https:\\\/\\\/www.horse-dental-equipment.com\\\/es\\\/producto\\\/pico-dentario-t-con-mango-inoxidable\\\/#primaryimage\",\"url\":\"https:\\\/\\\/www.horse-dental-equipment.com\\\/wp-content\\\/uploads\\\/2020\\\/07\\\/STO_PICTPI.png\",\"contentUrl\":\"https:\\\/\\\/www.horse-dental-equipment.com\\\/wp-content\\\/uploads\\\/2020\\\/07\\\/STO_PICTPI.png\",\"width\":800,\"height\":619,\"caption\":\"T-Handle Rostral & Caudal Dental Pick\"},{\"@type\":\"BreadcrumbList\",\"@id\":\"https:\\\/\\\/www.horse-dental-equipment.com\\\/es\\\/producto\\\/pico-dentario-t-con-mango-inoxidable\\\/#breadcrumb\",\"itemListElement\":[{\"@type\":\"ListItem\",\"position\":1,\"name\":\"Home\",\"item\":\"https:\\\/\\\/www.horse-dental-equipment.com\\\/\"},{\"@type\":\"ListItem\",\"position\":2,\"name\":\"Products\",\"item\":\"https:\\\/\\\/www.horse-dental-equipment.com\\\/fr\\\/produits\\\/\"},{\"@type\":\"ListItem\",\"position\":3,\"name\":\"T-Handle Rostral &#038; Caudal Dental Pick\"}]},{\"@type\":\"WebSite\",\"@id\":\"https:\\\/\\\/www.horse-dental-equipment.com\\\/#website\",\"url\":\"https:\\\/\\\/www.horse-dental-equipment.com\\\/\",\"name\":\"Horse Dental Equipment\",\"description\":\"Your partner to develop your equine dentistry business\",\"potentialAction\":[{\"@type\":\"SearchAction\",\"target\":{\"@type\":\"EntryPoint\",\"urlTemplate\":\"https:\\\/\\\/www.horse-dental-equipment.com\\\/?s={search_term_string}\"},\"query-input\":{\"@type\":\"PropertyValueSpecification\",\"valueRequired\":true,\"valueName\":\"search_term_string\"}}],\"inLanguage\":\"es\"}]}<\/script>\n<!-- \/ Yoast SEO plugin. -->","yoast_head_json":{"title":"Pico Dentario T con Mango Inoxidable - Horse Dental Equipment","description":"Permite un mejor agarre y mas fuerza para girarlo.\nLa empu\u00f1adura sirve como una marca visual y tactil que le indicara la posicion exacta del pico dentro de la boca del caballo.","robots":{"index":"index","follow":"follow","max-snippet":"max-snippet:-1","max-image-preview":"max-image-preview:large","max-video-preview":"max-video-preview:-1"},"canonical":"https:\/\/www.horse-dental-equipment.com\/es\/producto\/pico-dentario-t-con-mango-inoxidable\/","og_locale":"es_ES","og_type":"article","og_title":"T-Handle Rostral & Caudal Dental Pick - Horse Dental Equipment","og_description":"Better handling, more strength to use and turn this dental pick. Useful for preparing a molar extraction by removing the gum around the tooth.","og_url":"https:\/\/www.horse-dental-equipment.com\/es\/producto\/pico-dentario-t-con-mango-inoxidable\/","og_site_name":"Horse Dental Equipment","article_modified_time":"2025-06-30T08:14:55+00:00","og_image":[{"width":800,"height":619,"url":"https:\/\/www.horse-dental-equipment.com\/wp-content\/uploads\/2020\/07\/STO_PICTPI.png","type":"image\/png"}],"twitter_card":"summary_large_image","twitter_misc":{"Tiempo de lectura":"1 minuto"},"schema":{"@context":"https:\/\/schema.org","@graph":[{"@type":"WebPage","@id":"https:\/\/www.horse-dental-equipment.com\/es\/producto\/pico-dentario-t-con-mango-inoxidable\/","url":"https:\/\/www.horse-dental-equipment.com\/es\/producto\/pico-dentario-t-con-mango-inoxidable\/","name":"Pico Dentario T con Mango Inoxidable - Horse Dental Equipment","isPartOf":{"@id":"https:\/\/www.horse-dental-equipment.com\/#website"},"primaryImageOfPage":{"@id":"https:\/\/www.horse-dental-equipment.com\/es\/producto\/pico-dentario-t-con-mango-inoxidable\/#primaryimage"},"image":{"@id":"https:\/\/www.horse-dental-equipment.com\/es\/producto\/pico-dentario-t-con-mango-inoxidable\/#primaryimage"},"thumbnailUrl":"https:\/\/www.horse-dental-equipment.com\/wp-content\/uploads\/2020\/07\/STO_PICTPI.png","datePublished":"2020-07-08T13:26:58+00:00","dateModified":"2025-06-30T08:14:55+00:00","description":"Permite un mejor agarre y mas fuerza para girarlo.\nLa empu\u00f1adura sirve como una marca visual y tactil que le indicara la posicion exacta del pico dentro de la boca del caballo.","breadcrumb":{"@id":"https:\/\/www.horse-dental-equipment.com\/es\/producto\/pico-dentario-t-con-mango-inoxidable\/#breadcrumb"},"inLanguage":"es","potentialAction":[{"@type":"ReadAction","target":["https:\/\/www.horse-dental-equipment.com\/es\/producto\/pico-dentario-t-con-mango-inoxidable\/"]}]},{"@type":"ImageObject","inLanguage":"es","@id":"https:\/\/www.horse-dental-equipment.com\/es\/producto\/pico-dentario-t-con-mango-inoxidable\/#primaryimage","url":"https:\/\/www.horse-dental-equipment.com\/wp-content\/uploads\/2020\/07\/STO_PICTPI.png","contentUrl":"https:\/\/www.horse-dental-equipment.com\/wp-content\/uploads\/2020\/07\/STO_PICTPI.png","width":800,"height":619,"caption":"T-Handle Rostral & Caudal Dental Pick"},{"@type":"BreadcrumbList","@id":"https:\/\/www.horse-dental-equipment.com\/es\/producto\/pico-dentario-t-con-mango-inoxidable\/#breadcrumb","itemListElement":[{"@type":"ListItem","position":1,"name":"Home","item":"https:\/\/www.horse-dental-equipment.com\/"},{"@type":"ListItem","position":2,"name":"Products","item":"https:\/\/www.horse-dental-equipment.com\/fr\/produits\/"},{"@type":"ListItem","position":3,"name":"T-Handle Rostral &#038; Caudal Dental Pick"}]},{"@type":"WebSite","@id":"https:\/\/www.horse-dental-equipment.com\/#website","url":"https:\/\/www.horse-dental-equipment.com\/","name":"Horse Dental Equipment","description":"Your partner to develop your equine dentistry business","potentialAction":[{"@type":"SearchAction","target":{"@type":"EntryPoint","urlTemplate":"https:\/\/www.horse-dental-equipment.com\/?s={search_term_string}"},"query-input":{"@type":"PropertyValueSpecification","valueRequired":true,"valueName":"search_term_string"}}],"inLanguage":"es"}]}},"_links":{"self":[{"href":"https:\/\/www.horse-dental-equipment.com\/es\/wp-json\/wp\/v2\/product\/3055","targetHints":{"allow":["GET"]}}],"collection":[{"href":"https:\/\/www.horse-dental-equipment.com\/es\/wp-json\/wp\/v2\/product"}],"about":[{"href":"https:\/\/www.horse-dental-equipment.com\/es\/wp-json\/wp\/v2\/types\/product"}],"replies":[{"embeddable":true,"href":"https:\/\/www.horse-dental-equipment.com\/es\/wp-json\/wp\/v2\/comments?post=3055"}],"wp:featuredmedia":[{"embeddable":true,"href":"https:\/\/www.horse-dental-equipment.com\/es\/wp-json\/wp\/v2\/media\/4667"}],"wp:attachment":[{"href":"https:\/\/www.horse-dental-equipment.com\/es\/wp-json\/wp\/v2\/media?parent=3055"}],"wp:term":[{"taxonomy":"product_brand","embeddable":true,"href":"https:\/\/www.horse-dental-equipment.com\/es\/wp-json\/wp\/v2\/product_brand?post=3055"},{"taxonomy":"product_cat","embeddable":true,"href":"https:\/\/www.horse-dental-equipment.com\/es\/wp-json\/wp\/v2\/product_cat?post=3055"},{"taxonomy":"product_tag","embeddable":true,"href":"https:\/\/www.horse-dental-equipment.com\/es\/wp-json\/wp\/v2\/product_tag?post=3055"}],"curies":[{"name":"wp","href":"https:\/\/api.w.org\/{rel}","templated":true}]}}