{"id":3051,"date":"2020-07-08T15:26:54","date_gmt":"2020-07-08T13:26:54","guid":{"rendered":"http:\/\/www.horse-dental-equipment.com\/produit\/surgical-headlamp-with-carrying-case\/"},"modified":"2025-06-30T10:22:53","modified_gmt":"2025-06-30T08:22:53","slug":"lampara-quirurgica-suministrada-con-maletin","status":"publish","type":"product","link":"https:\/\/www.horse-dental-equipment.com\/es\/producto\/lampara-quirurgica-suministrada-con-maletin\/","title":{"rendered":"L\u00e1mpara Quir\u00fargica (suministrada con malet\u00edn)"},"content":{"rendered":"<p>Esta l\u00e1mpara quir\u00fargica es f\u00e1cil de usar, ligera e inal\u00e1mbrica. La l\u00e1mpara es ajustable en altura y enfocable, lo que garantiza una iluminaci\u00f3n \u00f3ptima en la boca del caballo.<br \/>\n\u2022 Duraci\u00f3n de la bater\u00eda: aproximadamente 4 horas<br \/>\n\u2022 Bater\u00eda recargable (tiempo de carga aproximadamente 4 horas)<br \/>\n\u2022 Cargador USB disponible<br \/>\n\u2022 Distancia de trabajo: 420 mm<br \/>\n\u2022 LED: 3 W \/ 60 000 lx<br \/>\n\u2022 Intensidad de la luz: 5500 Kelvin<br \/>\n\u2022 Duraci\u00f3n del LED (50 000 horas)<br \/>\n\u2022 Peso (de la l\u00e1mpara): 280 g<br \/>\n\u2022 Se suministra en un malet\u00edn<\/p>","protected":false},"excerpt":{"rendered":"<p>This surgical headlamp is easy to use, lightweigth and wireless. Adjustable height and focusable lamp which ensures optimal lighting in the horse&#8217;s mouth. \u2022 Autonomy up to 4 hours \u2022 Rechargeable battery (charging time around 4 hours) \u2022 USB charger available \u2022 Working distance: 420 mm \u2022 LED: 3 W \/ 60 000 lx \u2022 [&hellip;]<\/p>\n","protected":false},"featured_media":4539,"comment_status":"closed","ping_status":"closed","template":"","meta":{"_acf_changed":false},"product_brand":[],"product_cat":[225,99],"product_tag":[],"class_list":{"0":"post-3051","1":"product","2":"type-product","3":"status-publish","4":"has-post-thumbnail","6":"product_cat-accessories","7":"product_cat-lamps","9":"first","10":"instock","11":"purchasable","12":"product-type-simple"},"acf":[],"yoast_head":"<!-- This site is optimized with the Yoast SEO plugin v27.3 - https:\/\/yoast.com\/product\/yoast-seo-wordpress\/ -->\n<title>Surgical Headlamp with Carrying Case - Horse Dental Equipment<\/title>\n<meta name=\"description\" content=\"This surgical headlamp is easy to use, lightweigth and wireless. Adjustable height and focusable lamp which ensures optimal lighting in the horse&#039;s mouth.\" \/>\n<meta name=\"robots\" content=\"index, follow, max-snippet:-1, max-image-preview:large, max-video-preview:-1\" \/>\n<link rel=\"canonical\" href=\"https:\/\/www.horse-dental-equipment.com\/es\/producto\/lampara-quirurgica-suministrada-con-maletin\/\" \/>\n<meta property=\"og:locale\" content=\"es_ES\" \/>\n<meta property=\"og:type\" content=\"article\" \/>\n<meta property=\"og:title\" content=\"Surgical Headlamp with Carrying Case - Horse Dental Equipment\" \/>\n<meta property=\"og:description\" content=\"This surgical headlamp is easy to use, lightweigth and wireless. Adjustable height and focusable lamp which ensures optimal lighting in the horse&#039;s mouth.\" \/>\n<meta property=\"og:url\" content=\"https:\/\/www.horse-dental-equipment.com\/es\/producto\/lampara-quirurgica-suministrada-con-maletin\/\" \/>\n<meta property=\"og:site_name\" content=\"Horse Dental Equipment\" \/>\n<meta property=\"article:modified_time\" content=\"2025-06-30T08:22:53+00:00\" \/>\n<meta property=\"og:image\" content=\"https:\/\/www.horse-dental-equipment.com\/wp-content\/uploads\/2020\/07\/ACC_LCV3.png\" \/>\n\t<meta property=\"og:image:width\" content=\"800\" \/>\n\t<meta property=\"og:image:height\" content=\"619\" \/>\n\t<meta property=\"og:image:type\" content=\"image\/png\" \/>\n<meta name=\"twitter:card\" content=\"summary_large_image\" \/>\n<meta name=\"twitter:label1\" content=\"Tiempo de lectura\" \/>\n\t<meta name=\"twitter:data1\" content=\"1 minuto\" \/>\n<script type=\"application\/ld+json\" class=\"yoast-schema-graph\">{\"@context\":\"https:\\\/\\\/schema.org\",\"@graph\":[{\"@type\":\"WebPage\",\"@id\":\"https:\\\/\\\/www.horse-dental-equipment.com\\\/product\\\/surgical-headlamp-with-carrying-case\\\/\",\"url\":\"https:\\\/\\\/www.horse-dental-equipment.com\\\/product\\\/surgical-headlamp-with-carrying-case\\\/\",\"name\":\"Surgical Headlamp with Carrying Case - Horse Dental Equipment\",\"isPartOf\":{\"@id\":\"https:\\\/\\\/www.horse-dental-equipment.com\\\/#website\"},\"primaryImageOfPage\":{\"@id\":\"https:\\\/\\\/www.horse-dental-equipment.com\\\/product\\\/surgical-headlamp-with-carrying-case\\\/#primaryimage\"},\"image\":{\"@id\":\"https:\\\/\\\/www.horse-dental-equipment.com\\\/product\\\/surgical-headlamp-with-carrying-case\\\/#primaryimage\"},\"thumbnailUrl\":\"https:\\\/\\\/www.horse-dental-equipment.com\\\/wp-content\\\/uploads\\\/2020\\\/07\\\/ACC_LCV3.png\",\"datePublished\":\"2020-07-08T13:26:54+00:00\",\"dateModified\":\"2025-06-30T08:22:53+00:00\",\"description\":\"This surgical headlamp is easy to use, lightweigth and wireless. Adjustable height and focusable lamp which ensures optimal lighting in the horse's mouth.\",\"breadcrumb\":{\"@id\":\"https:\\\/\\\/www.horse-dental-equipment.com\\\/product\\\/surgical-headlamp-with-carrying-case\\\/#breadcrumb\"},\"inLanguage\":\"es\",\"potentialAction\":[{\"@type\":\"ReadAction\",\"target\":[\"https:\\\/\\\/www.horse-dental-equipment.com\\\/product\\\/surgical-headlamp-with-carrying-case\\\/\"]}]},{\"@type\":\"ImageObject\",\"inLanguage\":\"es\",\"@id\":\"https:\\\/\\\/www.horse-dental-equipment.com\\\/product\\\/surgical-headlamp-with-carrying-case\\\/#primaryimage\",\"url\":\"https:\\\/\\\/www.horse-dental-equipment.com\\\/wp-content\\\/uploads\\\/2020\\\/07\\\/ACC_LCV3.png\",\"contentUrl\":\"https:\\\/\\\/www.horse-dental-equipment.com\\\/wp-content\\\/uploads\\\/2020\\\/07\\\/ACC_LCV3.png\",\"width\":800,\"height\":619,\"caption\":\"Surgical Headlamp with Carrying Case\"},{\"@type\":\"BreadcrumbList\",\"@id\":\"https:\\\/\\\/www.horse-dental-equipment.com\\\/product\\\/surgical-headlamp-with-carrying-case\\\/#breadcrumb\",\"itemListElement\":[{\"@type\":\"ListItem\",\"position\":1,\"name\":\"Home\",\"item\":\"https:\\\/\\\/www.horse-dental-equipment.com\\\/\"},{\"@type\":\"ListItem\",\"position\":2,\"name\":\"Products\",\"item\":\"https:\\\/\\\/www.horse-dental-equipment.com\\\/fr\\\/produits\\\/\"},{\"@type\":\"ListItem\",\"position\":3,\"name\":\"Surgical Headlamp with Carrying Case\"}]},{\"@type\":\"WebSite\",\"@id\":\"https:\\\/\\\/www.horse-dental-equipment.com\\\/#website\",\"url\":\"https:\\\/\\\/www.horse-dental-equipment.com\\\/\",\"name\":\"Horse Dental Equipment\",\"description\":\"Your partner to develop your equine dentistry business\",\"potentialAction\":[{\"@type\":\"SearchAction\",\"target\":{\"@type\":\"EntryPoint\",\"urlTemplate\":\"https:\\\/\\\/www.horse-dental-equipment.com\\\/?s={search_term_string}\"},\"query-input\":{\"@type\":\"PropertyValueSpecification\",\"valueRequired\":true,\"valueName\":\"search_term_string\"}}],\"inLanguage\":\"es\"}]}<\/script>\n<!-- \/ Yoast SEO plugin. -->","yoast_head_json":{"title":"L\u00e1mpara Quir\u00fargica (suministrada con malet\u00edn) - Horse Dental Equipment","description":"Esta lampara quirurgica es facil de usar, ligera e inalambrica. La lampara es ajustable en altura y enfocable, lo que garantiza una iluminacion optima en la boca del caballo.","robots":{"index":"index","follow":"follow","max-snippet":"max-snippet:-1","max-image-preview":"max-image-preview:large","max-video-preview":"max-video-preview:-1"},"canonical":"https:\/\/www.horse-dental-equipment.com\/es\/producto\/lampara-quirurgica-suministrada-con-maletin\/","og_locale":"es_ES","og_type":"article","og_title":"Surgical Headlamp with Carrying Case - Horse Dental Equipment","og_description":"This surgical headlamp is easy to use, lightweigth and wireless. Adjustable height and focusable lamp which ensures optimal lighting in the horse's mouth.","og_url":"https:\/\/www.horse-dental-equipment.com\/es\/producto\/lampara-quirurgica-suministrada-con-maletin\/","og_site_name":"Horse Dental Equipment","article_modified_time":"2025-06-30T08:22:53+00:00","og_image":[{"width":800,"height":619,"url":"https:\/\/www.horse-dental-equipment.com\/wp-content\/uploads\/2020\/07\/ACC_LCV3.png","type":"image\/png"}],"twitter_card":"summary_large_image","twitter_misc":{"Tiempo de lectura":"1 minuto"},"schema":{"@context":"https:\/\/schema.org","@graph":[{"@type":"WebPage","@id":"https:\/\/www.horse-dental-equipment.com\/product\/surgical-headlamp-with-carrying-case\/","url":"https:\/\/www.horse-dental-equipment.com\/product\/surgical-headlamp-with-carrying-case\/","name":"L\u00e1mpara Quir\u00fargica (suministrada con malet\u00edn) - Horse Dental Equipment","isPartOf":{"@id":"https:\/\/www.horse-dental-equipment.com\/#website"},"primaryImageOfPage":{"@id":"https:\/\/www.horse-dental-equipment.com\/product\/surgical-headlamp-with-carrying-case\/#primaryimage"},"image":{"@id":"https:\/\/www.horse-dental-equipment.com\/product\/surgical-headlamp-with-carrying-case\/#primaryimage"},"thumbnailUrl":"https:\/\/www.horse-dental-equipment.com\/wp-content\/uploads\/2020\/07\/ACC_LCV3.png","datePublished":"2020-07-08T13:26:54+00:00","dateModified":"2025-06-30T08:22:53+00:00","description":"Esta lampara quirurgica es facil de usar, ligera e inalambrica. La lampara es ajustable en altura y enfocable, lo que garantiza una iluminacion optima en la boca del caballo.","breadcrumb":{"@id":"https:\/\/www.horse-dental-equipment.com\/product\/surgical-headlamp-with-carrying-case\/#breadcrumb"},"inLanguage":"es","potentialAction":[{"@type":"ReadAction","target":["https:\/\/www.horse-dental-equipment.com\/product\/surgical-headlamp-with-carrying-case\/"]}]},{"@type":"ImageObject","inLanguage":"es","@id":"https:\/\/www.horse-dental-equipment.com\/product\/surgical-headlamp-with-carrying-case\/#primaryimage","url":"https:\/\/www.horse-dental-equipment.com\/wp-content\/uploads\/2020\/07\/ACC_LCV3.png","contentUrl":"https:\/\/www.horse-dental-equipment.com\/wp-content\/uploads\/2020\/07\/ACC_LCV3.png","width":800,"height":619,"caption":"Surgical Headlamp with Carrying Case"},{"@type":"BreadcrumbList","@id":"https:\/\/www.horse-dental-equipment.com\/product\/surgical-headlamp-with-carrying-case\/#breadcrumb","itemListElement":[{"@type":"ListItem","position":1,"name":"Home","item":"https:\/\/www.horse-dental-equipment.com\/"},{"@type":"ListItem","position":2,"name":"Products","item":"https:\/\/www.horse-dental-equipment.com\/fr\/produits\/"},{"@type":"ListItem","position":3,"name":"Surgical Headlamp with Carrying Case"}]},{"@type":"WebSite","@id":"https:\/\/www.horse-dental-equipment.com\/#website","url":"https:\/\/www.horse-dental-equipment.com\/","name":"Horse Dental Equipment","description":"Your partner to develop your equine dentistry business","potentialAction":[{"@type":"SearchAction","target":{"@type":"EntryPoint","urlTemplate":"https:\/\/www.horse-dental-equipment.com\/?s={search_term_string}"},"query-input":{"@type":"PropertyValueSpecification","valueRequired":true,"valueName":"search_term_string"}}],"inLanguage":"es"}]}},"_links":{"self":[{"href":"https:\/\/www.horse-dental-equipment.com\/es\/wp-json\/wp\/v2\/product\/3051","targetHints":{"allow":["GET"]}}],"collection":[{"href":"https:\/\/www.horse-dental-equipment.com\/es\/wp-json\/wp\/v2\/product"}],"about":[{"href":"https:\/\/www.horse-dental-equipment.com\/es\/wp-json\/wp\/v2\/types\/product"}],"replies":[{"embeddable":true,"href":"https:\/\/www.horse-dental-equipment.com\/es\/wp-json\/wp\/v2\/comments?post=3051"}],"wp:featuredmedia":[{"embeddable":true,"href":"https:\/\/www.horse-dental-equipment.com\/es\/wp-json\/wp\/v2\/media\/4539"}],"wp:attachment":[{"href":"https:\/\/www.horse-dental-equipment.com\/es\/wp-json\/wp\/v2\/media?parent=3051"}],"wp:term":[{"taxonomy":"product_brand","embeddable":true,"href":"https:\/\/www.horse-dental-equipment.com\/es\/wp-json\/wp\/v2\/product_brand?post=3051"},{"taxonomy":"product_cat","embeddable":true,"href":"https:\/\/www.horse-dental-equipment.com\/es\/wp-json\/wp\/v2\/product_cat?post=3051"},{"taxonomy":"product_tag","embeddable":true,"href":"https:\/\/www.horse-dental-equipment.com\/es\/wp-json\/wp\/v2\/product_tag?post=3051"}],"curies":[{"name":"wp","href":"https:\/\/api.w.org\/{rel}","templated":true}]}}