{"id":3000,"date":"2020-07-08T15:26:48","date_gmt":"2020-07-08T13:26:48","guid":{"rendered":"http:\/\/www.horse-dental-equipment.com\/produit\/flexxidisc-short-straight\/"},"modified":"2026-05-06T15:50:27","modified_gmt":"2026-05-06T13:50:27","slug":"flexxidisc-classic-corta-recta","status":"publish","type":"product","link":"https:\/\/www.horse-dental-equipment.com\/es\/producto\/flexxidisc-classic-corta-recta\/","title":{"rendered":"Flexxidisc CLASSIC Corta Recta"},"content":{"rendered":"<p>\u00datil para terminar la alineaci\u00f3n del asiento de broca o de los incisivos.<br \/>\nEl diamante minimiza el da\u00f1o a los tejidos blandos.<br \/>\nTambi\u00e9n disponible en 28 mm de di\u00e1metro y en diferentes granos de diamante.<br \/>\nUsado sin extensi\u00f3n.<\/p>\n<p>Disponible hasta fin de stock.<\/p>\n<p><strong><a href=\"https:\/\/helium-connect.fr\/player\/54c6710f8d12a6546600000a\/fid\/69f9f4d93ca446f4bb6cc9af\">Rellene el formulario<\/a><\/strong>\u00a0para solicitar su cotizaci\u00f3n e ind\u00edquenos qu\u00e9 producto(s) de la categor\u00eda de\u00a0<strong>liquidaci\u00f3n<\/strong>\u00a0le interesa.<\/p>","protected":false},"excerpt":{"rendered":"<p>Helpful for finishing bit seat or incisor realignments. Diamond minimizes soft tissues damage. Also available in diameter 28 mm and in different diamond grains. Used without extension. Available while stocks last. Fill in the form\u00a0to request a quote and let us know which product(s) in the\u00a0destocking\u00a0category you are interested in.<\/p>","protected":false},"featured_media":4358,"comment_status":"closed","ping_status":"closed","template":"","meta":{"_acf_changed":false},"product_brand":[],"product_cat":[463],"product_tag":[],"class_list":{"0":"post-3000","1":"product","2":"type-product","3":"status-publish","4":"has-post-thumbnail","6":"product_cat-destocking","8":"first","9":"instock","10":"purchasable","11":"product-type-simple"},"acf":[],"yoast_head":"<!-- This site is optimized with the Yoast SEO plugin v27.5 - https:\/\/yoast.com\/product\/yoast-seo-wordpress\/ -->\n<title>CLASSIC Flexxidisc Short Straight - Horse Dental Equipment<\/title>\n<meta name=\"robots\" content=\"index, follow, max-snippet:-1, max-image-preview:large, max-video-preview:-1\" \/>\n<link rel=\"canonical\" href=\"https:\/\/www.horse-dental-equipment.com\/es\/producto\/flexxidisc-classic-corta-recta\/\" \/>\n<meta property=\"og:locale\" content=\"es_ES\" \/>\n<meta property=\"og:type\" content=\"article\" \/>\n<meta property=\"og:title\" content=\"CLASSIC Flexxidisc Short Straight - Horse Dental Equipment\" \/>\n<meta property=\"og:description\" content=\"Helpful for finishing bit seat or incisor realignments. Diamond minimizes soft tissues damage. Also available in diameter 28 mm and in different diamond grains. Used without extension. Available while stocks last. Fill in the form\u00a0to request a quote and let us know which product(s) in the\u00a0destocking\u00a0category you are interested in.\" \/>\n<meta property=\"og:url\" content=\"https:\/\/www.horse-dental-equipment.com\/es\/producto\/flexxidisc-classic-corta-recta\/\" \/>\n<meta property=\"og:site_name\" content=\"Horse Dental Equipment\" \/>\n<meta property=\"article:modified_time\" content=\"2026-05-06T13:50:27+00:00\" \/>\n<meta property=\"og:image\" content=\"https:\/\/www.horse-dental-equipment.com\/wp-content\/uploads\/2020\/07\/FRA_F7.jpg\" \/>\n\t<meta property=\"og:image:width\" content=\"800\" \/>\n\t<meta property=\"og:image:height\" content=\"619\" \/>\n\t<meta property=\"og:image:type\" content=\"image\/jpeg\" \/>\n<meta name=\"twitter:card\" content=\"summary_large_image\" \/>\n<meta name=\"twitter:label1\" content=\"Tiempo de lectura\" \/>\n\t<meta name=\"twitter:data1\" content=\"1 minuto\" \/>\n<script type=\"application\/ld+json\" class=\"yoast-schema-graph\">{\"@context\":\"https:\\\/\\\/schema.org\",\"@graph\":[{\"@type\":\"WebPage\",\"@id\":\"https:\\\/\\\/www.horse-dental-equipment.com\\\/product\\\/classic-flexxidisc-short-straight\\\/\",\"url\":\"https:\\\/\\\/www.horse-dental-equipment.com\\\/product\\\/classic-flexxidisc-short-straight\\\/\",\"name\":\"CLASSIC Flexxidisc Short Straight - Horse Dental Equipment\",\"isPartOf\":{\"@id\":\"https:\\\/\\\/www.horse-dental-equipment.com\\\/#website\"},\"primaryImageOfPage\":{\"@id\":\"https:\\\/\\\/www.horse-dental-equipment.com\\\/product\\\/classic-flexxidisc-short-straight\\\/#primaryimage\"},\"image\":{\"@id\":\"https:\\\/\\\/www.horse-dental-equipment.com\\\/product\\\/classic-flexxidisc-short-straight\\\/#primaryimage\"},\"thumbnailUrl\":\"https:\\\/\\\/www.horse-dental-equipment.com\\\/wp-content\\\/uploads\\\/2020\\\/07\\\/FRA_F7.jpg\",\"datePublished\":\"2020-07-08T13:26:48+00:00\",\"dateModified\":\"2026-05-06T13:50:27+00:00\",\"breadcrumb\":{\"@id\":\"https:\\\/\\\/www.horse-dental-equipment.com\\\/product\\\/classic-flexxidisc-short-straight\\\/#breadcrumb\"},\"inLanguage\":\"es\",\"potentialAction\":[{\"@type\":\"ReadAction\",\"target\":[\"https:\\\/\\\/www.horse-dental-equipment.com\\\/product\\\/classic-flexxidisc-short-straight\\\/\"]}]},{\"@type\":\"ImageObject\",\"inLanguage\":\"es\",\"@id\":\"https:\\\/\\\/www.horse-dental-equipment.com\\\/product\\\/classic-flexxidisc-short-straight\\\/#primaryimage\",\"url\":\"https:\\\/\\\/www.horse-dental-equipment.com\\\/wp-content\\\/uploads\\\/2020\\\/07\\\/FRA_F7.jpg\",\"contentUrl\":\"https:\\\/\\\/www.horse-dental-equipment.com\\\/wp-content\\\/uploads\\\/2020\\\/07\\\/FRA_F7.jpg\",\"width\":800,\"height\":619,\"caption\":\"Flexxidisc short straight\"},{\"@type\":\"BreadcrumbList\",\"@id\":\"https:\\\/\\\/www.horse-dental-equipment.com\\\/product\\\/classic-flexxidisc-short-straight\\\/#breadcrumb\",\"itemListElement\":[{\"@type\":\"ListItem\",\"position\":1,\"name\":\"Home\",\"item\":\"https:\\\/\\\/www.horse-dental-equipment.com\\\/\"},{\"@type\":\"ListItem\",\"position\":2,\"name\":\"Products\",\"item\":\"https:\\\/\\\/www.horse-dental-equipment.com\\\/fr\\\/produits\\\/\"},{\"@type\":\"ListItem\",\"position\":3,\"name\":\"CLASSIC Flexxidisc Short Straight\"}]},{\"@type\":\"WebSite\",\"@id\":\"https:\\\/\\\/www.horse-dental-equipment.com\\\/#website\",\"url\":\"https:\\\/\\\/www.horse-dental-equipment.com\\\/\",\"name\":\"Horse Dental Equipment\",\"description\":\"Your partner to develop your equine dentistry business\",\"potentialAction\":[{\"@type\":\"SearchAction\",\"target\":{\"@type\":\"EntryPoint\",\"urlTemplate\":\"https:\\\/\\\/www.horse-dental-equipment.com\\\/?s={search_term_string}\"},\"query-input\":{\"@type\":\"PropertyValueSpecification\",\"valueRequired\":true,\"valueName\":\"search_term_string\"}}],\"inLanguage\":\"es\"}]}<\/script>\n<!-- \/ Yoast SEO plugin. -->","yoast_head_json":{"title":"Flexxidisc CLASSIC Corta Recta - Horse Dental Equipment","robots":{"index":"index","follow":"follow","max-snippet":"max-snippet:-1","max-image-preview":"max-image-preview:large","max-video-preview":"max-video-preview:-1"},"canonical":"https:\/\/www.horse-dental-equipment.com\/es\/producto\/flexxidisc-classic-corta-recta\/","og_locale":"es_ES","og_type":"article","og_title":"CLASSIC Flexxidisc Short Straight - Horse Dental Equipment","og_description":"Helpful for finishing bit seat or incisor realignments. Diamond minimizes soft tissues damage. Also available in diameter 28 mm and in different diamond grains. Used without extension. Available while stocks last. Fill in the form\u00a0to request a quote and let us know which product(s) in the\u00a0destocking\u00a0category you are interested in.","og_url":"https:\/\/www.horse-dental-equipment.com\/es\/producto\/flexxidisc-classic-corta-recta\/","og_site_name":"Horse Dental Equipment","article_modified_time":"2026-05-06T13:50:27+00:00","og_image":[{"width":800,"height":619,"url":"https:\/\/www.horse-dental-equipment.com\/wp-content\/uploads\/2020\/07\/FRA_F7.jpg","type":"image\/jpeg"}],"twitter_card":"summary_large_image","twitter_misc":{"Tiempo de lectura":"1 minuto"},"schema":{"@context":"https:\/\/schema.org","@graph":[{"@type":"WebPage","@id":"https:\/\/www.horse-dental-equipment.com\/product\/classic-flexxidisc-short-straight\/","url":"https:\/\/www.horse-dental-equipment.com\/product\/classic-flexxidisc-short-straight\/","name":"Flexxidisc CLASSIC Corta Recta - Horse Dental Equipment","isPartOf":{"@id":"https:\/\/www.horse-dental-equipment.com\/#website"},"primaryImageOfPage":{"@id":"https:\/\/www.horse-dental-equipment.com\/product\/classic-flexxidisc-short-straight\/#primaryimage"},"image":{"@id":"https:\/\/www.horse-dental-equipment.com\/product\/classic-flexxidisc-short-straight\/#primaryimage"},"thumbnailUrl":"https:\/\/www.horse-dental-equipment.com\/wp-content\/uploads\/2020\/07\/FRA_F7.jpg","datePublished":"2020-07-08T13:26:48+00:00","dateModified":"2026-05-06T13:50:27+00:00","breadcrumb":{"@id":"https:\/\/www.horse-dental-equipment.com\/product\/classic-flexxidisc-short-straight\/#breadcrumb"},"inLanguage":"es","potentialAction":[{"@type":"ReadAction","target":["https:\/\/www.horse-dental-equipment.com\/product\/classic-flexxidisc-short-straight\/"]}]},{"@type":"ImageObject","inLanguage":"es","@id":"https:\/\/www.horse-dental-equipment.com\/product\/classic-flexxidisc-short-straight\/#primaryimage","url":"https:\/\/www.horse-dental-equipment.com\/wp-content\/uploads\/2020\/07\/FRA_F7.jpg","contentUrl":"https:\/\/www.horse-dental-equipment.com\/wp-content\/uploads\/2020\/07\/FRA_F7.jpg","width":800,"height":619,"caption":"Flexxidisc short straight"},{"@type":"BreadcrumbList","@id":"https:\/\/www.horse-dental-equipment.com\/product\/classic-flexxidisc-short-straight\/#breadcrumb","itemListElement":[{"@type":"ListItem","position":1,"name":"Home","item":"https:\/\/www.horse-dental-equipment.com\/"},{"@type":"ListItem","position":2,"name":"Products","item":"https:\/\/www.horse-dental-equipment.com\/fr\/produits\/"},{"@type":"ListItem","position":3,"name":"CLASSIC Flexxidisc Short Straight"}]},{"@type":"WebSite","@id":"https:\/\/www.horse-dental-equipment.com\/#website","url":"https:\/\/www.horse-dental-equipment.com\/","name":"Horse Dental Equipment","description":"Your partner to develop your equine dentistry business","potentialAction":[{"@type":"SearchAction","target":{"@type":"EntryPoint","urlTemplate":"https:\/\/www.horse-dental-equipment.com\/?s={search_term_string}"},"query-input":{"@type":"PropertyValueSpecification","valueRequired":true,"valueName":"search_term_string"}}],"inLanguage":"es"}]}},"_links":{"self":[{"href":"https:\/\/www.horse-dental-equipment.com\/es\/wp-json\/wp\/v2\/product\/3000","targetHints":{"allow":["GET"]}}],"collection":[{"href":"https:\/\/www.horse-dental-equipment.com\/es\/wp-json\/wp\/v2\/product"}],"about":[{"href":"https:\/\/www.horse-dental-equipment.com\/es\/wp-json\/wp\/v2\/types\/product"}],"replies":[{"embeddable":true,"href":"https:\/\/www.horse-dental-equipment.com\/es\/wp-json\/wp\/v2\/comments?post=3000"}],"wp:featuredmedia":[{"embeddable":true,"href":"https:\/\/www.horse-dental-equipment.com\/es\/wp-json\/wp\/v2\/media\/4358"}],"wp:attachment":[{"href":"https:\/\/www.horse-dental-equipment.com\/es\/wp-json\/wp\/v2\/media?parent=3000"}],"wp:term":[{"taxonomy":"product_brand","embeddable":true,"href":"https:\/\/www.horse-dental-equipment.com\/es\/wp-json\/wp\/v2\/product_brand?post=3000"},{"taxonomy":"product_cat","embeddable":true,"href":"https:\/\/www.horse-dental-equipment.com\/es\/wp-json\/wp\/v2\/product_cat?post=3000"},{"taxonomy":"product_tag","embeddable":true,"href":"https:\/\/www.horse-dental-equipment.com\/es\/wp-json\/wp\/v2\/product_tag?post=3000"}],"curies":[{"name":"wp","href":"https:\/\/api.w.org\/{rel}","templated":true}]}}