{"id":2998,"date":"2020-07-08T15:26:48","date_gmt":"2020-07-08T13:26:48","guid":{"rendered":"http:\/\/www.horse-dental-equipment.com\/produit\/flexxidisc-long-straight\/"},"modified":"2026-04-01T15:07:50","modified_gmt":"2026-04-01T13:07:50","slug":"flexxidisc-classic-larga-recta","status":"publish","type":"product","link":"https:\/\/www.horse-dental-equipment.com\/es\/producto\/flexxidisc-classic-larga-recta\/","title":{"rendered":"Flexxidisc CLASSIC Larga Recta"},"content":{"rendered":"<p>El Flexxidisc es una fresa polivalente que se adapta perfectamente a la nivelaci\u00f3n eficaz de los sobredientes, as\u00ed como al perfilado de rutina.<br \/>\nExiste en diferentes formas y tama\u00f1os adaptados a cada tipo de pr\u00e1ctica odontol\u00f3gica.<br \/>\nEl cabezal giratorio de 360\u00b0 permite un acceso \u00f3ptimo (sistema de giro solo en la versi\u00f3n curva).<br \/>\nEl diamante minimiza el da\u00f1o a los tejidos blandos.<br \/>\nFlexxidisc Classic Larga Recta: FRA_GF7<br \/>Flexxidisc Classic Larga Curva Twist: FRA_GF8T<br \/>\nTambi\u00e9n disponible en 28 mm de di\u00e1metro y en diferentes granos de diamante.<\/p>","protected":false},"excerpt":{"rendered":"<p>The Flexxidisc is a versatile handpiece perfectly adapted for an efficient work on overgrowths as well as for routine profiling. It exists in different shapes and sizes adapted to every type of dentistry practice. The 360\u00b0 rotating head allows optimal access (twist system on the curved version only). Diamond minimizes soft tissues damage. Choose either [&hellip;]<\/p>\n","protected":false},"featured_media":4364,"comment_status":"closed","ping_status":"closed","template":"","meta":{"_acf_changed":false},"product_brand":[],"product_cat":[85,81],"product_tag":[],"class_list":{"0":"post-2998","1":"product","2":"type-product","3":"status-publish","4":"has-post-thumbnail","6":"product_cat-flexxidisc","7":"product_cat-individual-motorized-instruments","9":"first","10":"instock","11":"purchasable","12":"product-type-simple"},"acf":[],"yoast_head":"<!-- This site is optimized with the Yoast SEO plugin v27.3 - https:\/\/yoast.com\/product\/yoast-seo-wordpress\/ -->\n<title>CLASSIC Flexxidisc Long Straight - Horse Dental Equipment<\/title>\n<meta name=\"description\" content=\"The Flexxidisc is a versatile handpiece perfectly adapted for an efficient work on overgrowths as well as for routine profiling.\" \/>\n<meta name=\"robots\" content=\"index, follow, max-snippet:-1, max-image-preview:large, max-video-preview:-1\" \/>\n<link rel=\"canonical\" href=\"https:\/\/www.horse-dental-equipment.com\/es\/producto\/flexxidisc-classic-larga-recta\/\" \/>\n<meta property=\"og:locale\" content=\"es_ES\" \/>\n<meta property=\"og:type\" content=\"article\" \/>\n<meta property=\"og:title\" content=\"CLASSIC Flexxidisc Long Straight - Horse Dental Equipment\" \/>\n<meta property=\"og:description\" content=\"The Flexxidisc is a versatile handpiece perfectly adapted for an efficient work on overgrowths as well as for routine profiling.\" \/>\n<meta property=\"og:url\" content=\"https:\/\/www.horse-dental-equipment.com\/es\/producto\/flexxidisc-classic-larga-recta\/\" \/>\n<meta property=\"og:site_name\" content=\"Horse Dental Equipment\" \/>\n<meta property=\"article:modified_time\" content=\"2026-04-01T13:07:50+00:00\" \/>\n<meta property=\"og:image\" content=\"https:\/\/www.horse-dental-equipment.com\/wp-content\/uploads\/2020\/07\/FRA_GF7-1.jpg\" \/>\n\t<meta property=\"og:image:width\" content=\"800\" \/>\n\t<meta property=\"og:image:height\" content=\"619\" \/>\n\t<meta property=\"og:image:type\" content=\"image\/jpeg\" \/>\n<meta name=\"twitter:card\" content=\"summary_large_image\" \/>\n<meta name=\"twitter:label1\" content=\"Tiempo de lectura\" \/>\n\t<meta name=\"twitter:data1\" content=\"1 minuto\" \/>\n<script type=\"application\/ld+json\" class=\"yoast-schema-graph\">{\"@context\":\"https:\\\/\\\/schema.org\",\"@graph\":[{\"@type\":\"WebPage\",\"@id\":\"https:\\\/\\\/www.horse-dental-equipment.com\\\/product\\\/classic-flexxidisc-long-straight\\\/\",\"url\":\"https:\\\/\\\/www.horse-dental-equipment.com\\\/product\\\/classic-flexxidisc-long-straight\\\/\",\"name\":\"CLASSIC Flexxidisc Long Straight - Horse Dental Equipment\",\"isPartOf\":{\"@id\":\"https:\\\/\\\/www.horse-dental-equipment.com\\\/#website\"},\"primaryImageOfPage\":{\"@id\":\"https:\\\/\\\/www.horse-dental-equipment.com\\\/product\\\/classic-flexxidisc-long-straight\\\/#primaryimage\"},\"image\":{\"@id\":\"https:\\\/\\\/www.horse-dental-equipment.com\\\/product\\\/classic-flexxidisc-long-straight\\\/#primaryimage\"},\"thumbnailUrl\":\"https:\\\/\\\/www.horse-dental-equipment.com\\\/wp-content\\\/uploads\\\/2020\\\/07\\\/FRA_GF7-1.jpg\",\"datePublished\":\"2020-07-08T13:26:48+00:00\",\"dateModified\":\"2026-04-01T13:07:50+00:00\",\"description\":\"The Flexxidisc is a versatile handpiece perfectly adapted for an efficient work on overgrowths as well as for routine profiling.\",\"breadcrumb\":{\"@id\":\"https:\\\/\\\/www.horse-dental-equipment.com\\\/product\\\/classic-flexxidisc-long-straight\\\/#breadcrumb\"},\"inLanguage\":\"es\",\"potentialAction\":[{\"@type\":\"ReadAction\",\"target\":[\"https:\\\/\\\/www.horse-dental-equipment.com\\\/product\\\/classic-flexxidisc-long-straight\\\/\"]}]},{\"@type\":\"ImageObject\",\"inLanguage\":\"es\",\"@id\":\"https:\\\/\\\/www.horse-dental-equipment.com\\\/product\\\/classic-flexxidisc-long-straight\\\/#primaryimage\",\"url\":\"https:\\\/\\\/www.horse-dental-equipment.com\\\/wp-content\\\/uploads\\\/2020\\\/07\\\/FRA_GF7-1.jpg\",\"contentUrl\":\"https:\\\/\\\/www.horse-dental-equipment.com\\\/wp-content\\\/uploads\\\/2020\\\/07\\\/FRA_GF7-1.jpg\",\"width\":800,\"height\":619,\"caption\":\"CLASSIC Flexxidisc Long Straight\"},{\"@type\":\"BreadcrumbList\",\"@id\":\"https:\\\/\\\/www.horse-dental-equipment.com\\\/product\\\/classic-flexxidisc-long-straight\\\/#breadcrumb\",\"itemListElement\":[{\"@type\":\"ListItem\",\"position\":1,\"name\":\"Home\",\"item\":\"https:\\\/\\\/www.horse-dental-equipment.com\\\/\"},{\"@type\":\"ListItem\",\"position\":2,\"name\":\"Products\",\"item\":\"https:\\\/\\\/www.horse-dental-equipment.com\\\/fr\\\/produits\\\/\"},{\"@type\":\"ListItem\",\"position\":3,\"name\":\"CLASSIC Flexxidisc Long Straight\"}]},{\"@type\":\"WebSite\",\"@id\":\"https:\\\/\\\/www.horse-dental-equipment.com\\\/#website\",\"url\":\"https:\\\/\\\/www.horse-dental-equipment.com\\\/\",\"name\":\"Horse Dental Equipment\",\"description\":\"Your partner to develop your equine dentistry business\",\"potentialAction\":[{\"@type\":\"SearchAction\",\"target\":{\"@type\":\"EntryPoint\",\"urlTemplate\":\"https:\\\/\\\/www.horse-dental-equipment.com\\\/?s={search_term_string}\"},\"query-input\":{\"@type\":\"PropertyValueSpecification\",\"valueRequired\":true,\"valueName\":\"search_term_string\"}}],\"inLanguage\":\"es\"}]}<\/script>\n<!-- \/ Yoast SEO plugin. -->","yoast_head_json":{"title":"Flexxidisc CLASSIC Larga Recta - Horse Dental Equipment","description":"El Flexxidisc es una fresa polivalente que se adapta perfectamente a la nivelaci\u00f3n eficaz de los sobredientes, as\u00ed como al perfilado de rutina.","robots":{"index":"index","follow":"follow","max-snippet":"max-snippet:-1","max-image-preview":"max-image-preview:large","max-video-preview":"max-video-preview:-1"},"canonical":"https:\/\/www.horse-dental-equipment.com\/es\/producto\/flexxidisc-classic-larga-recta\/","og_locale":"es_ES","og_type":"article","og_title":"CLASSIC Flexxidisc Long Straight - Horse Dental Equipment","og_description":"The Flexxidisc is a versatile handpiece perfectly adapted for an efficient work on overgrowths as well as for routine profiling.","og_url":"https:\/\/www.horse-dental-equipment.com\/es\/producto\/flexxidisc-classic-larga-recta\/","og_site_name":"Horse Dental Equipment","article_modified_time":"2026-04-01T13:07:50+00:00","og_image":[{"width":800,"height":619,"url":"https:\/\/www.horse-dental-equipment.com\/wp-content\/uploads\/2020\/07\/FRA_GF7-1.jpg","type":"image\/jpeg"}],"twitter_card":"summary_large_image","twitter_misc":{"Tiempo de lectura":"1 minuto"},"schema":{"@context":"https:\/\/schema.org","@graph":[{"@type":"WebPage","@id":"https:\/\/www.horse-dental-equipment.com\/product\/classic-flexxidisc-long-straight\/","url":"https:\/\/www.horse-dental-equipment.com\/product\/classic-flexxidisc-long-straight\/","name":"Flexxidisc CLASSIC Larga Recta - Horse Dental Equipment","isPartOf":{"@id":"https:\/\/www.horse-dental-equipment.com\/#website"},"primaryImageOfPage":{"@id":"https:\/\/www.horse-dental-equipment.com\/product\/classic-flexxidisc-long-straight\/#primaryimage"},"image":{"@id":"https:\/\/www.horse-dental-equipment.com\/product\/classic-flexxidisc-long-straight\/#primaryimage"},"thumbnailUrl":"https:\/\/www.horse-dental-equipment.com\/wp-content\/uploads\/2020\/07\/FRA_GF7-1.jpg","datePublished":"2020-07-08T13:26:48+00:00","dateModified":"2026-04-01T13:07:50+00:00","description":"El Flexxidisc es una fresa polivalente que se adapta perfectamente a la nivelaci\u00f3n eficaz de los sobredientes, as\u00ed como al perfilado de rutina.","breadcrumb":{"@id":"https:\/\/www.horse-dental-equipment.com\/product\/classic-flexxidisc-long-straight\/#breadcrumb"},"inLanguage":"es","potentialAction":[{"@type":"ReadAction","target":["https:\/\/www.horse-dental-equipment.com\/product\/classic-flexxidisc-long-straight\/"]}]},{"@type":"ImageObject","inLanguage":"es","@id":"https:\/\/www.horse-dental-equipment.com\/product\/classic-flexxidisc-long-straight\/#primaryimage","url":"https:\/\/www.horse-dental-equipment.com\/wp-content\/uploads\/2020\/07\/FRA_GF7-1.jpg","contentUrl":"https:\/\/www.horse-dental-equipment.com\/wp-content\/uploads\/2020\/07\/FRA_GF7-1.jpg","width":800,"height":619,"caption":"CLASSIC Flexxidisc Long Straight"},{"@type":"BreadcrumbList","@id":"https:\/\/www.horse-dental-equipment.com\/product\/classic-flexxidisc-long-straight\/#breadcrumb","itemListElement":[{"@type":"ListItem","position":1,"name":"Home","item":"https:\/\/www.horse-dental-equipment.com\/"},{"@type":"ListItem","position":2,"name":"Products","item":"https:\/\/www.horse-dental-equipment.com\/fr\/produits\/"},{"@type":"ListItem","position":3,"name":"CLASSIC Flexxidisc Long Straight"}]},{"@type":"WebSite","@id":"https:\/\/www.horse-dental-equipment.com\/#website","url":"https:\/\/www.horse-dental-equipment.com\/","name":"Horse Dental Equipment","description":"Your partner to develop your equine dentistry business","potentialAction":[{"@type":"SearchAction","target":{"@type":"EntryPoint","urlTemplate":"https:\/\/www.horse-dental-equipment.com\/?s={search_term_string}"},"query-input":{"@type":"PropertyValueSpecification","valueRequired":true,"valueName":"search_term_string"}}],"inLanguage":"es"}]}},"_links":{"self":[{"href":"https:\/\/www.horse-dental-equipment.com\/es\/wp-json\/wp\/v2\/product\/2998","targetHints":{"allow":["GET"]}}],"collection":[{"href":"https:\/\/www.horse-dental-equipment.com\/es\/wp-json\/wp\/v2\/product"}],"about":[{"href":"https:\/\/www.horse-dental-equipment.com\/es\/wp-json\/wp\/v2\/types\/product"}],"replies":[{"embeddable":true,"href":"https:\/\/www.horse-dental-equipment.com\/es\/wp-json\/wp\/v2\/comments?post=2998"}],"wp:featuredmedia":[{"embeddable":true,"href":"https:\/\/www.horse-dental-equipment.com\/es\/wp-json\/wp\/v2\/media\/4364"}],"wp:attachment":[{"href":"https:\/\/www.horse-dental-equipment.com\/es\/wp-json\/wp\/v2\/media?parent=2998"}],"wp:term":[{"taxonomy":"product_brand","embeddable":true,"href":"https:\/\/www.horse-dental-equipment.com\/es\/wp-json\/wp\/v2\/product_brand?post=2998"},{"taxonomy":"product_cat","embeddable":true,"href":"https:\/\/www.horse-dental-equipment.com\/es\/wp-json\/wp\/v2\/product_cat?post=2998"},{"taxonomy":"product_tag","embeddable":true,"href":"https:\/\/www.horse-dental-equipment.com\/es\/wp-json\/wp\/v2\/product_tag?post=2998"}],"curies":[{"name":"wp","href":"https:\/\/api.w.org\/{rel}","templated":true}]}}