{"id":11292,"date":"2026-04-01T16:31:21","date_gmt":"2026-04-01T14:31:21","guid":{"rendered":"https:\/\/www.horse-dental-equipment.com\/?post_type=product&#038;p=11292"},"modified":"2026-04-01T16:31:21","modified_gmt":"2026-04-01T14:31:21","slug":"camara-dental-wi-fi","status":"publish","type":"product","link":"https:\/\/www.horse-dental-equipment.com\/es\/producto\/camara-dental-wi-fi\/","title":{"rendered":"C\u00e1mara Dental Wi-Fi"},"content":{"rendered":"<p>Esta c\u00e1mara dental inal\u00e1mbrica para caballos est\u00e1 dise\u00f1ada para realizar ex\u00e1menes intraorales y grabar videos durante procedimientos dentales equinos. Con un eje giratorio de acero inoxidable de 360\u00b0, ofrece mayor flexibilidad y mejor acceso al interior de la boca del caballo, lo que permite un posicionamiento m\u00e1s suave durante las inspecciones y los tratamientos. Con un amplio campo de visi\u00f3n de 100\u00b0, una lentilla protegida con vidrio templado y una potente iluminaci\u00f3n de 8 LED, ofrece im\u00e1genes n\u00edtidas y una captura de video de buena calidad.<\/p>\n<p>Caracter\u00edsticas principales:<\/p>\n<ul>\n<li>Tecnolog\u00eda inal\u00e1mbrica: Wi-Fi 5<\/li>\n<li>Software compatible:\n<ul>\n<li>CamViewer para Windows 11 (computadora, laptop o tableta)<\/li>\n<li>EndoCam solo para iOS (iPhone y iPad, no disponible en MacBook)<\/li>\n<\/ul>\n<\/li>\n<li>Formatos de foto y v\u00eddeo: .JPG, .PNG, .AVI<\/li>\n<li>Captura de fotos y v\u00eddeos directamente desde el mango<\/li>\n<li>Amplio \u00e1ngulo de visi\u00f3n: 100\u00b0<\/li>\n<li>\u00d3ptica con un \u00e1ngulo de 70\u00b0 respecto al eje de la c\u00e1mara<\/li>\n<li>Protecci\u00f3n de la lente: vidrio templado<\/li>\n<li>Iluminaci\u00f3n: 8 LED que rodean la \u00f3ptica para una visibilidad intraoral \u00f3ptima<\/li>\n<li>Resistente al agua<\/li>\n<\/ul>\n<p>Dise\u00f1o y dimensiones:<\/p>\n<ul>\n<li>Longitud total: 565 mm<\/li>\n<li>Eje principal: acero inoxidable, \u00d810 mm, 420 mm de longitud, rotaci\u00f3n de 360\u00b0<\/li>\n<li>Mango: pl\u00e1stico duro, 45 x 45 mm, 130 mm de longitud<\/li>\n<li>Peso: 0,400 kg<\/li>\n<\/ul>\n<p>Alimentaci\u00f3n y bater\u00eda:<\/p>\n<ul>\n<li>Se suministra con 2 bater\u00edas (una en uso y otra en carga)<\/li>\n<li>Hasta 6 horas de uso continuo con una bater\u00eda completamente cargada<\/li>\n<li>Incluye un cargador de doble ranura con compartimentos de carga separados y un indicador de carga porcentual para cada bater\u00eda<\/li>\n<\/ul>","protected":false},"excerpt":{"rendered":"<p>This wireless equine dental camera is designed for intraoral examination and video recording during equine dental procedures. Featuring a 360\u00b0 rotating stainless-steel shaft, it provides greater flexibility and improved access inside the horse\u2019s mouth, allowing smoother positioning during inspections and treatments. With a wide 100\u00b0 field of view, a tempered glass-protected lens, and powerful 8-LED [&hellip;]<\/p>\n","protected":false},"featured_media":11293,"comment_status":"closed","ping_status":"closed","template":"","meta":{"_acf_changed":false},"product_brand":[],"product_cat":[186,205,225],"product_tag":[],"class_list":{"0":"post-11292","1":"product","2":"type-product","3":"status-publish","4":"has-post-thumbnail","6":"product_cat-new-products","7":"product_cat-diagnostic","8":"product_cat-accessories","10":"first","11":"instock","12":"shipping-taxable","13":"purchasable","14":"product-type-simple"},"acf":[],"yoast_head":"<!-- This site is optimized with the Yoast SEO plugin v27.3 - https:\/\/yoast.com\/product\/yoast-seo-wordpress\/ -->\n<title>Wi-Fi Dental Camera - Horse Dental Equipment<\/title>\n<meta name=\"description\" content=\"This wireless equine dental camera is designed for intraoral examination and video recording during equine dental procedures.\" \/>\n<meta name=\"robots\" content=\"index, follow, max-snippet:-1, max-image-preview:large, max-video-preview:-1\" \/>\n<link rel=\"canonical\" href=\"https:\/\/www.horse-dental-equipment.com\/es\/producto\/camara-dental-wi-fi\/\" \/>\n<meta property=\"og:locale\" content=\"es_ES\" \/>\n<meta property=\"og:type\" content=\"article\" \/>\n<meta property=\"og:title\" content=\"Wi-Fi Dental Camera - Horse Dental Equipment\" \/>\n<meta property=\"og:description\" content=\"This wireless equine dental camera is designed for intraoral examination and video recording during equine dental procedures.\" \/>\n<meta property=\"og:url\" content=\"https:\/\/www.horse-dental-equipment.com\/es\/producto\/camara-dental-wi-fi\/\" \/>\n<meta property=\"og:site_name\" content=\"Horse Dental Equipment\" \/>\n<meta property=\"og:image\" content=\"https:\/\/www.horse-dental-equipment.com\/wp-content\/uploads\/2026\/02\/ACC_WDC.jpg\" \/>\n\t<meta property=\"og:image:width\" content=\"800\" \/>\n\t<meta property=\"og:image:height\" content=\"619\" \/>\n\t<meta property=\"og:image:type\" content=\"image\/jpeg\" \/>\n<meta name=\"twitter:card\" content=\"summary_large_image\" \/>\n<meta name=\"twitter:label1\" content=\"Tiempo de lectura\" \/>\n\t<meta name=\"twitter:data1\" content=\"2 minutos\" \/>\n<script type=\"application\/ld+json\" class=\"yoast-schema-graph\">{\"@context\":\"https:\\\/\\\/schema.org\",\"@graph\":[{\"@type\":\"WebPage\",\"@id\":\"https:\\\/\\\/www.horse-dental-equipment.com\\\/product\\\/wi-fi-dental-camera\\\/\",\"url\":\"https:\\\/\\\/www.horse-dental-equipment.com\\\/product\\\/wi-fi-dental-camera\\\/\",\"name\":\"Wi-Fi Dental Camera - Horse Dental Equipment\",\"isPartOf\":{\"@id\":\"https:\\\/\\\/www.horse-dental-equipment.com\\\/#website\"},\"primaryImageOfPage\":{\"@id\":\"https:\\\/\\\/www.horse-dental-equipment.com\\\/product\\\/wi-fi-dental-camera\\\/#primaryimage\"},\"image\":{\"@id\":\"https:\\\/\\\/www.horse-dental-equipment.com\\\/product\\\/wi-fi-dental-camera\\\/#primaryimage\"},\"thumbnailUrl\":\"https:\\\/\\\/www.horse-dental-equipment.com\\\/wp-content\\\/uploads\\\/2026\\\/02\\\/ACC_WDC.jpg\",\"datePublished\":\"2026-04-01T14:31:21+00:00\",\"description\":\"This wireless equine dental camera is designed for intraoral examination and video recording during equine dental procedures.\",\"breadcrumb\":{\"@id\":\"https:\\\/\\\/www.horse-dental-equipment.com\\\/product\\\/wi-fi-dental-camera\\\/#breadcrumb\"},\"inLanguage\":\"es\",\"potentialAction\":[{\"@type\":\"ReadAction\",\"target\":[\"https:\\\/\\\/www.horse-dental-equipment.com\\\/product\\\/wi-fi-dental-camera\\\/\"]}]},{\"@type\":\"ImageObject\",\"inLanguage\":\"es\",\"@id\":\"https:\\\/\\\/www.horse-dental-equipment.com\\\/product\\\/wi-fi-dental-camera\\\/#primaryimage\",\"url\":\"https:\\\/\\\/www.horse-dental-equipment.com\\\/wp-content\\\/uploads\\\/2026\\\/02\\\/ACC_WDC.jpg\",\"contentUrl\":\"https:\\\/\\\/www.horse-dental-equipment.com\\\/wp-content\\\/uploads\\\/2026\\\/02\\\/ACC_WDC.jpg\",\"width\":800,\"height\":619,\"caption\":\"Wi-Fi Dental Camera\"},{\"@type\":\"BreadcrumbList\",\"@id\":\"https:\\\/\\\/www.horse-dental-equipment.com\\\/product\\\/wi-fi-dental-camera\\\/#breadcrumb\",\"itemListElement\":[{\"@type\":\"ListItem\",\"position\":1,\"name\":\"Home\",\"item\":\"https:\\\/\\\/www.horse-dental-equipment.com\\\/\"},{\"@type\":\"ListItem\",\"position\":2,\"name\":\"Products\",\"item\":\"https:\\\/\\\/www.horse-dental-equipment.com\\\/fr\\\/produits\\\/\"},{\"@type\":\"ListItem\",\"position\":3,\"name\":\"Wi-Fi Dental Camera\"}]},{\"@type\":\"WebSite\",\"@id\":\"https:\\\/\\\/www.horse-dental-equipment.com\\\/#website\",\"url\":\"https:\\\/\\\/www.horse-dental-equipment.com\\\/\",\"name\":\"Horse Dental Equipment\",\"description\":\"Your partner to develop your equine dentistry business\",\"potentialAction\":[{\"@type\":\"SearchAction\",\"target\":{\"@type\":\"EntryPoint\",\"urlTemplate\":\"https:\\\/\\\/www.horse-dental-equipment.com\\\/?s={search_term_string}\"},\"query-input\":{\"@type\":\"PropertyValueSpecification\",\"valueRequired\":true,\"valueName\":\"search_term_string\"}}],\"inLanguage\":\"es\"}]}<\/script>\n<!-- \/ Yoast SEO plugin. -->","yoast_head_json":{"title":"C\u00e1mara Dental Wi-Fi","description":"Esta c\u00e1mara dental inal\u00e1mbrica para caballos est\u00e1 dise\u00f1ada para realizar ex\u00e1menes intraorales y grabar videos durante procedimientos dentales equinos.","robots":{"index":"index","follow":"follow","max-snippet":"max-snippet:-1","max-image-preview":"max-image-preview:large","max-video-preview":"max-video-preview:-1"},"canonical":"https:\/\/www.horse-dental-equipment.com\/es\/producto\/camara-dental-wi-fi\/","og_locale":"es_ES","og_type":"article","og_title":"Wi-Fi Dental Camera - Horse Dental Equipment","og_description":"This wireless equine dental camera is designed for intraoral examination and video recording during equine dental procedures.","og_url":"https:\/\/www.horse-dental-equipment.com\/es\/producto\/camara-dental-wi-fi\/","og_site_name":"Horse Dental Equipment","og_image":[{"width":800,"height":619,"url":"https:\/\/www.horse-dental-equipment.com\/wp-content\/uploads\/2026\/02\/ACC_WDC.jpg","type":"image\/jpeg"}],"twitter_card":"summary_large_image","twitter_misc":{"Tiempo de lectura":"2 minutos"},"schema":{"@context":"https:\/\/schema.org","@graph":[{"@type":"WebPage","@id":"https:\/\/www.horse-dental-equipment.com\/product\/wi-fi-dental-camera\/","url":"https:\/\/www.horse-dental-equipment.com\/product\/wi-fi-dental-camera\/","name":"C\u00e1mara Dental Wi-Fi","isPartOf":{"@id":"https:\/\/www.horse-dental-equipment.com\/#website"},"primaryImageOfPage":{"@id":"https:\/\/www.horse-dental-equipment.com\/product\/wi-fi-dental-camera\/#primaryimage"},"image":{"@id":"https:\/\/www.horse-dental-equipment.com\/product\/wi-fi-dental-camera\/#primaryimage"},"thumbnailUrl":"https:\/\/www.horse-dental-equipment.com\/wp-content\/uploads\/2026\/02\/ACC_WDC.jpg","datePublished":"2026-04-01T14:31:21+00:00","description":"Esta c\u00e1mara dental inal\u00e1mbrica para caballos est\u00e1 dise\u00f1ada para realizar ex\u00e1menes intraorales y grabar videos durante procedimientos dentales equinos.","breadcrumb":{"@id":"https:\/\/www.horse-dental-equipment.com\/product\/wi-fi-dental-camera\/#breadcrumb"},"inLanguage":"es","potentialAction":[{"@type":"ReadAction","target":["https:\/\/www.horse-dental-equipment.com\/product\/wi-fi-dental-camera\/"]}]},{"@type":"ImageObject","inLanguage":"es","@id":"https:\/\/www.horse-dental-equipment.com\/product\/wi-fi-dental-camera\/#primaryimage","url":"https:\/\/www.horse-dental-equipment.com\/wp-content\/uploads\/2026\/02\/ACC_WDC.jpg","contentUrl":"https:\/\/www.horse-dental-equipment.com\/wp-content\/uploads\/2026\/02\/ACC_WDC.jpg","width":800,"height":619,"caption":"Wi-Fi Dental Camera"},{"@type":"BreadcrumbList","@id":"https:\/\/www.horse-dental-equipment.com\/product\/wi-fi-dental-camera\/#breadcrumb","itemListElement":[{"@type":"ListItem","position":1,"name":"Home","item":"https:\/\/www.horse-dental-equipment.com\/"},{"@type":"ListItem","position":2,"name":"Products","item":"https:\/\/www.horse-dental-equipment.com\/fr\/produits\/"},{"@type":"ListItem","position":3,"name":"Wi-Fi Dental Camera"}]},{"@type":"WebSite","@id":"https:\/\/www.horse-dental-equipment.com\/#website","url":"https:\/\/www.horse-dental-equipment.com\/","name":"Horse Dental Equipment","description":"Your partner to develop your equine dentistry business","potentialAction":[{"@type":"SearchAction","target":{"@type":"EntryPoint","urlTemplate":"https:\/\/www.horse-dental-equipment.com\/?s={search_term_string}"},"query-input":{"@type":"PropertyValueSpecification","valueRequired":true,"valueName":"search_term_string"}}],"inLanguage":"es"}]}},"_links":{"self":[{"href":"https:\/\/www.horse-dental-equipment.com\/es\/wp-json\/wp\/v2\/product\/11292","targetHints":{"allow":["GET"]}}],"collection":[{"href":"https:\/\/www.horse-dental-equipment.com\/es\/wp-json\/wp\/v2\/product"}],"about":[{"href":"https:\/\/www.horse-dental-equipment.com\/es\/wp-json\/wp\/v2\/types\/product"}],"replies":[{"embeddable":true,"href":"https:\/\/www.horse-dental-equipment.com\/es\/wp-json\/wp\/v2\/comments?post=11292"}],"wp:featuredmedia":[{"embeddable":true,"href":"https:\/\/www.horse-dental-equipment.com\/es\/wp-json\/wp\/v2\/media\/11293"}],"wp:attachment":[{"href":"https:\/\/www.horse-dental-equipment.com\/es\/wp-json\/wp\/v2\/media?parent=11292"}],"wp:term":[{"taxonomy":"product_brand","embeddable":true,"href":"https:\/\/www.horse-dental-equipment.com\/es\/wp-json\/wp\/v2\/product_brand?post=11292"},{"taxonomy":"product_cat","embeddable":true,"href":"https:\/\/www.horse-dental-equipment.com\/es\/wp-json\/wp\/v2\/product_cat?post=11292"},{"taxonomy":"product_tag","embeddable":true,"href":"https:\/\/www.horse-dental-equipment.com\/es\/wp-json\/wp\/v2\/product_tag?post=11292"}],"curies":[{"name":"wp","href":"https:\/\/api.w.org\/{rel}","templated":true}]}}