{"id":11216,"date":"2025-10-26T17:52:50","date_gmt":"2025-10-26T16:52:50","guid":{"rendered":"https:\/\/www.horse-dental-equipment.com\/?post_type=product&#038;p=11216"},"modified":"2026-04-01T14:44:56","modified_gmt":"2026-04-01T12:44:56","slug":"libro-equine-dentistry-maxillofacial-surgery","status":"publish","type":"product","link":"https:\/\/www.horse-dental-equipment.com\/es\/producto\/libro-equine-dentistry-maxillofacial-surgery\/","title":{"rendered":"Libro \"Equine Dentistry and Maxillofacial Surgery\""},"content":{"rendered":"<p>Este es el libro de m\u00e1s amplio y completo sobre odontolog\u00eda equina y cirug\u00eda maxilofacial jam\u00e1s publicado, e incluye los principales avances cient\u00edficos realizados en este campo durante los \u00faltimos 25 a\u00f1os. Tambi\u00e9n describe con gran detalle numerosos avances en t\u00e9cnicas quir\u00fargicas dentales equinas est\u00e1ndar y avanzadas. Entre los 38 autores se encuentran los especialistas acad\u00e9micos y cl\u00ednicos m\u00e1s importantes del mundo en odontolog\u00eda equina, y la mayor\u00eda de ellos son diplomados en odontolog\u00eda equina por colegios europeos o estadounidenses de odontolog\u00eda veterinaria. Este libro ser\u00e1 una lectura imprescindible para todos los veterinarios equinos que se dediquen a la odontolog\u00eda, especialmente para aquellos que deseen especializarse en odontolog\u00eda equina m\u00e1s avanzada, incluida la cirug\u00eda maxilofacial. Algunas secciones del libro tambi\u00e9n ser\u00e1n de gran inter\u00e9s para los estudiantes de veterinaria, los internos equinos, los residentes de cirug\u00eda equina y los anatomistas y pat\u00f3logos veterinarios.<\/p>\n<p>Caracter\u00edsticas:<\/p>\n<ul>\n<li>Editado por Dr. Jack Easley, Dr. Padraic Dixon &amp; Dr. Nicole du Toit<\/li>\n<li>Editorial: Cambridge Scholars Publishing<\/li>\n<li>Fecha de publicaci\u00f3n: 18 de marzo de 2022<\/li>\n<li>Edici\u00f3n: 1a<\/li>\n<li>Idioma: Ingl\u00e9s<\/li>\n<li>Longitud: 760 p\u00e1ginas<\/li>\n<li>Peso: 2,02 kg<\/li>\n<li>Dimensiones: 30 x 4,2 x 21 cm<\/li>\n<\/ul>","protected":false},"excerpt":{"rendered":"<p>This is the largest and most comprehensive textbook on equine dentistry and maxillofacial surgery ever published, and includes the many major scientific advances made in this area over the last 25 years. It also describes in great detail numerous developments in standard and advanced equine dental surgical techniques. The 38 authors include the most prominent [&hellip;]<\/p>\n","protected":false},"featured_media":11217,"comment_status":"closed","ping_status":"closed","template":"","meta":{"_acf_changed":false},"product_brand":[],"product_cat":[225,186,93],"product_tag":[],"class_list":{"0":"post-11216","1":"product","2":"type-product","3":"status-publish","4":"has-post-thumbnail","6":"product_cat-accessories","7":"product_cat-new-products","8":"product_cat-other-accessories","10":"first","11":"instock","12":"shipping-taxable","13":"purchasable","14":"product-type-simple"},"acf":[],"yoast_head":"<!-- This site is optimized with the Yoast SEO plugin v27.3 - https:\/\/yoast.com\/product\/yoast-seo-wordpress\/ -->\n<title>&quot;Equine Dentistry and Maxillofacial Surgery&quot; Textbook - Horse Dental Equipment<\/title>\n<meta name=\"robots\" content=\"index, follow, max-snippet:-1, max-image-preview:large, max-video-preview:-1\" \/>\n<link rel=\"canonical\" href=\"https:\/\/www.horse-dental-equipment.com\/es\/producto\/libro-equine-dentistry-maxillofacial-surgery\/\" \/>\n<meta property=\"og:locale\" content=\"es_ES\" \/>\n<meta property=\"og:type\" content=\"article\" \/>\n<meta property=\"og:title\" content=\"&quot;Equine Dentistry and Maxillofacial Surgery&quot; Textbook - Horse Dental Equipment\" \/>\n<meta property=\"og:description\" content=\"This is the largest and most comprehensive textbook on equine dentistry and maxillofacial surgery ever published, and includes the many major scientific advances made in this area over the last 25 years. It also describes in great detail numerous developments in standard and advanced equine dental surgical techniques. The 38 authors include the most prominent [&hellip;]\" \/>\n<meta property=\"og:url\" content=\"https:\/\/www.horse-dental-equipment.com\/es\/producto\/libro-equine-dentistry-maxillofacial-surgery\/\" \/>\n<meta property=\"og:site_name\" content=\"Horse Dental Equipment\" \/>\n<meta property=\"article:modified_time\" content=\"2026-04-01T12:44:56+00:00\" \/>\n<meta property=\"og:image\" content=\"https:\/\/www.horse-dental-equipment.com\/wp-content\/uploads\/2025\/10\/ACC_LDE2.jpg\" \/>\n\t<meta property=\"og:image:width\" content=\"800\" \/>\n\t<meta property=\"og:image:height\" content=\"619\" \/>\n\t<meta property=\"og:image:type\" content=\"image\/jpeg\" \/>\n<meta name=\"twitter:card\" content=\"summary_large_image\" \/>\n<meta name=\"twitter:label1\" content=\"Tiempo de lectura\" \/>\n\t<meta name=\"twitter:data1\" content=\"1 minuto\" \/>\n<script type=\"application\/ld+json\" class=\"yoast-schema-graph\">{\"@context\":\"https:\\\/\\\/schema.org\",\"@graph\":[{\"@type\":\"WebPage\",\"@id\":\"https:\\\/\\\/www.horse-dental-equipment.com\\\/product\\\/equine-dentistry-maxillofacial-surgery-textbook\\\/\",\"url\":\"https:\\\/\\\/www.horse-dental-equipment.com\\\/product\\\/equine-dentistry-maxillofacial-surgery-textbook\\\/\",\"name\":\"\\\"Equine Dentistry and Maxillofacial Surgery\\\" Textbook - Horse Dental Equipment\",\"isPartOf\":{\"@id\":\"https:\\\/\\\/www.horse-dental-equipment.com\\\/#website\"},\"primaryImageOfPage\":{\"@id\":\"https:\\\/\\\/www.horse-dental-equipment.com\\\/product\\\/equine-dentistry-maxillofacial-surgery-textbook\\\/#primaryimage\"},\"image\":{\"@id\":\"https:\\\/\\\/www.horse-dental-equipment.com\\\/product\\\/equine-dentistry-maxillofacial-surgery-textbook\\\/#primaryimage\"},\"thumbnailUrl\":\"https:\\\/\\\/www.horse-dental-equipment.com\\\/wp-content\\\/uploads\\\/2025\\\/10\\\/ACC_LDE2.jpg\",\"datePublished\":\"2025-10-26T16:52:50+00:00\",\"dateModified\":\"2026-04-01T12:44:56+00:00\",\"breadcrumb\":{\"@id\":\"https:\\\/\\\/www.horse-dental-equipment.com\\\/product\\\/equine-dentistry-maxillofacial-surgery-textbook\\\/#breadcrumb\"},\"inLanguage\":\"es\",\"potentialAction\":[{\"@type\":\"ReadAction\",\"target\":[\"https:\\\/\\\/www.horse-dental-equipment.com\\\/product\\\/equine-dentistry-maxillofacial-surgery-textbook\\\/\"]}]},{\"@type\":\"ImageObject\",\"inLanguage\":\"es\",\"@id\":\"https:\\\/\\\/www.horse-dental-equipment.com\\\/product\\\/equine-dentistry-maxillofacial-surgery-textbook\\\/#primaryimage\",\"url\":\"https:\\\/\\\/www.horse-dental-equipment.com\\\/wp-content\\\/uploads\\\/2025\\\/10\\\/ACC_LDE2.jpg\",\"contentUrl\":\"https:\\\/\\\/www.horse-dental-equipment.com\\\/wp-content\\\/uploads\\\/2025\\\/10\\\/ACC_LDE2.jpg\",\"width\":800,\"height\":619,\"caption\":\"\\\"Equine Dentistry and Maxillofacial Surgery\\\" Textbook\"},{\"@type\":\"BreadcrumbList\",\"@id\":\"https:\\\/\\\/www.horse-dental-equipment.com\\\/product\\\/equine-dentistry-maxillofacial-surgery-textbook\\\/#breadcrumb\",\"itemListElement\":[{\"@type\":\"ListItem\",\"position\":1,\"name\":\"Home\",\"item\":\"https:\\\/\\\/www.horse-dental-equipment.com\\\/\"},{\"@type\":\"ListItem\",\"position\":2,\"name\":\"Products\",\"item\":\"https:\\\/\\\/www.horse-dental-equipment.com\\\/fr\\\/produits\\\/\"},{\"@type\":\"ListItem\",\"position\":3,\"name\":\"&#8220;Equine Dentistry and Maxillofacial Surgery&#8221; Textbook\"}]},{\"@type\":\"WebSite\",\"@id\":\"https:\\\/\\\/www.horse-dental-equipment.com\\\/#website\",\"url\":\"https:\\\/\\\/www.horse-dental-equipment.com\\\/\",\"name\":\"Horse Dental Equipment\",\"description\":\"Your partner to develop your equine dentistry business\",\"potentialAction\":[{\"@type\":\"SearchAction\",\"target\":{\"@type\":\"EntryPoint\",\"urlTemplate\":\"https:\\\/\\\/www.horse-dental-equipment.com\\\/?s={search_term_string}\"},\"query-input\":{\"@type\":\"PropertyValueSpecification\",\"valueRequired\":true,\"valueName\":\"search_term_string\"}}],\"inLanguage\":\"es\"}]}<\/script>\n<!-- \/ Yoast SEO plugin. -->","yoast_head_json":{"title":"Libro \"Equine Dentistry and Maxillofacial Surgery\" - Horse Dental Equipment","robots":{"index":"index","follow":"follow","max-snippet":"max-snippet:-1","max-image-preview":"max-image-preview:large","max-video-preview":"max-video-preview:-1"},"canonical":"https:\/\/www.horse-dental-equipment.com\/es\/producto\/libro-equine-dentistry-maxillofacial-surgery\/","og_locale":"es_ES","og_type":"article","og_title":"\"Equine Dentistry and Maxillofacial Surgery\" Textbook - Horse Dental Equipment","og_description":"This is the largest and most comprehensive textbook on equine dentistry and maxillofacial surgery ever published, and includes the many major scientific advances made in this area over the last 25 years. It also describes in great detail numerous developments in standard and advanced equine dental surgical techniques. The 38 authors include the most prominent [&hellip;]","og_url":"https:\/\/www.horse-dental-equipment.com\/es\/producto\/libro-equine-dentistry-maxillofacial-surgery\/","og_site_name":"Horse Dental Equipment","article_modified_time":"2026-04-01T12:44:56+00:00","og_image":[{"width":800,"height":619,"url":"https:\/\/www.horse-dental-equipment.com\/wp-content\/uploads\/2025\/10\/ACC_LDE2.jpg","type":"image\/jpeg"}],"twitter_card":"summary_large_image","twitter_misc":{"Tiempo de lectura":"1 minuto"},"schema":{"@context":"https:\/\/schema.org","@graph":[{"@type":"WebPage","@id":"https:\/\/www.horse-dental-equipment.com\/product\/equine-dentistry-maxillofacial-surgery-textbook\/","url":"https:\/\/www.horse-dental-equipment.com\/product\/equine-dentistry-maxillofacial-surgery-textbook\/","name":"Libro \"Equine Dentistry and Maxillofacial Surgery\" - Horse Dental Equipment","isPartOf":{"@id":"https:\/\/www.horse-dental-equipment.com\/#website"},"primaryImageOfPage":{"@id":"https:\/\/www.horse-dental-equipment.com\/product\/equine-dentistry-maxillofacial-surgery-textbook\/#primaryimage"},"image":{"@id":"https:\/\/www.horse-dental-equipment.com\/product\/equine-dentistry-maxillofacial-surgery-textbook\/#primaryimage"},"thumbnailUrl":"https:\/\/www.horse-dental-equipment.com\/wp-content\/uploads\/2025\/10\/ACC_LDE2.jpg","datePublished":"2025-10-26T16:52:50+00:00","dateModified":"2026-04-01T12:44:56+00:00","breadcrumb":{"@id":"https:\/\/www.horse-dental-equipment.com\/product\/equine-dentistry-maxillofacial-surgery-textbook\/#breadcrumb"},"inLanguage":"es","potentialAction":[{"@type":"ReadAction","target":["https:\/\/www.horse-dental-equipment.com\/product\/equine-dentistry-maxillofacial-surgery-textbook\/"]}]},{"@type":"ImageObject","inLanguage":"es","@id":"https:\/\/www.horse-dental-equipment.com\/product\/equine-dentistry-maxillofacial-surgery-textbook\/#primaryimage","url":"https:\/\/www.horse-dental-equipment.com\/wp-content\/uploads\/2025\/10\/ACC_LDE2.jpg","contentUrl":"https:\/\/www.horse-dental-equipment.com\/wp-content\/uploads\/2025\/10\/ACC_LDE2.jpg","width":800,"height":619,"caption":"\"Equine Dentistry and Maxillofacial Surgery\" Textbook"},{"@type":"BreadcrumbList","@id":"https:\/\/www.horse-dental-equipment.com\/product\/equine-dentistry-maxillofacial-surgery-textbook\/#breadcrumb","itemListElement":[{"@type":"ListItem","position":1,"name":"Home","item":"https:\/\/www.horse-dental-equipment.com\/"},{"@type":"ListItem","position":2,"name":"Products","item":"https:\/\/www.horse-dental-equipment.com\/fr\/produits\/"},{"@type":"ListItem","position":3,"name":"&#8220;Equine Dentistry and Maxillofacial Surgery&#8221; Textbook"}]},{"@type":"WebSite","@id":"https:\/\/www.horse-dental-equipment.com\/#website","url":"https:\/\/www.horse-dental-equipment.com\/","name":"Horse Dental Equipment","description":"Your partner to develop your equine dentistry business","potentialAction":[{"@type":"SearchAction","target":{"@type":"EntryPoint","urlTemplate":"https:\/\/www.horse-dental-equipment.com\/?s={search_term_string}"},"query-input":{"@type":"PropertyValueSpecification","valueRequired":true,"valueName":"search_term_string"}}],"inLanguage":"es"}]}},"_links":{"self":[{"href":"https:\/\/www.horse-dental-equipment.com\/es\/wp-json\/wp\/v2\/product\/11216","targetHints":{"allow":["GET"]}}],"collection":[{"href":"https:\/\/www.horse-dental-equipment.com\/es\/wp-json\/wp\/v2\/product"}],"about":[{"href":"https:\/\/www.horse-dental-equipment.com\/es\/wp-json\/wp\/v2\/types\/product"}],"replies":[{"embeddable":true,"href":"https:\/\/www.horse-dental-equipment.com\/es\/wp-json\/wp\/v2\/comments?post=11216"}],"wp:featuredmedia":[{"embeddable":true,"href":"https:\/\/www.horse-dental-equipment.com\/es\/wp-json\/wp\/v2\/media\/11217"}],"wp:attachment":[{"href":"https:\/\/www.horse-dental-equipment.com\/es\/wp-json\/wp\/v2\/media?parent=11216"}],"wp:term":[{"taxonomy":"product_brand","embeddable":true,"href":"https:\/\/www.horse-dental-equipment.com\/es\/wp-json\/wp\/v2\/product_brand?post=11216"},{"taxonomy":"product_cat","embeddable":true,"href":"https:\/\/www.horse-dental-equipment.com\/es\/wp-json\/wp\/v2\/product_cat?post=11216"},{"taxonomy":"product_tag","embeddable":true,"href":"https:\/\/www.horse-dental-equipment.com\/es\/wp-json\/wp\/v2\/product_tag?post=11216"}],"curies":[{"name":"wp","href":"https:\/\/api.w.org\/{rel}","templated":true}]}}