{"id":10982,"date":"2025-07-11T14:40:06","date_gmt":"2025-07-11T12:40:06","guid":{"rendered":"https:\/\/www.horse-dental-equipment.com\/?post_type=product&#038;p=10982"},"modified":"2026-04-01T16:21:29","modified_gmt":"2026-04-01T14:21:29","slug":"serenity-package-set-nivel-3-compact","status":"publish","type":"product","link":"https:\/\/www.horse-dental-equipment.com\/es\/producto\/serenity-package-set-nivel-3-compact\/","title":{"rendered":"Serenity Package Set Nivel 3 - COMPACT"},"content":{"rendered":"<p>El Serenity Package HDE es una soluci\u00f3n inteligente especialmente dise\u00f1ada para los profesionales interesados en desarrollar su servicio de odontolog\u00eda equina. Ofrece una combinaci\u00f3n \u00fanica de equipos adaptados a su nivel de pr\u00e1ctica, estudiados para una mejor ergonom\u00eda que le garantice una total tranquilidad.<\/p>\n<p style=\"text-align: center;\"><a href=\"https:\/\/www.horse-dental-equipment.com\/wp-content\/uploads\/2025\/04\/20250205-Flyer-MAD-EN-LD.pdf\"><span style=\"color: #a21734;\"><strong>Serenidad Total desde 249\u20ac exc. IVA\/mes**<\/strong><\/span><\/a><\/p>\n<p><span style=\"color: #b4963d;\"><strong>\u00bfQu\u00e9 significa? Descubra el servicio y sus ventajas en v\u00eddeo<\/strong><\/span><\/p>\n<p><a href=\"https:\/\/www.horse-dental-equipment.com\/wp-content\/uploads\/2025\/04\/20250205-Flyer-MAD-EN-LD.pdf\"><img fetchpriority=\"high\" decoding=\"async\" class=\"wp-image-10984 aligncenter\" src=\"https:\/\/www.horse-dental-equipment.com\/wp-content\/uploads\/2025\/04\/SP-how-it-works-dry-300x252.png\" alt=\"Serenity Package, what does it mean? - Set Level 3 Compact\" width=\"565\" height=\"475\" srcset=\"https:\/\/www.horse-dental-equipment.com\/wp-content\/uploads\/2025\/04\/SP-how-it-works-dry-300x252.png 300w, https:\/\/www.horse-dental-equipment.com\/wp-content\/uploads\/2025\/04\/SP-how-it-works-dry-14x12.png 14w, https:\/\/www.horse-dental-equipment.com\/wp-content\/uploads\/2025\/04\/SP-how-it-works-dry-600x503.png 600w, https:\/\/www.horse-dental-equipment.com\/wp-content\/uploads\/2025\/04\/SP-how-it-works-dry.png 707w\" sizes=\"(max-width: 565px) 100vw, 565px\" \/><\/a><\/p>\n<p><iframe title=\"vimeo-player\" src=\"https:\/\/player.vimeo.com\/video\/717799797?h=2474d97a9e\" width=\"640\" height=\"360\" frameborder=\"0\" allowfullscreen=\"allowfullscreen\"><\/iframe><\/p>\n<p><span style=\"color: #b4963d;\"><strong>\u00a1Han adoptado el Serenity Package!<\/strong><\/span><\/p>\n<p><strong><span style=\"color: #b4963d;\">Descubra los comentarios del Dr. Alexis Leps (France) sobre el Serenity Package<\/span><\/strong><\/p>\n<p><iframe title=\"vimeo-player\" src=\"https:\/\/player.vimeo.com\/video\/1168805610?h=f924d6cd65\" width=\"640\" height=\"360\" frameborder=\"0\" allowfullscreen=\"allowfullscreen\"><\/iframe><\/p>\n<p><strong><span style=\"color: #b4963d;\">Descubra los comentarios del Dr. Hubert Simhofer (Austria) sobre el Serenity Package<\/span><\/strong><\/p>\n<p><iframe title=\"vimeo-player\" src=\"https:\/\/player.vimeo.com\/video\/972891919?h=ad933a2110\" width=\"640\" height=\"360\" frameborder=\"0\" allowfullscreen=\"allowfullscreen\"><\/iframe><\/p>\n<p>Descargue nuestro <span style=\"color: #b4963d;\"><strong><a style=\"color: #b4963d;\" href=\"https:\/\/www.horse-dental-equipment.com\/wp-content\/uploads\/2025\/04\/20250205-Flyer-MAD-EN-LD.pdf\">folleto<\/a><\/strong><\/span> para consultar las distintas opciones disponibles y <span style=\"color: #b4963d;\"><strong><a style=\"color: #b4963d;\" href=\"https:\/\/www.horse-dental-equipment.com\/es\/contacto\/\">cont\u00e1ctenos<\/a><\/strong><\/span> para m\u00e1s informarci\u00f3n!<\/p>\n<p><em>Nota: El Serenity Package est\u00e1 disponible para veterinarios y est\u00e1 sujeto a la validaci\u00f3n del expediente por parte de la entidad financiera. P\u00f3ngase en contacto con nosotros para saber si el servicio est\u00e1 disponible en su pa\u00eds.<br \/>\n* La oferta es v\u00e1lida por un per\u00edodo de 2 o 3 a\u00f1os y para una selecci\u00f3n de equipos.<br \/>\n** El transporte, excluidas las aduanas, est\u00e1 incluido. El seguro obligatorio no est\u00e1 incluido en el precio\/mes.<\/em><\/p>","protected":false},"excerpt":{"rendered":"<p>HDE Serenity Package is a smart all inclusive service solution specially designed for practitioners who are interested in developing their equine dentistry service. It offers a unique combination of equipment adapted to your level of practice, studied for a better ergonomics to guarantee you a total peace of mind. Total Serenity from 249\u20ac exc. VAT\/month** [&hellip;]<\/p>\n","protected":false},"featured_media":10985,"comment_status":"closed","ping_status":"closed","template":"","meta":{"_acf_changed":false},"product_brand":[],"product_cat":[474],"product_tag":[],"class_list":{"0":"post-10982","1":"product","2":"type-product","3":"status-publish","4":"has-post-thumbnail","6":"product_cat-serenity-package","8":"first","9":"instock","10":"shipping-taxable","11":"product-type-simple"},"acf":[],"yoast_head":"<!-- This site is optimized with the Yoast SEO plugin v27.3 - https:\/\/yoast.com\/product\/yoast-seo-wordpress\/ -->\n<title>Serenity Package Set Level 3 - COMPACT - Horse Dental Equipment<\/title>\n<meta name=\"robots\" content=\"index, follow, max-snippet:-1, max-image-preview:large, max-video-preview:-1\" \/>\n<link rel=\"canonical\" href=\"https:\/\/www.horse-dental-equipment.com\/es\/producto\/serenity-package-set-nivel-3-compact\/\" \/>\n<meta property=\"og:locale\" content=\"es_ES\" \/>\n<meta property=\"og:type\" content=\"article\" \/>\n<meta property=\"og:title\" content=\"Serenity Package Set Level 3 - COMPACT - Horse Dental Equipment\" \/>\n<meta property=\"og:description\" content=\"HDE Serenity Package is a smart all inclusive service solution specially designed for practitioners who are interested in developing their equine dentistry service. It offers a unique combination of equipment adapted to your level of practice, studied for a better ergonomics to guarantee you a total peace of mind. Total Serenity from 249\u20ac exc. VAT\/month** [&hellip;]\" \/>\n<meta property=\"og:url\" content=\"https:\/\/www.horse-dental-equipment.com\/es\/producto\/serenity-package-set-nivel-3-compact\/\" \/>\n<meta property=\"og:site_name\" content=\"Horse Dental Equipment\" \/>\n<meta property=\"article:modified_time\" content=\"2026-04-01T14:21:29+00:00\" \/>\n<meta property=\"og:image\" content=\"https:\/\/www.horse-dental-equipment.com\/wp-content\/uploads\/2025\/04\/SP-SET_L3C.jpg\" \/>\n\t<meta property=\"og:image:width\" content=\"800\" \/>\n\t<meta property=\"og:image:height\" content=\"619\" \/>\n\t<meta property=\"og:image:type\" content=\"image\/jpeg\" \/>\n<meta name=\"twitter:card\" content=\"summary_large_image\" \/>\n<meta name=\"twitter:label1\" content=\"Tiempo de lectura\" \/>\n\t<meta name=\"twitter:data1\" content=\"2 minutos\" \/>\n<script type=\"application\/ld+json\" class=\"yoast-schema-graph\">{\"@context\":\"https:\\\/\\\/schema.org\",\"@graph\":[{\"@type\":\"WebPage\",\"@id\":\"https:\\\/\\\/www.horse-dental-equipment.com\\\/product\\\/serenity-package-set-level-3-compact\\\/\",\"url\":\"https:\\\/\\\/www.horse-dental-equipment.com\\\/product\\\/serenity-package-set-level-3-compact\\\/\",\"name\":\"Serenity Package Set Level 3 - COMPACT - Horse Dental Equipment\",\"isPartOf\":{\"@id\":\"https:\\\/\\\/www.horse-dental-equipment.com\\\/#website\"},\"primaryImageOfPage\":{\"@id\":\"https:\\\/\\\/www.horse-dental-equipment.com\\\/product\\\/serenity-package-set-level-3-compact\\\/#primaryimage\"},\"image\":{\"@id\":\"https:\\\/\\\/www.horse-dental-equipment.com\\\/product\\\/serenity-package-set-level-3-compact\\\/#primaryimage\"},\"thumbnailUrl\":\"https:\\\/\\\/www.horse-dental-equipment.com\\\/wp-content\\\/uploads\\\/2025\\\/04\\\/SP-SET_L3C.jpg\",\"datePublished\":\"2025-07-11T12:40:06+00:00\",\"dateModified\":\"2026-04-01T14:21:29+00:00\",\"breadcrumb\":{\"@id\":\"https:\\\/\\\/www.horse-dental-equipment.com\\\/product\\\/serenity-package-set-level-3-compact\\\/#breadcrumb\"},\"inLanguage\":\"es\",\"potentialAction\":[{\"@type\":\"ReadAction\",\"target\":[\"https:\\\/\\\/www.horse-dental-equipment.com\\\/product\\\/serenity-package-set-level-3-compact\\\/\"]}]},{\"@type\":\"ImageObject\",\"inLanguage\":\"es\",\"@id\":\"https:\\\/\\\/www.horse-dental-equipment.com\\\/product\\\/serenity-package-set-level-3-compact\\\/#primaryimage\",\"url\":\"https:\\\/\\\/www.horse-dental-equipment.com\\\/wp-content\\\/uploads\\\/2025\\\/04\\\/SP-SET_L3C.jpg\",\"contentUrl\":\"https:\\\/\\\/www.horse-dental-equipment.com\\\/wp-content\\\/uploads\\\/2025\\\/04\\\/SP-SET_L3C.jpg\",\"width\":800,\"height\":619,\"caption\":\"Serenity Package - Set Level 3 Compact\"},{\"@type\":\"BreadcrumbList\",\"@id\":\"https:\\\/\\\/www.horse-dental-equipment.com\\\/product\\\/serenity-package-set-level-3-compact\\\/#breadcrumb\",\"itemListElement\":[{\"@type\":\"ListItem\",\"position\":1,\"name\":\"Home\",\"item\":\"https:\\\/\\\/www.horse-dental-equipment.com\\\/\"},{\"@type\":\"ListItem\",\"position\":2,\"name\":\"Products\",\"item\":\"https:\\\/\\\/www.horse-dental-equipment.com\\\/fr\\\/produits\\\/\"},{\"@type\":\"ListItem\",\"position\":3,\"name\":\"Serenity Package Set Level 3 &#8211; COMPACT\"}]},{\"@type\":\"WebSite\",\"@id\":\"https:\\\/\\\/www.horse-dental-equipment.com\\\/#website\",\"url\":\"https:\\\/\\\/www.horse-dental-equipment.com\\\/\",\"name\":\"Horse Dental Equipment\",\"description\":\"Your partner to develop your equine dentistry business\",\"potentialAction\":[{\"@type\":\"SearchAction\",\"target\":{\"@type\":\"EntryPoint\",\"urlTemplate\":\"https:\\\/\\\/www.horse-dental-equipment.com\\\/?s={search_term_string}\"},\"query-input\":{\"@type\":\"PropertyValueSpecification\",\"valueRequired\":true,\"valueName\":\"search_term_string\"}}],\"inLanguage\":\"es\"}]}<\/script>\n<!-- \/ Yoast SEO plugin. -->","yoast_head_json":{"title":"Serenity Package Set Nivel 3 - COMPACT - Horse Dental Equipment","robots":{"index":"index","follow":"follow","max-snippet":"max-snippet:-1","max-image-preview":"max-image-preview:large","max-video-preview":"max-video-preview:-1"},"canonical":"https:\/\/www.horse-dental-equipment.com\/es\/producto\/serenity-package-set-nivel-3-compact\/","og_locale":"es_ES","og_type":"article","og_title":"Serenity Package Set Level 3 - COMPACT - Horse Dental Equipment","og_description":"HDE Serenity Package is a smart all inclusive service solution specially designed for practitioners who are interested in developing their equine dentistry service. It offers a unique combination of equipment adapted to your level of practice, studied for a better ergonomics to guarantee you a total peace of mind. Total Serenity from 249\u20ac exc. VAT\/month** [&hellip;]","og_url":"https:\/\/www.horse-dental-equipment.com\/es\/producto\/serenity-package-set-nivel-3-compact\/","og_site_name":"Horse Dental Equipment","article_modified_time":"2026-04-01T14:21:29+00:00","og_image":[{"width":800,"height":619,"url":"https:\/\/www.horse-dental-equipment.com\/wp-content\/uploads\/2025\/04\/SP-SET_L3C.jpg","type":"image\/jpeg"}],"twitter_card":"summary_large_image","twitter_misc":{"Tiempo de lectura":"2 minutos"},"schema":{"@context":"https:\/\/schema.org","@graph":[{"@type":"WebPage","@id":"https:\/\/www.horse-dental-equipment.com\/product\/serenity-package-set-level-3-compact\/","url":"https:\/\/www.horse-dental-equipment.com\/product\/serenity-package-set-level-3-compact\/","name":"Serenity Package Set Nivel 3 - COMPACT - Horse Dental Equipment","isPartOf":{"@id":"https:\/\/www.horse-dental-equipment.com\/#website"},"primaryImageOfPage":{"@id":"https:\/\/www.horse-dental-equipment.com\/product\/serenity-package-set-level-3-compact\/#primaryimage"},"image":{"@id":"https:\/\/www.horse-dental-equipment.com\/product\/serenity-package-set-level-3-compact\/#primaryimage"},"thumbnailUrl":"https:\/\/www.horse-dental-equipment.com\/wp-content\/uploads\/2025\/04\/SP-SET_L3C.jpg","datePublished":"2025-07-11T12:40:06+00:00","dateModified":"2026-04-01T14:21:29+00:00","breadcrumb":{"@id":"https:\/\/www.horse-dental-equipment.com\/product\/serenity-package-set-level-3-compact\/#breadcrumb"},"inLanguage":"es","potentialAction":[{"@type":"ReadAction","target":["https:\/\/www.horse-dental-equipment.com\/product\/serenity-package-set-level-3-compact\/"]}]},{"@type":"ImageObject","inLanguage":"es","@id":"https:\/\/www.horse-dental-equipment.com\/product\/serenity-package-set-level-3-compact\/#primaryimage","url":"https:\/\/www.horse-dental-equipment.com\/wp-content\/uploads\/2025\/04\/SP-SET_L3C.jpg","contentUrl":"https:\/\/www.horse-dental-equipment.com\/wp-content\/uploads\/2025\/04\/SP-SET_L3C.jpg","width":800,"height":619,"caption":"Serenity Package - Set Level 3 Compact"},{"@type":"BreadcrumbList","@id":"https:\/\/www.horse-dental-equipment.com\/product\/serenity-package-set-level-3-compact\/#breadcrumb","itemListElement":[{"@type":"ListItem","position":1,"name":"Home","item":"https:\/\/www.horse-dental-equipment.com\/"},{"@type":"ListItem","position":2,"name":"Products","item":"https:\/\/www.horse-dental-equipment.com\/fr\/produits\/"},{"@type":"ListItem","position":3,"name":"Serenity Package Set Level 3 &#8211; COMPACT"}]},{"@type":"WebSite","@id":"https:\/\/www.horse-dental-equipment.com\/#website","url":"https:\/\/www.horse-dental-equipment.com\/","name":"Horse Dental Equipment","description":"Your partner to develop your equine dentistry business","potentialAction":[{"@type":"SearchAction","target":{"@type":"EntryPoint","urlTemplate":"https:\/\/www.horse-dental-equipment.com\/?s={search_term_string}"},"query-input":{"@type":"PropertyValueSpecification","valueRequired":true,"valueName":"search_term_string"}}],"inLanguage":"es"}]}},"_links":{"self":[{"href":"https:\/\/www.horse-dental-equipment.com\/es\/wp-json\/wp\/v2\/product\/10982","targetHints":{"allow":["GET"]}}],"collection":[{"href":"https:\/\/www.horse-dental-equipment.com\/es\/wp-json\/wp\/v2\/product"}],"about":[{"href":"https:\/\/www.horse-dental-equipment.com\/es\/wp-json\/wp\/v2\/types\/product"}],"replies":[{"embeddable":true,"href":"https:\/\/www.horse-dental-equipment.com\/es\/wp-json\/wp\/v2\/comments?post=10982"}],"wp:featuredmedia":[{"embeddable":true,"href":"https:\/\/www.horse-dental-equipment.com\/es\/wp-json\/wp\/v2\/media\/10985"}],"wp:attachment":[{"href":"https:\/\/www.horse-dental-equipment.com\/es\/wp-json\/wp\/v2\/media?parent=10982"}],"wp:term":[{"taxonomy":"product_brand","embeddable":true,"href":"https:\/\/www.horse-dental-equipment.com\/es\/wp-json\/wp\/v2\/product_brand?post=10982"},{"taxonomy":"product_cat","embeddable":true,"href":"https:\/\/www.horse-dental-equipment.com\/es\/wp-json\/wp\/v2\/product_cat?post=10982"},{"taxonomy":"product_tag","embeddable":true,"href":"https:\/\/www.horse-dental-equipment.com\/es\/wp-json\/wp\/v2\/product_tag?post=10982"}],"curies":[{"name":"wp","href":"https:\/\/api.w.org\/{rel}","templated":true}]}}