{"id":10972,"date":"2025-04-03T10:52:37","date_gmt":"2025-04-03T08:52:37","guid":{"rendered":"https:\/\/www.horse-dental-equipment.com\/?post_type=product&#038;p=10972"},"modified":"2025-06-20T16:39:01","modified_gmt":"2025-06-20T14:39:01","slug":"poni-lima-maxilar-angulo-15","status":"publish","type":"product","link":"https:\/\/www.horse-dental-equipment.com\/es\/producto\/poni-lima-maxilar-angulo-15\/","title":{"rendered":"Poni - Lima Maxilar - Angulo 15\u00b0"},"content":{"rendered":"<p>Estas limas han sido especialmente dise\u00f1adas para trabajar en ponis con bocas m\u00e1s peque\u00f1as.<br \/>\nLima maxilar, angulo 15\u00b0, 48 cm.<br \/>\nRecambio de 50 mm.<br \/>\nSe vende sin recambios.<br \/>\nF\u00e1cil de limpiar.<\/p>\n<p>Disponible hasta fin de stock.<\/p>","protected":false},"excerpt":{"rendered":"<p>These rasps have been specially designed to work on ponies with smaller mouths. Maxillary rasp, angle 15\u00b0, 48 cm. 50 mm blades. Sold without blades. The rubber handles are easy to clean. Available while stocks last.<\/p>","protected":false},"featured_media":10973,"comment_status":"closed","ping_status":"closed","template":"","meta":{"_acf_changed":false},"product_brand":[],"product_cat":[463],"product_tag":[],"class_list":{"0":"post-10972","1":"product","2":"type-product","3":"status-publish","4":"has-post-thumbnail","6":"product_cat-destocking","8":"first","9":"instock","10":"shipping-taxable","11":"product-type-simple"},"acf":[],"yoast_head":"<!-- This site is optimized with the Yoast SEO plugin v27.3 - https:\/\/yoast.com\/product\/yoast-seo-wordpress\/ -->\n<title>Pony - Maxillary Rasp - Angle 15\u00b0 - Horse Dental Equipment<\/title>\n<meta name=\"description\" content=\"These rasps have been specially designed to work on ponies with smaller mouths. Maxillary rasp, angle 15\u00b0, 48 cm. 50 mm blades. Sold without blades.\" \/>\n<meta name=\"robots\" content=\"index, follow, max-snippet:-1, max-image-preview:large, max-video-preview:-1\" \/>\n<link rel=\"canonical\" href=\"https:\/\/www.horse-dental-equipment.com\/es\/producto\/poni-lima-maxilar-angulo-15\/\" \/>\n<meta property=\"og:locale\" content=\"es_ES\" \/>\n<meta property=\"og:type\" content=\"article\" \/>\n<meta property=\"og:title\" content=\"Pony - Maxillary Rasp - Angle 15\u00b0 - Horse Dental Equipment\" \/>\n<meta property=\"og:description\" content=\"These rasps have been specially designed to work on ponies with smaller mouths. Maxillary rasp, angle 15\u00b0, 48 cm. 50 mm blades. Sold without blades.\" \/>\n<meta property=\"og:url\" content=\"https:\/\/www.horse-dental-equipment.com\/es\/producto\/poni-lima-maxilar-angulo-15\/\" \/>\n<meta property=\"og:site_name\" content=\"Horse Dental Equipment\" \/>\n<meta property=\"article:modified_time\" content=\"2025-06-20T14:39:01+00:00\" \/>\n<meta property=\"og:image\" content=\"https:\/\/www.horse-dental-equipment.com\/wp-content\/uploads\/2025\/04\/RAP_BP4.jpg\" \/>\n\t<meta property=\"og:image:width\" content=\"800\" \/>\n\t<meta property=\"og:image:height\" content=\"619\" \/>\n\t<meta property=\"og:image:type\" content=\"image\/jpeg\" \/>\n<meta name=\"twitter:card\" content=\"summary_large_image\" \/>\n<meta name=\"twitter:label1\" content=\"Tiempo de lectura\" \/>\n\t<meta name=\"twitter:data1\" content=\"1 minuto\" \/>\n<script type=\"application\/ld+json\" class=\"yoast-schema-graph\">{\"@context\":\"https:\\\/\\\/schema.org\",\"@graph\":[{\"@type\":\"WebPage\",\"@id\":\"https:\\\/\\\/www.horse-dental-equipment.com\\\/product\\\/pony-maxillary-rasp-angle-15\\\/\",\"url\":\"https:\\\/\\\/www.horse-dental-equipment.com\\\/product\\\/pony-maxillary-rasp-angle-15\\\/\",\"name\":\"Pony - Maxillary Rasp - Angle 15\u00b0 - Horse Dental Equipment\",\"isPartOf\":{\"@id\":\"https:\\\/\\\/www.horse-dental-equipment.com\\\/#website\"},\"primaryImageOfPage\":{\"@id\":\"https:\\\/\\\/www.horse-dental-equipment.com\\\/product\\\/pony-maxillary-rasp-angle-15\\\/#primaryimage\"},\"image\":{\"@id\":\"https:\\\/\\\/www.horse-dental-equipment.com\\\/product\\\/pony-maxillary-rasp-angle-15\\\/#primaryimage\"},\"thumbnailUrl\":\"https:\\\/\\\/www.horse-dental-equipment.com\\\/wp-content\\\/uploads\\\/2025\\\/04\\\/RAP_BP4.jpg\",\"datePublished\":\"2025-04-03T08:52:37+00:00\",\"dateModified\":\"2025-06-20T14:39:01+00:00\",\"description\":\"These rasps have been specially designed to work on ponies with smaller mouths. Maxillary rasp, angle 15\u00b0, 48 cm. 50 mm blades. Sold without blades.\",\"breadcrumb\":{\"@id\":\"https:\\\/\\\/www.horse-dental-equipment.com\\\/product\\\/pony-maxillary-rasp-angle-15\\\/#breadcrumb\"},\"inLanguage\":\"es\",\"potentialAction\":[{\"@type\":\"ReadAction\",\"target\":[\"https:\\\/\\\/www.horse-dental-equipment.com\\\/product\\\/pony-maxillary-rasp-angle-15\\\/\"]}]},{\"@type\":\"ImageObject\",\"inLanguage\":\"es\",\"@id\":\"https:\\\/\\\/www.horse-dental-equipment.com\\\/product\\\/pony-maxillary-rasp-angle-15\\\/#primaryimage\",\"url\":\"https:\\\/\\\/www.horse-dental-equipment.com\\\/wp-content\\\/uploads\\\/2025\\\/04\\\/RAP_BP4.jpg\",\"contentUrl\":\"https:\\\/\\\/www.horse-dental-equipment.com\\\/wp-content\\\/uploads\\\/2025\\\/04\\\/RAP_BP4.jpg\",\"width\":800,\"height\":619,\"caption\":\"Pony - Maxillary Rasp - Angle 15\u00b0\"},{\"@type\":\"BreadcrumbList\",\"@id\":\"https:\\\/\\\/www.horse-dental-equipment.com\\\/product\\\/pony-maxillary-rasp-angle-15\\\/#breadcrumb\",\"itemListElement\":[{\"@type\":\"ListItem\",\"position\":1,\"name\":\"Home\",\"item\":\"https:\\\/\\\/www.horse-dental-equipment.com\\\/\"},{\"@type\":\"ListItem\",\"position\":2,\"name\":\"Products\",\"item\":\"https:\\\/\\\/www.horse-dental-equipment.com\\\/fr\\\/produits\\\/\"},{\"@type\":\"ListItem\",\"position\":3,\"name\":\"Pony &#8211; Maxillary Rasp &#8211; Angle 15\u00b0\"}]},{\"@type\":\"WebSite\",\"@id\":\"https:\\\/\\\/www.horse-dental-equipment.com\\\/#website\",\"url\":\"https:\\\/\\\/www.horse-dental-equipment.com\\\/\",\"name\":\"Horse Dental Equipment\",\"description\":\"Your partner to develop your equine dentistry business\",\"potentialAction\":[{\"@type\":\"SearchAction\",\"target\":{\"@type\":\"EntryPoint\",\"urlTemplate\":\"https:\\\/\\\/www.horse-dental-equipment.com\\\/?s={search_term_string}\"},\"query-input\":{\"@type\":\"PropertyValueSpecification\",\"valueRequired\":true,\"valueName\":\"search_term_string\"}}],\"inLanguage\":\"es\"}]}<\/script>\n<!-- \/ Yoast SEO plugin. -->","yoast_head_json":{"title":"Poni - Lima Maxilar - Angulo 15\u00b0 - Horse Dental Equipment","description":"Estas limas han sido especialmente dise\u00f1adas para trabajar en ponis con bocas mas peque\u00f1as.\nLima maxilar, angulo 15\u00b0, 48 cm.\nRecambio de 50 mm.\nSe vende sin recambios.","robots":{"index":"index","follow":"follow","max-snippet":"max-snippet:-1","max-image-preview":"max-image-preview:large","max-video-preview":"max-video-preview:-1"},"canonical":"https:\/\/www.horse-dental-equipment.com\/es\/producto\/poni-lima-maxilar-angulo-15\/","og_locale":"es_ES","og_type":"article","og_title":"Pony - Maxillary Rasp - Angle 15\u00b0 - Horse Dental Equipment","og_description":"These rasps have been specially designed to work on ponies with smaller mouths. Maxillary rasp, angle 15\u00b0, 48 cm. 50 mm blades. Sold without blades.","og_url":"https:\/\/www.horse-dental-equipment.com\/es\/producto\/poni-lima-maxilar-angulo-15\/","og_site_name":"Horse Dental Equipment","article_modified_time":"2025-06-20T14:39:01+00:00","og_image":[{"width":800,"height":619,"url":"https:\/\/www.horse-dental-equipment.com\/wp-content\/uploads\/2025\/04\/RAP_BP4.jpg","type":"image\/jpeg"}],"twitter_card":"summary_large_image","twitter_misc":{"Tiempo de lectura":"1 minuto"},"schema":{"@context":"https:\/\/schema.org","@graph":[{"@type":"WebPage","@id":"https:\/\/www.horse-dental-equipment.com\/product\/pony-maxillary-rasp-angle-15\/","url":"https:\/\/www.horse-dental-equipment.com\/product\/pony-maxillary-rasp-angle-15\/","name":"Poni - Lima Maxilar - Angulo 15\u00b0 - Horse Dental Equipment","isPartOf":{"@id":"https:\/\/www.horse-dental-equipment.com\/#website"},"primaryImageOfPage":{"@id":"https:\/\/www.horse-dental-equipment.com\/product\/pony-maxillary-rasp-angle-15\/#primaryimage"},"image":{"@id":"https:\/\/www.horse-dental-equipment.com\/product\/pony-maxillary-rasp-angle-15\/#primaryimage"},"thumbnailUrl":"https:\/\/www.horse-dental-equipment.com\/wp-content\/uploads\/2025\/04\/RAP_BP4.jpg","datePublished":"2025-04-03T08:52:37+00:00","dateModified":"2025-06-20T14:39:01+00:00","description":"Estas limas han sido especialmente dise\u00f1adas para trabajar en ponis con bocas mas peque\u00f1as.\nLima maxilar, angulo 15\u00b0, 48 cm.\nRecambio de 50 mm.\nSe vende sin recambios.","breadcrumb":{"@id":"https:\/\/www.horse-dental-equipment.com\/product\/pony-maxillary-rasp-angle-15\/#breadcrumb"},"inLanguage":"es","potentialAction":[{"@type":"ReadAction","target":["https:\/\/www.horse-dental-equipment.com\/product\/pony-maxillary-rasp-angle-15\/"]}]},{"@type":"ImageObject","inLanguage":"es","@id":"https:\/\/www.horse-dental-equipment.com\/product\/pony-maxillary-rasp-angle-15\/#primaryimage","url":"https:\/\/www.horse-dental-equipment.com\/wp-content\/uploads\/2025\/04\/RAP_BP4.jpg","contentUrl":"https:\/\/www.horse-dental-equipment.com\/wp-content\/uploads\/2025\/04\/RAP_BP4.jpg","width":800,"height":619,"caption":"Pony - Maxillary Rasp - Angle 15\u00b0"},{"@type":"BreadcrumbList","@id":"https:\/\/www.horse-dental-equipment.com\/product\/pony-maxillary-rasp-angle-15\/#breadcrumb","itemListElement":[{"@type":"ListItem","position":1,"name":"Home","item":"https:\/\/www.horse-dental-equipment.com\/"},{"@type":"ListItem","position":2,"name":"Products","item":"https:\/\/www.horse-dental-equipment.com\/fr\/produits\/"},{"@type":"ListItem","position":3,"name":"Pony &#8211; Maxillary Rasp &#8211; Angle 15\u00b0"}]},{"@type":"WebSite","@id":"https:\/\/www.horse-dental-equipment.com\/#website","url":"https:\/\/www.horse-dental-equipment.com\/","name":"Horse Dental Equipment","description":"Your partner to develop your equine dentistry business","potentialAction":[{"@type":"SearchAction","target":{"@type":"EntryPoint","urlTemplate":"https:\/\/www.horse-dental-equipment.com\/?s={search_term_string}"},"query-input":{"@type":"PropertyValueSpecification","valueRequired":true,"valueName":"search_term_string"}}],"inLanguage":"es"}]}},"_links":{"self":[{"href":"https:\/\/www.horse-dental-equipment.com\/es\/wp-json\/wp\/v2\/product\/10972","targetHints":{"allow":["GET"]}}],"collection":[{"href":"https:\/\/www.horse-dental-equipment.com\/es\/wp-json\/wp\/v2\/product"}],"about":[{"href":"https:\/\/www.horse-dental-equipment.com\/es\/wp-json\/wp\/v2\/types\/product"}],"replies":[{"embeddable":true,"href":"https:\/\/www.horse-dental-equipment.com\/es\/wp-json\/wp\/v2\/comments?post=10972"}],"wp:featuredmedia":[{"embeddable":true,"href":"https:\/\/www.horse-dental-equipment.com\/es\/wp-json\/wp\/v2\/media\/10973"}],"wp:attachment":[{"href":"https:\/\/www.horse-dental-equipment.com\/es\/wp-json\/wp\/v2\/media?parent=10972"}],"wp:term":[{"taxonomy":"product_brand","embeddable":true,"href":"https:\/\/www.horse-dental-equipment.com\/es\/wp-json\/wp\/v2\/product_brand?post=10972"},{"taxonomy":"product_cat","embeddable":true,"href":"https:\/\/www.horse-dental-equipment.com\/es\/wp-json\/wp\/v2\/product_cat?post=10972"},{"taxonomy":"product_tag","embeddable":true,"href":"https:\/\/www.horse-dental-equipment.com\/es\/wp-json\/wp\/v2\/product_tag?post=10972"}],"curies":[{"name":"wp","href":"https:\/\/api.w.org\/{rel}","templated":true}]}}