{"id":10885,"date":"2025-02-18T15:54:53","date_gmt":"2025-02-18T14:54:53","guid":{"rendered":"https:\/\/www.horse-dental-equipment.com\/?post_type=product&#038;p=10885"},"modified":"2025-07-25T16:39:16","modified_gmt":"2025-07-25T14:39:16","slug":"set-5-forceps-extraccion-dientes-lobo","status":"publish","type":"product","link":"https:\/\/www.horse-dental-equipment.com\/es\/producto\/set-5-forceps-extraccion-dientes-lobo\/","title":{"rendered":"Set de 5 F\u00f3rceps para Extracci\u00f3n de Dientes de Lobo"},"content":{"rendered":"<p>Un compuesto completo de f\u00f3rceps para la extracci\u00f3n de dientes de lobo incluyendo:<\/p>\n<ul>\n<li>F\u00f3rceps Recto Cerrado (DAV_DBF)<\/li>\n<li>F\u00f3rceps Recto Abierto (DAV_DBO)<\/li>\n<li>F\u00f3rceps Curvo 90\u00b0 Cerrado (DAV_C90BF)<\/li>\n<li>F\u00f3rceps Curvo 90\u00b0 Abierto (DAV_C90BO)<\/li>\n<li>F\u00f3rceps (DAV_CTC)<\/li>\n<\/ul>\n<p>Calidad acero inoxidable.<br \/>\nPosibilidad de comprar f\u00f3rceps individuales.<\/p>","protected":false},"excerpt":{"rendered":"<p>A complete set of wolf teeth extraction forceps including: Straight Forceps Closed (DAV_DBF) Straight Forceps Open (DAV_DBO) 90\u00b0 Curved Forceps Closed (DAV_C90BF) 90\u00b0 Curved Forceps Open (DAV_C90B0) Curved Forceps (DAV_CTC) Made from stainless steel quality. Possibility to buy individual forceps.<\/p>","protected":false},"featured_media":10888,"comment_status":"closed","ping_status":"closed","template":"","meta":{"_acf_changed":false},"product_brand":[],"product_cat":[79,80],"product_tag":[],"class_list":{"0":"post-10885","1":"product","2":"type-product","3":"status-publish","4":"has-post-thumbnail","6":"product_cat-stomatology","7":"product_cat-wolf-teeth-incisors-extraction","9":"first","10":"instock","11":"shipping-taxable","12":"purchasable","13":"product-type-simple"},"acf":[],"yoast_head":"<!-- This site is optimized with the Yoast SEO plugin v27.4 - https:\/\/yoast.com\/product\/yoast-seo-wordpress\/ -->\n<title>Set of 5 Wolf Tooth Forceps - Horse Dental Equipment<\/title>\n<meta name=\"description\" content=\"A complete set of wolf teeth extraction forceps including: Straight Forceps Closed (DAV_DBF) \/ Straight Forceps Open (DAV_DBO)\" \/>\n<meta name=\"robots\" content=\"index, follow, max-snippet:-1, max-image-preview:large, max-video-preview:-1\" \/>\n<link rel=\"canonical\" href=\"https:\/\/www.horse-dental-equipment.com\/es\/producto\/set-5-forceps-extraccion-dientes-lobo\/\" \/>\n<meta property=\"og:locale\" content=\"es_ES\" \/>\n<meta property=\"og:type\" content=\"article\" \/>\n<meta property=\"og:title\" content=\"Set of 5 Wolf Tooth Forceps - Horse Dental Equipment\" \/>\n<meta property=\"og:description\" content=\"A complete set of wolf teeth extraction forceps including: Straight Forceps Closed (DAV_DBF) \/ Straight Forceps Open (DAV_DBO)\" \/>\n<meta property=\"og:url\" content=\"https:\/\/www.horse-dental-equipment.com\/es\/producto\/set-5-forceps-extraccion-dientes-lobo\/\" \/>\n<meta property=\"og:site_name\" content=\"Horse Dental Equipment\" \/>\n<meta property=\"article:modified_time\" content=\"2025-07-25T14:39:16+00:00\" \/>\n<meta property=\"og:image\" content=\"https:\/\/www.horse-dental-equipment.com\/wp-content\/uploads\/2025\/02\/DAV_SET5.jpg\" \/>\n\t<meta property=\"og:image:width\" content=\"800\" \/>\n\t<meta property=\"og:image:height\" content=\"619\" \/>\n\t<meta property=\"og:image:type\" content=\"image\/jpeg\" \/>\n<meta name=\"twitter:card\" content=\"summary_large_image\" \/>\n<meta name=\"twitter:label1\" content=\"Tiempo de lectura\" \/>\n\t<meta name=\"twitter:data1\" content=\"1 minuto\" \/>\n<script type=\"application\/ld+json\" class=\"yoast-schema-graph\">{\"@context\":\"https:\\\/\\\/schema.org\",\"@graph\":[{\"@type\":\"WebPage\",\"@id\":\"https:\\\/\\\/www.horse-dental-equipment.com\\\/product\\\/set-5-wolf-tooth-forceps\\\/\",\"url\":\"https:\\\/\\\/www.horse-dental-equipment.com\\\/product\\\/set-5-wolf-tooth-forceps\\\/\",\"name\":\"Set of 5 Wolf Tooth Forceps - Horse Dental Equipment\",\"isPartOf\":{\"@id\":\"https:\\\/\\\/www.horse-dental-equipment.com\\\/#website\"},\"primaryImageOfPage\":{\"@id\":\"https:\\\/\\\/www.horse-dental-equipment.com\\\/product\\\/set-5-wolf-tooth-forceps\\\/#primaryimage\"},\"image\":{\"@id\":\"https:\\\/\\\/www.horse-dental-equipment.com\\\/product\\\/set-5-wolf-tooth-forceps\\\/#primaryimage\"},\"thumbnailUrl\":\"https:\\\/\\\/www.horse-dental-equipment.com\\\/wp-content\\\/uploads\\\/2025\\\/02\\\/DAV_SET5.jpg\",\"datePublished\":\"2025-02-18T14:54:53+00:00\",\"dateModified\":\"2025-07-25T14:39:16+00:00\",\"description\":\"A complete set of wolf teeth extraction forceps including: Straight Forceps Closed (DAV_DBF) \\\/ Straight Forceps Open (DAV_DBO)\",\"breadcrumb\":{\"@id\":\"https:\\\/\\\/www.horse-dental-equipment.com\\\/product\\\/set-5-wolf-tooth-forceps\\\/#breadcrumb\"},\"inLanguage\":\"es\",\"potentialAction\":[{\"@type\":\"ReadAction\",\"target\":[\"https:\\\/\\\/www.horse-dental-equipment.com\\\/product\\\/set-5-wolf-tooth-forceps\\\/\"]}]},{\"@type\":\"ImageObject\",\"inLanguage\":\"es\",\"@id\":\"https:\\\/\\\/www.horse-dental-equipment.com\\\/product\\\/set-5-wolf-tooth-forceps\\\/#primaryimage\",\"url\":\"https:\\\/\\\/www.horse-dental-equipment.com\\\/wp-content\\\/uploads\\\/2025\\\/02\\\/DAV_SET5.jpg\",\"contentUrl\":\"https:\\\/\\\/www.horse-dental-equipment.com\\\/wp-content\\\/uploads\\\/2025\\\/02\\\/DAV_SET5.jpg\",\"width\":800,\"height\":619,\"caption\":\"Set of 5 Wolf Tooth Forceps\"},{\"@type\":\"BreadcrumbList\",\"@id\":\"https:\\\/\\\/www.horse-dental-equipment.com\\\/product\\\/set-5-wolf-tooth-forceps\\\/#breadcrumb\",\"itemListElement\":[{\"@type\":\"ListItem\",\"position\":1,\"name\":\"Home\",\"item\":\"https:\\\/\\\/www.horse-dental-equipment.com\\\/\"},{\"@type\":\"ListItem\",\"position\":2,\"name\":\"Products\",\"item\":\"https:\\\/\\\/www.horse-dental-equipment.com\\\/fr\\\/produits\\\/\"},{\"@type\":\"ListItem\",\"position\":3,\"name\":\"Set of 5 Wolf Tooth Forceps\"}]},{\"@type\":\"WebSite\",\"@id\":\"https:\\\/\\\/www.horse-dental-equipment.com\\\/#website\",\"url\":\"https:\\\/\\\/www.horse-dental-equipment.com\\\/\",\"name\":\"Horse Dental Equipment\",\"description\":\"Your partner to develop your equine dentistry business\",\"potentialAction\":[{\"@type\":\"SearchAction\",\"target\":{\"@type\":\"EntryPoint\",\"urlTemplate\":\"https:\\\/\\\/www.horse-dental-equipment.com\\\/?s={search_term_string}\"},\"query-input\":{\"@type\":\"PropertyValueSpecification\",\"valueRequired\":true,\"valueName\":\"search_term_string\"}}],\"inLanguage\":\"es\"}]}<\/script>\n<!-- \/ Yoast SEO plugin. -->","yoast_head_json":{"title":"Set de 5 F\u00f3rceps para Extracci\u00f3n de Dientes de Lobo - Horse Dental Equipment","description":"Un compuesto de forceps para la extraccion de dientes de lobo incluyendo:\n - Forceps Recto Cerrado (DAV_DBF)\n - Forceps Recto Abierto (DAV_DBO)\n - Forceps Curvo 90\u00b0 Cerrado (DAV_C90BF)\n - Forceps Curvo 90\u00b0 Abierto (DAV_C90BO)\n - Forceps (DAV_CTC)\nCalidad acero inoxidable.\nPosibilidad de comprar forceps individuales.","robots":{"index":"index","follow":"follow","max-snippet":"max-snippet:-1","max-image-preview":"max-image-preview:large","max-video-preview":"max-video-preview:-1"},"canonical":"https:\/\/www.horse-dental-equipment.com\/es\/producto\/set-5-forceps-extraccion-dientes-lobo\/","og_locale":"es_ES","og_type":"article","og_title":"Set of 5 Wolf Tooth Forceps - Horse Dental Equipment","og_description":"A complete set of wolf teeth extraction forceps including: Straight Forceps Closed (DAV_DBF) \/ Straight Forceps Open (DAV_DBO)","og_url":"https:\/\/www.horse-dental-equipment.com\/es\/producto\/set-5-forceps-extraccion-dientes-lobo\/","og_site_name":"Horse Dental Equipment","article_modified_time":"2025-07-25T14:39:16+00:00","og_image":[{"width":800,"height":619,"url":"https:\/\/www.horse-dental-equipment.com\/wp-content\/uploads\/2025\/02\/DAV_SET5.jpg","type":"image\/jpeg"}],"twitter_card":"summary_large_image","twitter_misc":{"Tiempo de lectura":"1 minuto"},"schema":{"@context":"https:\/\/schema.org","@graph":[{"@type":"WebPage","@id":"https:\/\/www.horse-dental-equipment.com\/product\/set-5-wolf-tooth-forceps\/","url":"https:\/\/www.horse-dental-equipment.com\/product\/set-5-wolf-tooth-forceps\/","name":"Set de 5 F\u00f3rceps para Extracci\u00f3n de Dientes de Lobo - Horse Dental Equipment","isPartOf":{"@id":"https:\/\/www.horse-dental-equipment.com\/#website"},"primaryImageOfPage":{"@id":"https:\/\/www.horse-dental-equipment.com\/product\/set-5-wolf-tooth-forceps\/#primaryimage"},"image":{"@id":"https:\/\/www.horse-dental-equipment.com\/product\/set-5-wolf-tooth-forceps\/#primaryimage"},"thumbnailUrl":"https:\/\/www.horse-dental-equipment.com\/wp-content\/uploads\/2025\/02\/DAV_SET5.jpg","datePublished":"2025-02-18T14:54:53+00:00","dateModified":"2025-07-25T14:39:16+00:00","description":"Un compuesto de forceps para la extraccion de dientes de lobo incluyendo:\n - Forceps Recto Cerrado (DAV_DBF)\n - Forceps Recto Abierto (DAV_DBO)\n - Forceps Curvo 90\u00b0 Cerrado (DAV_C90BF)\n - Forceps Curvo 90\u00b0 Abierto (DAV_C90BO)\n - Forceps (DAV_CTC)\nCalidad acero inoxidable.\nPosibilidad de comprar forceps individuales.","breadcrumb":{"@id":"https:\/\/www.horse-dental-equipment.com\/product\/set-5-wolf-tooth-forceps\/#breadcrumb"},"inLanguage":"es","potentialAction":[{"@type":"ReadAction","target":["https:\/\/www.horse-dental-equipment.com\/product\/set-5-wolf-tooth-forceps\/"]}]},{"@type":"ImageObject","inLanguage":"es","@id":"https:\/\/www.horse-dental-equipment.com\/product\/set-5-wolf-tooth-forceps\/#primaryimage","url":"https:\/\/www.horse-dental-equipment.com\/wp-content\/uploads\/2025\/02\/DAV_SET5.jpg","contentUrl":"https:\/\/www.horse-dental-equipment.com\/wp-content\/uploads\/2025\/02\/DAV_SET5.jpg","width":800,"height":619,"caption":"Set of 5 Wolf Tooth Forceps"},{"@type":"BreadcrumbList","@id":"https:\/\/www.horse-dental-equipment.com\/product\/set-5-wolf-tooth-forceps\/#breadcrumb","itemListElement":[{"@type":"ListItem","position":1,"name":"Home","item":"https:\/\/www.horse-dental-equipment.com\/"},{"@type":"ListItem","position":2,"name":"Products","item":"https:\/\/www.horse-dental-equipment.com\/fr\/produits\/"},{"@type":"ListItem","position":3,"name":"Set of 5 Wolf Tooth Forceps"}]},{"@type":"WebSite","@id":"https:\/\/www.horse-dental-equipment.com\/#website","url":"https:\/\/www.horse-dental-equipment.com\/","name":"Horse Dental Equipment","description":"Your partner to develop your equine dentistry business","potentialAction":[{"@type":"SearchAction","target":{"@type":"EntryPoint","urlTemplate":"https:\/\/www.horse-dental-equipment.com\/?s={search_term_string}"},"query-input":{"@type":"PropertyValueSpecification","valueRequired":true,"valueName":"search_term_string"}}],"inLanguage":"es"}]}},"_links":{"self":[{"href":"https:\/\/www.horse-dental-equipment.com\/es\/wp-json\/wp\/v2\/product\/10885","targetHints":{"allow":["GET"]}}],"collection":[{"href":"https:\/\/www.horse-dental-equipment.com\/es\/wp-json\/wp\/v2\/product"}],"about":[{"href":"https:\/\/www.horse-dental-equipment.com\/es\/wp-json\/wp\/v2\/types\/product"}],"replies":[{"embeddable":true,"href":"https:\/\/www.horse-dental-equipment.com\/es\/wp-json\/wp\/v2\/comments?post=10885"}],"wp:featuredmedia":[{"embeddable":true,"href":"https:\/\/www.horse-dental-equipment.com\/es\/wp-json\/wp\/v2\/media\/10888"}],"wp:attachment":[{"href":"https:\/\/www.horse-dental-equipment.com\/es\/wp-json\/wp\/v2\/media?parent=10885"}],"wp:term":[{"taxonomy":"product_brand","embeddable":true,"href":"https:\/\/www.horse-dental-equipment.com\/es\/wp-json\/wp\/v2\/product_brand?post=10885"},{"taxonomy":"product_cat","embeddable":true,"href":"https:\/\/www.horse-dental-equipment.com\/es\/wp-json\/wp\/v2\/product_cat?post=10885"},{"taxonomy":"product_tag","embeddable":true,"href":"https:\/\/www.horse-dental-equipment.com\/es\/wp-json\/wp\/v2\/product_tag?post=10885"}],"curies":[{"name":"wp","href":"https:\/\/api.w.org\/{rel}","templated":true}]}}