{"id":10527,"date":"2024-09-18T15:44:00","date_gmt":"2024-09-18T13:44:00","guid":{"rendered":"https:\/\/www.horse-dental-equipment.com\/?post_type=product&#038;p=10527"},"modified":"2026-04-01T14:52:46","modified_gmt":"2026-04-01T12:52:46","slug":"geysir-x","status":"publish","type":"product","link":"https:\/\/www.horse-dental-equipment.com\/es\/producto\/geysir-x\/","title":{"rendered":"Geysir X"},"content":{"rendered":"<p>GEYSIR X es la versi\u00f3n ampliada de GEYSIR, el primer soporte manual para limas de endodoncia con opci\u00f3n de enjuague dise\u00f1ado para la odontolog\u00eda de grandes animales. GEYSIR X, con sus 10 cm de longitud extra, es para cualquiera que prefiera un instrumento m\u00e1s largo para un acceso a\u00fan m\u00e1s f\u00e1cil a la parte posterior de la boca.<br \/>\nEs hora de dejar el destornillador de aguja en el kit de sutura y hacerse con un instrumento especialmente dise\u00f1ado para sujetar las limas de endodoncia.<\/p>\n<p>El dise\u00f1o vigorosamente probado y protegido de GEYSIR X es ideal para:<br \/>\n\u2022 Sacar la comida maloliente de diastemas profundos<br \/>\n\u2022 Sondaje de defectos oclusales<br \/>\n\u2022 Desbridamiento de cavidades pulpares durante un tratamiento endod\u00f3ntico<br \/>\n\u2022 Sacar la vegetaci\u00f3n de un infund\u00edbulo cariado<\/p>\n<p>Conecte su GEYSIR X a la bomba de fluidos de su elecci\u00f3n a trav\u00e9s de la conexi\u00f3n Luer Lock, uno de nuestros adaptadores o el pedal de control de pie y enjuagar\u00e1 inmediatamente cualquier alimento desalojado y virutas dentales mientras lima. Fabricamos adaptadores para cualquier bomba veterinaria o no veterinaria, \u00a1o incluso para su manguera de jard\u00edn!<\/p>\n<p>Especificaciones:<br \/>\n\u2022 Se adapta a todas las limas de endodoncia manuales hasta un di\u00e1metro de mango de 4,5 mm<br \/>\n\u2022 Tornillo de rosca fina: no se necesitan herramientas<br \/>\n\u2022 Abertura de lavado precisa<br \/>\n\u2022 Conexion Luer Lock<br \/>\n\u2022 Longitud total: 43 cm<br \/>\n\u2022 100% acero inoxidable<br \/>\n\u2022 Autoclavable<br \/>\n\u2022 Hecho a mano en Alemania<\/p>\n<p>Incluye:<br \/>\n\u2022 Un GEYSIR X con tornillo<\/p>\n<p>Disponible hasta fin de stock.<\/p>\n<p>Dise\u00f1ado y fabricado por F\u00d8G - \u00d8utrageous veterinary equipment and tools<\/p>","protected":false},"excerpt":{"rendered":"<p>GEYSIR X is the extended version of GEYSIR, the first manual endodontic file holder with flushing option designed for large animal dentistry. GEYSIR X, with its 10 cm of extra length is for anyone who prefers a longer instrument for even easier access to the back of the mouth. It&#8217;s time to leave your needle [&hellip;]<\/p>\n","protected":false},"featured_media":10522,"comment_status":"closed","ping_status":"closed","template":"","meta":{"_acf_changed":false},"product_brand":[],"product_cat":[15,463],"product_tag":[],"class_list":{"0":"post-10527","1":"product","2":"type-product","3":"status-publish","4":"has-post-thumbnail","6":"product_cat-pegasos","7":"product_cat-destocking","9":"first","10":"instock","11":"shipping-taxable","12":"product-type-simple"},"acf":[],"yoast_head":"<!-- This site is optimized with the Yoast SEO plugin v27.3 - https:\/\/yoast.com\/product\/yoast-seo-wordpress\/ -->\n<title>Geysir X - Horse Dental Equipment<\/title>\n<meta name=\"description\" content=\"GEYSIR X is the extended version of GEYSIR, the first manual endodontic file holder with flushing option designed for large animal dentistry.\" \/>\n<meta name=\"robots\" content=\"index, follow, max-snippet:-1, max-image-preview:large, max-video-preview:-1\" \/>\n<link rel=\"canonical\" href=\"https:\/\/www.horse-dental-equipment.com\/es\/producto\/geysir-x\/\" \/>\n<meta property=\"og:locale\" content=\"es_ES\" \/>\n<meta property=\"og:type\" content=\"article\" \/>\n<meta property=\"og:title\" content=\"Geysir X - Horse Dental Equipment\" \/>\n<meta property=\"og:description\" content=\"GEYSIR X is the extended version of GEYSIR, the first manual endodontic file holder with flushing option designed for large animal dentistry.\" \/>\n<meta property=\"og:url\" content=\"https:\/\/www.horse-dental-equipment.com\/es\/producto\/geysir-x\/\" \/>\n<meta property=\"og:site_name\" content=\"Horse Dental Equipment\" \/>\n<meta property=\"article:modified_time\" content=\"2026-04-01T12:52:46+00:00\" \/>\n<meta property=\"og:image\" content=\"https:\/\/www.horse-dental-equipment.com\/wp-content\/uploads\/2024\/09\/PEGA_G.jpg\" \/>\n\t<meta property=\"og:image:width\" content=\"800\" \/>\n\t<meta property=\"og:image:height\" content=\"619\" \/>\n\t<meta property=\"og:image:type\" content=\"image\/jpeg\" \/>\n<meta name=\"twitter:card\" content=\"summary_large_image\" \/>\n<meta name=\"twitter:label1\" content=\"Tiempo de lectura\" \/>\n\t<meta name=\"twitter:data1\" content=\"2 minutos\" \/>\n<script type=\"application\/ld+json\" class=\"yoast-schema-graph\">{\"@context\":\"https:\\\/\\\/schema.org\",\"@graph\":[{\"@type\":\"WebPage\",\"@id\":\"https:\\\/\\\/www.horse-dental-equipment.com\\\/product\\\/geysir-x\\\/\",\"url\":\"https:\\\/\\\/www.horse-dental-equipment.com\\\/product\\\/geysir-x\\\/\",\"name\":\"Geysir X - Horse Dental Equipment\",\"isPartOf\":{\"@id\":\"https:\\\/\\\/www.horse-dental-equipment.com\\\/#website\"},\"primaryImageOfPage\":{\"@id\":\"https:\\\/\\\/www.horse-dental-equipment.com\\\/product\\\/geysir-x\\\/#primaryimage\"},\"image\":{\"@id\":\"https:\\\/\\\/www.horse-dental-equipment.com\\\/product\\\/geysir-x\\\/#primaryimage\"},\"thumbnailUrl\":\"https:\\\/\\\/www.horse-dental-equipment.com\\\/wp-content\\\/uploads\\\/2024\\\/09\\\/PEGA_G.jpg\",\"datePublished\":\"2024-09-18T13:44:00+00:00\",\"dateModified\":\"2026-04-01T12:52:46+00:00\",\"description\":\"GEYSIR X is the extended version of GEYSIR, the first manual endodontic file holder with flushing option designed for large animal dentistry.\",\"breadcrumb\":{\"@id\":\"https:\\\/\\\/www.horse-dental-equipment.com\\\/product\\\/geysir-x\\\/#breadcrumb\"},\"inLanguage\":\"es\",\"potentialAction\":[{\"@type\":\"ReadAction\",\"target\":[\"https:\\\/\\\/www.horse-dental-equipment.com\\\/product\\\/geysir-x\\\/\"]}]},{\"@type\":\"ImageObject\",\"inLanguage\":\"es\",\"@id\":\"https:\\\/\\\/www.horse-dental-equipment.com\\\/product\\\/geysir-x\\\/#primaryimage\",\"url\":\"https:\\\/\\\/www.horse-dental-equipment.com\\\/wp-content\\\/uploads\\\/2024\\\/09\\\/PEGA_G.jpg\",\"contentUrl\":\"https:\\\/\\\/www.horse-dental-equipment.com\\\/wp-content\\\/uploads\\\/2024\\\/09\\\/PEGA_G.jpg\",\"width\":800,\"height\":619,\"caption\":\"Geysir\"},{\"@type\":\"BreadcrumbList\",\"@id\":\"https:\\\/\\\/www.horse-dental-equipment.com\\\/product\\\/geysir-x\\\/#breadcrumb\",\"itemListElement\":[{\"@type\":\"ListItem\",\"position\":1,\"name\":\"Home\",\"item\":\"https:\\\/\\\/www.horse-dental-equipment.com\\\/\"},{\"@type\":\"ListItem\",\"position\":2,\"name\":\"Products\",\"item\":\"https:\\\/\\\/www.horse-dental-equipment.com\\\/fr\\\/produits\\\/\"},{\"@type\":\"ListItem\",\"position\":3,\"name\":\"Geysir X\"}]},{\"@type\":\"WebSite\",\"@id\":\"https:\\\/\\\/www.horse-dental-equipment.com\\\/#website\",\"url\":\"https:\\\/\\\/www.horse-dental-equipment.com\\\/\",\"name\":\"Horse Dental Equipment\",\"description\":\"Your partner to develop your equine dentistry business\",\"potentialAction\":[{\"@type\":\"SearchAction\",\"target\":{\"@type\":\"EntryPoint\",\"urlTemplate\":\"https:\\\/\\\/www.horse-dental-equipment.com\\\/?s={search_term_string}\"},\"query-input\":{\"@type\":\"PropertyValueSpecification\",\"valueRequired\":true,\"valueName\":\"search_term_string\"}}],\"inLanguage\":\"es\"}]}<\/script>\n<!-- \/ Yoast SEO plugin. -->","yoast_head_json":{"title":"Geysir X - Horse Dental Equipment","description":"GEYSIR es el primer soporte manual para limas de endodoncia con opci\u00f3n de enjuague dise\u00f1ado para la odontolog\u00eda de grandes animales.","robots":{"index":"index","follow":"follow","max-snippet":"max-snippet:-1","max-image-preview":"max-image-preview:large","max-video-preview":"max-video-preview:-1"},"canonical":"https:\/\/www.horse-dental-equipment.com\/es\/producto\/geysir-x\/","og_locale":"es_ES","og_type":"article","og_title":"Geysir X - Horse Dental Equipment","og_description":"GEYSIR X is the extended version of GEYSIR, the first manual endodontic file holder with flushing option designed for large animal dentistry.","og_url":"https:\/\/www.horse-dental-equipment.com\/es\/producto\/geysir-x\/","og_site_name":"Horse Dental Equipment","article_modified_time":"2026-04-01T12:52:46+00:00","og_image":[{"width":800,"height":619,"url":"https:\/\/www.horse-dental-equipment.com\/wp-content\/uploads\/2024\/09\/PEGA_G.jpg","type":"image\/jpeg"}],"twitter_card":"summary_large_image","twitter_misc":{"Tiempo de lectura":"2 minutos"},"schema":{"@context":"https:\/\/schema.org","@graph":[{"@type":"WebPage","@id":"https:\/\/www.horse-dental-equipment.com\/product\/geysir-x\/","url":"https:\/\/www.horse-dental-equipment.com\/product\/geysir-x\/","name":"Geysir X - Horse Dental Equipment","isPartOf":{"@id":"https:\/\/www.horse-dental-equipment.com\/#website"},"primaryImageOfPage":{"@id":"https:\/\/www.horse-dental-equipment.com\/product\/geysir-x\/#primaryimage"},"image":{"@id":"https:\/\/www.horse-dental-equipment.com\/product\/geysir-x\/#primaryimage"},"thumbnailUrl":"https:\/\/www.horse-dental-equipment.com\/wp-content\/uploads\/2024\/09\/PEGA_G.jpg","datePublished":"2024-09-18T13:44:00+00:00","dateModified":"2026-04-01T12:52:46+00:00","description":"GEYSIR es el primer soporte manual para limas de endodoncia con opci\u00f3n de enjuague dise\u00f1ado para la odontolog\u00eda de grandes animales.","breadcrumb":{"@id":"https:\/\/www.horse-dental-equipment.com\/product\/geysir-x\/#breadcrumb"},"inLanguage":"es","potentialAction":[{"@type":"ReadAction","target":["https:\/\/www.horse-dental-equipment.com\/product\/geysir-x\/"]}]},{"@type":"ImageObject","inLanguage":"es","@id":"https:\/\/www.horse-dental-equipment.com\/product\/geysir-x\/#primaryimage","url":"https:\/\/www.horse-dental-equipment.com\/wp-content\/uploads\/2024\/09\/PEGA_G.jpg","contentUrl":"https:\/\/www.horse-dental-equipment.com\/wp-content\/uploads\/2024\/09\/PEGA_G.jpg","width":800,"height":619,"caption":"Geysir"},{"@type":"BreadcrumbList","@id":"https:\/\/www.horse-dental-equipment.com\/product\/geysir-x\/#breadcrumb","itemListElement":[{"@type":"ListItem","position":1,"name":"Home","item":"https:\/\/www.horse-dental-equipment.com\/"},{"@type":"ListItem","position":2,"name":"Products","item":"https:\/\/www.horse-dental-equipment.com\/fr\/produits\/"},{"@type":"ListItem","position":3,"name":"Geysir X"}]},{"@type":"WebSite","@id":"https:\/\/www.horse-dental-equipment.com\/#website","url":"https:\/\/www.horse-dental-equipment.com\/","name":"Horse Dental Equipment","description":"Your partner to develop your equine dentistry business","potentialAction":[{"@type":"SearchAction","target":{"@type":"EntryPoint","urlTemplate":"https:\/\/www.horse-dental-equipment.com\/?s={search_term_string}"},"query-input":{"@type":"PropertyValueSpecification","valueRequired":true,"valueName":"search_term_string"}}],"inLanguage":"es"}]}},"_links":{"self":[{"href":"https:\/\/www.horse-dental-equipment.com\/es\/wp-json\/wp\/v2\/product\/10527","targetHints":{"allow":["GET"]}}],"collection":[{"href":"https:\/\/www.horse-dental-equipment.com\/es\/wp-json\/wp\/v2\/product"}],"about":[{"href":"https:\/\/www.horse-dental-equipment.com\/es\/wp-json\/wp\/v2\/types\/product"}],"replies":[{"embeddable":true,"href":"https:\/\/www.horse-dental-equipment.com\/es\/wp-json\/wp\/v2\/comments?post=10527"}],"wp:featuredmedia":[{"embeddable":true,"href":"https:\/\/www.horse-dental-equipment.com\/es\/wp-json\/wp\/v2\/media\/10522"}],"wp:attachment":[{"href":"https:\/\/www.horse-dental-equipment.com\/es\/wp-json\/wp\/v2\/media?parent=10527"}],"wp:term":[{"taxonomy":"product_brand","embeddable":true,"href":"https:\/\/www.horse-dental-equipment.com\/es\/wp-json\/wp\/v2\/product_brand?post=10527"},{"taxonomy":"product_cat","embeddable":true,"href":"https:\/\/www.horse-dental-equipment.com\/es\/wp-json\/wp\/v2\/product_cat?post=10527"},{"taxonomy":"product_tag","embeddable":true,"href":"https:\/\/www.horse-dental-equipment.com\/es\/wp-json\/wp\/v2\/product_tag?post=10527"}],"curies":[{"name":"wp","href":"https:\/\/api.w.org\/{rel}","templated":true}]}}