{"id":10131,"date":"2024-04-09T14:23:54","date_gmt":"2024-04-09T12:23:54","guid":{"rendered":"http:\/\/www.horse-dental-equipment.com\/?post_type=product&#038;p=10131"},"modified":"2026-04-01T14:58:07","modified_gmt":"2026-04-01T12:58:07","slug":"flexxidisc-compact-curva-twist-mango-polimero-watercooling","status":"publish","type":"product","link":"https:\/\/www.horse-dental-equipment.com\/es\/producto\/flexxidisc-compact-curva-twist-mango-polimero-watercooling\/","title":{"rendered":"Flexxidisc COMPACT Curva Twist (mango de pol\u00edmero) - Watercooling"},"content":{"rendered":"<p>La opci\u00f3n Flexxidisc Watercooling est\u00e1 concebida para reducir el calentamiento cuando se trabaja en crecimientos excesivos, as\u00ed como para minimizar el polvo de dentina.<br \/>\nEl cabezal giratorio de 360\u200b\u200b\u00b0 permite un acceso \u00f3ptimo (sistema de giro disponible en los modelos Flexxidisc y Polyfloat Compact curva).<\/p>\n<p>Caracter\u00edsticas de las fresas Compact:<\/p>\n<ul>\n<li>M\u00e1s ligereza para un mejor manejo y ergonom\u00eda<\/li>\n<li>Cabeza m\u00e1s delgada para un acceso m\u00e1s f\u00e1cil en la parte posterior de la boca<\/li>\n<li>Cuerpo m\u00e1s delgado para una mejor visibilidad<\/li>\n<\/ul>\n<p>Elija entre 2 mangos Compact f\u00e1ciles de limpiar:<\/p>\n<ul>\n<li>Flexxidisc COMPACT curva twist - Watercooling - Mango de acero inoxidable (FRA_FCDCIR): 700 g<\/li>\n<li>Flexxidisc COMPACT curva twist - Watercooling - Mango de pol\u00edmero (FRA_PFCDCIR): 580 g<\/li>\n<\/ul>\n<p><iframe title=\"vimeo-player\" src=\"https:\/\/player.vimeo.com\/video\/942287876?h=af56a06603\" width=\"640\" height=\"360\" frameborder=\"0\" allowfullscreen=\"allowfullscreen\"><\/iframe><\/p>\n<p>How to use HDE Compact Watercooling handpieces? &#8211; Dr Carolyn Perkins &#8211; HDE Vet Ambassador<\/p>","protected":false},"excerpt":{"rendered":"<p>Flexxidisc Watercooling option is conceived to reduce heating when working on overgrowths as well as minimizing dentine dust. The 360\u00b0 rotating head allows optimal access (twist system available on curved Compact Flexxidisc &amp; Polyfloat models). Compact handpieces characteristics: More lightness for better handling and ergonomics Thinner head for easier access in the back of the [&hellip;]<\/p>\n","protected":false},"featured_media":10233,"comment_status":"closed","ping_status":"closed","template":"","meta":{"_acf_changed":false},"product_brand":[],"product_cat":[81,85,86],"product_tag":[],"class_list":{"0":"post-10131","1":"product","2":"type-product","3":"status-publish","4":"has-post-thumbnail","6":"product_cat-individual-motorized-instruments","7":"product_cat-flexxidisc","8":"product_cat-watercooling","10":"first","11":"instock","12":"shipping-taxable","13":"purchasable","14":"product-type-simple"},"acf":[],"yoast_head":"<!-- This site is optimized with the Yoast SEO plugin v27.3 - https:\/\/yoast.com\/product\/yoast-seo-wordpress\/ -->\n<title>COMPACT Flexxidisc Curved Twist (polymer handle) - Watercooling - Horse Dental Equipment<\/title>\n<meta name=\"description\" content=\"Flexxidisc Watercooling option is conceived to reduce heating when working on overgrowths as well as minimizing dentine dust.\" \/>\n<meta name=\"robots\" content=\"index, follow, max-snippet:-1, max-image-preview:large, max-video-preview:-1\" \/>\n<link rel=\"canonical\" href=\"https:\/\/www.horse-dental-equipment.com\/es\/producto\/flexxidisc-compact-curva-twist-mango-polimero-watercooling\/\" \/>\n<meta property=\"og:locale\" content=\"es_ES\" \/>\n<meta property=\"og:type\" content=\"article\" \/>\n<meta property=\"og:title\" content=\"COMPACT Flexxidisc Curved Twist (polymer handle) - Watercooling - Horse Dental Equipment\" \/>\n<meta property=\"og:description\" content=\"Flexxidisc Watercooling option is conceived to reduce heating when working on overgrowths as well as minimizing dentine dust.\" \/>\n<meta property=\"og:url\" content=\"https:\/\/www.horse-dental-equipment.com\/es\/producto\/flexxidisc-compact-curva-twist-mango-polimero-watercooling\/\" \/>\n<meta property=\"og:site_name\" content=\"Horse Dental Equipment\" \/>\n<meta property=\"article:modified_time\" content=\"2026-04-01T12:58:07+00:00\" \/>\n<meta property=\"og:image\" content=\"https:\/\/www.horse-dental-equipment.com\/wp-content\/uploads\/2024\/04\/Flexxidisc-Watercooling-Close-Up-Water.jpg\" \/>\n\t<meta property=\"og:image:width\" content=\"800\" \/>\n\t<meta property=\"og:image:height\" content=\"619\" \/>\n\t<meta property=\"og:image:type\" content=\"image\/jpeg\" \/>\n<meta name=\"twitter:card\" content=\"summary_large_image\" \/>\n<meta name=\"twitter:label1\" content=\"Tiempo de lectura\" \/>\n\t<meta name=\"twitter:data1\" content=\"1 minuto\" \/>\n<script type=\"application\/ld+json\" class=\"yoast-schema-graph\">{\"@context\":\"https:\\\/\\\/schema.org\",\"@graph\":[{\"@type\":\"WebPage\",\"@id\":\"https:\\\/\\\/www.horse-dental-equipment.com\\\/product\\\/compact-flexxidisc-curved-twist-polymer-handle-watercooling\\\/\",\"url\":\"https:\\\/\\\/www.horse-dental-equipment.com\\\/product\\\/compact-flexxidisc-curved-twist-polymer-handle-watercooling\\\/\",\"name\":\"COMPACT Flexxidisc Curved Twist (polymer handle) - Watercooling - Horse Dental Equipment\",\"isPartOf\":{\"@id\":\"https:\\\/\\\/www.horse-dental-equipment.com\\\/#website\"},\"primaryImageOfPage\":{\"@id\":\"https:\\\/\\\/www.horse-dental-equipment.com\\\/product\\\/compact-flexxidisc-curved-twist-polymer-handle-watercooling\\\/#primaryimage\"},\"image\":{\"@id\":\"https:\\\/\\\/www.horse-dental-equipment.com\\\/product\\\/compact-flexxidisc-curved-twist-polymer-handle-watercooling\\\/#primaryimage\"},\"thumbnailUrl\":\"https:\\\/\\\/www.horse-dental-equipment.com\\\/wp-content\\\/uploads\\\/2024\\\/04\\\/Flexxidisc-Watercooling-Close-Up-Water.jpg\",\"datePublished\":\"2024-04-09T12:23:54+00:00\",\"dateModified\":\"2026-04-01T12:58:07+00:00\",\"description\":\"Flexxidisc Watercooling option is conceived to reduce heating when working on overgrowths as well as minimizing dentine dust.\",\"breadcrumb\":{\"@id\":\"https:\\\/\\\/www.horse-dental-equipment.com\\\/product\\\/compact-flexxidisc-curved-twist-polymer-handle-watercooling\\\/#breadcrumb\"},\"inLanguage\":\"es\",\"potentialAction\":[{\"@type\":\"ReadAction\",\"target\":[\"https:\\\/\\\/www.horse-dental-equipment.com\\\/product\\\/compact-flexxidisc-curved-twist-polymer-handle-watercooling\\\/\"]}]},{\"@type\":\"ImageObject\",\"inLanguage\":\"es\",\"@id\":\"https:\\\/\\\/www.horse-dental-equipment.com\\\/product\\\/compact-flexxidisc-curved-twist-polymer-handle-watercooling\\\/#primaryimage\",\"url\":\"https:\\\/\\\/www.horse-dental-equipment.com\\\/wp-content\\\/uploads\\\/2024\\\/04\\\/Flexxidisc-Watercooling-Close-Up-Water.jpg\",\"contentUrl\":\"https:\\\/\\\/www.horse-dental-equipment.com\\\/wp-content\\\/uploads\\\/2024\\\/04\\\/Flexxidisc-Watercooling-Close-Up-Water.jpg\",\"width\":800,\"height\":619,\"caption\":\"Compact Flexxidisc Watercooling Water Close-Up\"},{\"@type\":\"BreadcrumbList\",\"@id\":\"https:\\\/\\\/www.horse-dental-equipment.com\\\/product\\\/compact-flexxidisc-curved-twist-polymer-handle-watercooling\\\/#breadcrumb\",\"itemListElement\":[{\"@type\":\"ListItem\",\"position\":1,\"name\":\"Home\",\"item\":\"https:\\\/\\\/www.horse-dental-equipment.com\\\/\"},{\"@type\":\"ListItem\",\"position\":2,\"name\":\"Products\",\"item\":\"https:\\\/\\\/www.horse-dental-equipment.com\\\/fr\\\/produits\\\/\"},{\"@type\":\"ListItem\",\"position\":3,\"name\":\"COMPACT Flexxidisc Curved Twist (polymer handle) &#8211; Watercooling\"}]},{\"@type\":\"WebSite\",\"@id\":\"https:\\\/\\\/www.horse-dental-equipment.com\\\/#website\",\"url\":\"https:\\\/\\\/www.horse-dental-equipment.com\\\/\",\"name\":\"Horse Dental Equipment\",\"description\":\"Your partner to develop your equine dentistry business\",\"potentialAction\":[{\"@type\":\"SearchAction\",\"target\":{\"@type\":\"EntryPoint\",\"urlTemplate\":\"https:\\\/\\\/www.horse-dental-equipment.com\\\/?s={search_term_string}\"},\"query-input\":{\"@type\":\"PropertyValueSpecification\",\"valueRequired\":true,\"valueName\":\"search_term_string\"}}],\"inLanguage\":\"es\"}]}<\/script>\n<!-- \/ Yoast SEO plugin. -->","yoast_head_json":{"title":"Flexxidisc COMPACT Curva Twist (mango de pol\u00edmero) - Watercooling - Horse Dental Equipment","description":"La opci\u00f3n Flexxidisc Watercooling est\u00e1 concebida para reducir el calentamiento cuando se trabaja en crecimientos excesivos, as\u00ed como para minimizar el polvo de dentina.","robots":{"index":"index","follow":"follow","max-snippet":"max-snippet:-1","max-image-preview":"max-image-preview:large","max-video-preview":"max-video-preview:-1"},"canonical":"https:\/\/www.horse-dental-equipment.com\/es\/producto\/flexxidisc-compact-curva-twist-mango-polimero-watercooling\/","og_locale":"es_ES","og_type":"article","og_title":"COMPACT Flexxidisc Curved Twist (polymer handle) - Watercooling - Horse Dental Equipment","og_description":"Flexxidisc Watercooling option is conceived to reduce heating when working on overgrowths as well as minimizing dentine dust.","og_url":"https:\/\/www.horse-dental-equipment.com\/es\/producto\/flexxidisc-compact-curva-twist-mango-polimero-watercooling\/","og_site_name":"Horse Dental Equipment","article_modified_time":"2026-04-01T12:58:07+00:00","og_image":[{"width":800,"height":619,"url":"https:\/\/www.horse-dental-equipment.com\/wp-content\/uploads\/2024\/04\/Flexxidisc-Watercooling-Close-Up-Water.jpg","type":"image\/jpeg"}],"twitter_card":"summary_large_image","twitter_misc":{"Tiempo de lectura":"1 minuto"},"schema":{"@context":"https:\/\/schema.org","@graph":[{"@type":"WebPage","@id":"https:\/\/www.horse-dental-equipment.com\/product\/compact-flexxidisc-curved-twist-polymer-handle-watercooling\/","url":"https:\/\/www.horse-dental-equipment.com\/product\/compact-flexxidisc-curved-twist-polymer-handle-watercooling\/","name":"Flexxidisc COMPACT Curva Twist (mango de pol\u00edmero) - Watercooling - Horse Dental Equipment","isPartOf":{"@id":"https:\/\/www.horse-dental-equipment.com\/#website"},"primaryImageOfPage":{"@id":"https:\/\/www.horse-dental-equipment.com\/product\/compact-flexxidisc-curved-twist-polymer-handle-watercooling\/#primaryimage"},"image":{"@id":"https:\/\/www.horse-dental-equipment.com\/product\/compact-flexxidisc-curved-twist-polymer-handle-watercooling\/#primaryimage"},"thumbnailUrl":"https:\/\/www.horse-dental-equipment.com\/wp-content\/uploads\/2024\/04\/Flexxidisc-Watercooling-Close-Up-Water.jpg","datePublished":"2024-04-09T12:23:54+00:00","dateModified":"2026-04-01T12:58:07+00:00","description":"La opci\u00f3n Flexxidisc Watercooling est\u00e1 concebida para reducir el calentamiento cuando se trabaja en crecimientos excesivos, as\u00ed como para minimizar el polvo de dentina.","breadcrumb":{"@id":"https:\/\/www.horse-dental-equipment.com\/product\/compact-flexxidisc-curved-twist-polymer-handle-watercooling\/#breadcrumb"},"inLanguage":"es","potentialAction":[{"@type":"ReadAction","target":["https:\/\/www.horse-dental-equipment.com\/product\/compact-flexxidisc-curved-twist-polymer-handle-watercooling\/"]}]},{"@type":"ImageObject","inLanguage":"es","@id":"https:\/\/www.horse-dental-equipment.com\/product\/compact-flexxidisc-curved-twist-polymer-handle-watercooling\/#primaryimage","url":"https:\/\/www.horse-dental-equipment.com\/wp-content\/uploads\/2024\/04\/Flexxidisc-Watercooling-Close-Up-Water.jpg","contentUrl":"https:\/\/www.horse-dental-equipment.com\/wp-content\/uploads\/2024\/04\/Flexxidisc-Watercooling-Close-Up-Water.jpg","width":800,"height":619,"caption":"Compact Flexxidisc Watercooling Water Close-Up"},{"@type":"BreadcrumbList","@id":"https:\/\/www.horse-dental-equipment.com\/product\/compact-flexxidisc-curved-twist-polymer-handle-watercooling\/#breadcrumb","itemListElement":[{"@type":"ListItem","position":1,"name":"Home","item":"https:\/\/www.horse-dental-equipment.com\/"},{"@type":"ListItem","position":2,"name":"Products","item":"https:\/\/www.horse-dental-equipment.com\/fr\/produits\/"},{"@type":"ListItem","position":3,"name":"COMPACT Flexxidisc Curved Twist (polymer handle) &#8211; Watercooling"}]},{"@type":"WebSite","@id":"https:\/\/www.horse-dental-equipment.com\/#website","url":"https:\/\/www.horse-dental-equipment.com\/","name":"Horse Dental Equipment","description":"Your partner to develop your equine dentistry business","potentialAction":[{"@type":"SearchAction","target":{"@type":"EntryPoint","urlTemplate":"https:\/\/www.horse-dental-equipment.com\/?s={search_term_string}"},"query-input":{"@type":"PropertyValueSpecification","valueRequired":true,"valueName":"search_term_string"}}],"inLanguage":"es"}]}},"_links":{"self":[{"href":"https:\/\/www.horse-dental-equipment.com\/es\/wp-json\/wp\/v2\/product\/10131","targetHints":{"allow":["GET"]}}],"collection":[{"href":"https:\/\/www.horse-dental-equipment.com\/es\/wp-json\/wp\/v2\/product"}],"about":[{"href":"https:\/\/www.horse-dental-equipment.com\/es\/wp-json\/wp\/v2\/types\/product"}],"replies":[{"embeddable":true,"href":"https:\/\/www.horse-dental-equipment.com\/es\/wp-json\/wp\/v2\/comments?post=10131"}],"wp:featuredmedia":[{"embeddable":true,"href":"https:\/\/www.horse-dental-equipment.com\/es\/wp-json\/wp\/v2\/media\/10233"}],"wp:attachment":[{"href":"https:\/\/www.horse-dental-equipment.com\/es\/wp-json\/wp\/v2\/media?parent=10131"}],"wp:term":[{"taxonomy":"product_brand","embeddable":true,"href":"https:\/\/www.horse-dental-equipment.com\/es\/wp-json\/wp\/v2\/product_brand?post=10131"},{"taxonomy":"product_cat","embeddable":true,"href":"https:\/\/www.horse-dental-equipment.com\/es\/wp-json\/wp\/v2\/product_cat?post=10131"},{"taxonomy":"product_tag","embeddable":true,"href":"https:\/\/www.horse-dental-equipment.com\/es\/wp-json\/wp\/v2\/product_tag?post=10131"}],"curies":[{"name":"wp","href":"https:\/\/api.w.org\/{rel}","templated":true}]}}